{"id":264899,"date":"2024-02-09T12:52:20","date_gmt":"2024-02-09T11:52:20","guid":{"rendered":"https:\/\/mnxsportswear.com\/product\/design-mnx-football-jersey\/"},"modified":"2026-03-05T08:14:33","modified_gmt":"2026-03-05T07:14:33","slug":"design-mnx-football-jersey","status":"publish","type":"product","link":"https:\/\/mnxsportswear.com\/es\/product\/design-mnx-football-jersey\/","title":{"rendered":"Camiseta de f\u00fatbol personalizada"},"content":{"rendered":"<p><strong>\u00a1Dise\u00f1a tu propia camiseta de f\u00fatbol!<\/strong> Jersey est\u00e1 hecho de tejido de micromalla transpirable.<\/p>\n<p><strong>Material:<\/strong> 100% poli\u00e9ster<br \/>\n<strong>Color:<\/strong> como se muestra<br \/>\n<strong>Estilo:<\/strong> de gran tama\u00f1o<br \/>\n<strong>Tallas:<\/strong> XS, S, M, L, XL, XXL, 3XL, 4XL, 5XL<\/p>\n<p><strong>Fuentes:<\/strong> puede elegir entre 6 fuentes.<\/p>\n<p><strong>Tama\u00f1o del n\u00famero:<\/strong> aprox. 30 x 20 cm (ancho x alto)<\/p>\n<p><strong>Ancho del nombre:<\/strong> aprox. 33 cm<\/p>\n<p><strong>Instrucciones de cuidado:<\/strong><br \/>\nLavar a 30\u00b0C, Ciclo normal, No blanquear, No secar en secadora, Planchar a baja temperatura, No lavar en seco, Cuidado al planchar con vapor.<\/p>\n<p>&nbsp;<\/p>\n<p><em>\u00a0<\/em><\/p>\n","protected":false},"excerpt":{"rendered":"<p>\u00a1Personaliza tu propia camiseta de f\u00fatbol en solo unos pocos pasos! Crea tu propia camiseta \u00fanica eligiendo el n\u00famero, el nombre, el color de impresi\u00f3n, el color de la camiseta y el estilo de fuente. Su n\u00famero estar\u00e1 impreso en el frente y su nombre en el reverso. Si elige un nombre adicional (nombre 2), lo imprimiremos en la segunda fila.<\/p>\n<p><em><strong>Nota:<\/strong> Le recomendamos que ingrese palabras cortas. Cuanto m\u00e1s largas escribas las palabras, m\u00e1s peque\u00f1os se volver\u00e1n los caracteres para ajustarse al ancho de la camiseta.<\/em><\/p>\n<p><strong>Tama\u00f1o del n\u00famero:<\/strong> aprox. 30 x 20 cm (ancho x alto)<br \/>\n<strong>Ancho del nombre:<\/strong> m\u00e1x. 33 cm<\/p>\n","protected":false},"featured_media":365834,"comment_status":"open","ping_status":"closed","template":"","meta":[],"product_brand":[],"product_cat":[2494,2525],"product_tag":[],"class_list":{"0":"post-264899","1":"product","2":"type-product","3":"status-publish","4":"has-post-thumbnail","6":"product_cat-hombres","7":"product_cat-ropa-personalizada","8":"yith_product_brand-mnx-es","10":"first","11":"instock","12":"taxable","13":"shipping-taxable","14":"purchasable","15":"product-type-variable"},"exclude_global_add_ons":true,"addons":[{"name":"N\u00daMERO (en el frente)","type":"custom_text","position":0,"required":false,"title_format":"label","default":"","description_enable":false,"description":"","placeholder_enable":false,"placeholder":"","display":"select","restrictions_type":"only_numbers","adjust_price":false,"price":"4","price_type":"quantity_based","restrictions":true,"min":"0","max":"2","options":[],"id":1707307045},{"name":"NOMBRE 1 (1\u00aa fila en la espalda)","type":"custom_text","position":1,"required":false,"title_format":"label","default":"","description_enable":false,"description":"","placeholder_enable":false,"placeholder":"","display":"select","restrictions_type":"only_letters_numbers","adjust_price":false,"price":"2","price_type":"quantity_based","restrictions":true,"min":"0","max":"14","options":[],"id":1707307046},{"name":"NOMBRE 2 (OPCIONAL) (2da fila en la espalda)","type":"custom_text","position":2,"required":false,"title_format":"label","default":"","description_enable":false,"description":"","placeholder_enable":false,"placeholder":"","display":"select","restrictions_type":"only_letters_numbers","adjust_price":true,"price":"2","price_type":"flat_fee","restrictions":true,"min":"0","max":"14","options":[],"id":1707307047}],"_links":{"self":[{"href":"https:\/\/mnxsportswear.com\/es\/wp-json\/wp\/v2\/product\/264899","targetHints":{"allow":["GET"]}}],"collection":[{"href":"https:\/\/mnxsportswear.com\/es\/wp-json\/wp\/v2\/product"}],"about":[{"href":"https:\/\/mnxsportswear.com\/es\/wp-json\/wp\/v2\/types\/product"}],"replies":[{"embeddable":true,"href":"https:\/\/mnxsportswear.com\/es\/wp-json\/wp\/v2\/comments?post=264899"}],"version-history":[{"count":0,"href":"https:\/\/mnxsportswear.com\/es\/wp-json\/wp\/v2\/product\/264899\/revisions"}],"wp:featuredmedia":[{"embeddable":true,"href":"https:\/\/mnxsportswear.com\/es\/wp-json\/wp\/v2\/media\/365834"}],"wp:attachment":[{"href":"https:\/\/mnxsportswear.com\/es\/wp-json\/wp\/v2\/media?parent=264899"}],"wp:term":[{"taxonomy":"product_brand","embeddable":true,"href":"https:\/\/mnxsportswear.com\/es\/wp-json\/wp\/v2\/product_brand?post=264899"},{"taxonomy":"product_cat","embeddable":true,"href":"https:\/\/mnxsportswear.com\/es\/wp-json\/wp\/v2\/product_cat?post=264899"},{"taxonomy":"product_tag","embeddable":true,"href":"https:\/\/mnxsportswear.com\/es\/wp-json\/wp\/v2\/product_tag?post=264899"}],"curies":[{"name":"wp","href":"https:\/\/api.w.org\/{rel}","templated":true}]}}