{"id":265420,"date":"2024-02-09T12:52:13","date_gmt":"2024-02-09T11:52:13","guid":{"rendered":"https:\/\/mnxsportswear.com\/product\/diy-motivational-cotton-football-jersey\/"},"modified":"2026-03-01T17:59:32","modified_gmt":"2026-03-01T16:59:32","slug":"mnx-camiseta-de-futbol-personalizada-con-logo","status":"publish","type":"product","link":"https:\/\/mnxsportswear.com\/es\/product\/mnx-camiseta-de-futbol-personalizada-con-logo\/","title":{"rendered":"MNX Camiseta de f\u00fatbol Personalizada con logo"},"content":{"rendered":"<p>La camiseta de f\u00fatbol est\u00e1 hecha de tela transpirable y suave.<\/p>\n<p><strong>Material:<\/strong> 100 % algod\u00f3n; mangas y hombros 100% poli\u00e9ster<br \/>\n<strong>Color:<\/strong> como se muestra<br \/>\n<strong>Estilo:<\/strong> de gran tama\u00f1o<br \/>\n<strong>Tallas:<\/strong> XS, S, M, L, XL, XXL, 3XL, 4XL, 5XL<\/p>\n<p><strong>Fuentes:<\/strong> puedes elegir entre 2 fuentes.<\/p>\n<p><strong>Ancho del nombre:<\/strong> m\u00e1x. 33cm<\/p>\n<p><em>El modelo de la foto (185 cm\/110 kg) viste talla XXL.<\/em><\/p>\n<p><strong>Instrucciones de cuidado:<\/strong><br \/>\nLavar a 30\u00b0C, Ciclo normal, No blanquear, No secar en secadora, Planchar a baja temperatura, No lavar en seco, Cuidado al planchar con vapor.<\/p>\n","protected":false},"excerpt":{"rendered":"<p>\u00a1Camiseta de f\u00fatbol de algod\u00f3n personalizada para todos los amantes del fitness! Dise\u00f1e su propia camiseta eligiendo el color de la camiseta, el color de la impresi\u00f3n, el logotipo, el nombre y el n\u00famero que se estampar\u00e1n en esta c\u00f3moda camiseta de f\u00fatbol como se muestra en la imagen. Su nombre y n\u00famero estar\u00e1n estampados en la parte posterior.<\/p>\n<p><em>Nota: Le recomendamos que escriba palabras cortas. Las palabras m\u00e1s largas que escriba, los caracteres m\u00e1s peque\u00f1os obtendr\u00e1n para adaptarse al ancho de la camiseta sin mangas.<\/em><\/p>\n","protected":false},"featured_media":365861,"comment_status":"open","ping_status":"closed","template":"","meta":[],"product_brand":[],"product_cat":[2494,2525],"product_tag":[],"class_list":{"0":"post-265420","1":"product","2":"type-product","3":"status-publish","4":"has-post-thumbnail","6":"product_cat-hombres","7":"product_cat-ropa-personalizada","8":"yith_product_brand-mnx-es","10":"first","11":"instock","12":"taxable","13":"shipping-taxable","14":"purchasable","15":"product-type-variable"},"exclude_global_add_ons":true,"addons":[{"name":"Personal customized","type":"heading","position":0,"required":false,"title_format":"label","default":"","description_enable":false,"description":"","placeholder_enable":false,"placeholder":"","display":"select","restrictions_type":"any_text","adjust_price":false,"price":"","price_type":"flat_fee","restrictions":false,"min":"0","max":"0","options":[]},{"name":"N\u00daMERO","type":"custom_text","position":1,"required":false,"title_format":"label","default":"","description_enable":false,"description":"","placeholder_enable":false,"placeholder":"","display":"select","restrictions_type":"any_text","adjust_price":false,"price":"4","price_type":"quantity_based","restrictions":true,"min":"0","max":"2","options":[]},{"name":"NOMBRE","type":"custom_text","position":2,"required":false,"title_format":"label","default":"","description_enable":false,"description":"","placeholder_enable":false,"placeholder":"","display":"select","restrictions_type":"any_text","adjust_price":false,"price":"2","price_type":"quantity_based","restrictions":true,"min":"0","max":"12","options":[]}],"_links":{"self":[{"href":"https:\/\/mnxsportswear.com\/es\/wp-json\/wp\/v2\/product\/265420","targetHints":{"allow":["GET"]}}],"collection":[{"href":"https:\/\/mnxsportswear.com\/es\/wp-json\/wp\/v2\/product"}],"about":[{"href":"https:\/\/mnxsportswear.com\/es\/wp-json\/wp\/v2\/types\/product"}],"replies":[{"embeddable":true,"href":"https:\/\/mnxsportswear.com\/es\/wp-json\/wp\/v2\/comments?post=265420"}],"version-history":[{"count":0,"href":"https:\/\/mnxsportswear.com\/es\/wp-json\/wp\/v2\/product\/265420\/revisions"}],"wp:featuredmedia":[{"embeddable":true,"href":"https:\/\/mnxsportswear.com\/es\/wp-json\/wp\/v2\/media\/365861"}],"wp:attachment":[{"href":"https:\/\/mnxsportswear.com\/es\/wp-json\/wp\/v2\/media?parent=265420"}],"wp:term":[{"taxonomy":"product_brand","embeddable":true,"href":"https:\/\/mnxsportswear.com\/es\/wp-json\/wp\/v2\/product_brand?post=265420"},{"taxonomy":"product_cat","embeddable":true,"href":"https:\/\/mnxsportswear.com\/es\/wp-json\/wp\/v2\/product_cat?post=265420"},{"taxonomy":"product_tag","embeddable":true,"href":"https:\/\/mnxsportswear.com\/es\/wp-json\/wp\/v2\/product_tag?post=265420"}],"curies":[{"name":"wp","href":"https:\/\/api.w.org\/{rel}","templated":true}]}}