{"id":265458,"date":"2024-02-09T12:52:06","date_gmt":"2024-02-09T11:52:06","guid":{"rendered":"https:\/\/mnxsportswear.com\/product\/diy-personalized-cotton-football-jersey\/"},"modified":"2026-03-01T18:08:32","modified_gmt":"2026-03-01T17:08:32","slug":"mnx-camiseta-de-futbol-de-algodon-personalizada","status":"publish","type":"product","link":"https:\/\/mnxsportswear.com\/es\/product\/mnx-camiseta-de-futbol-de-algodon-personalizada\/","title":{"rendered":"Camiseta de f\u00fatbol de algod\u00f3n personalizada"},"content":{"rendered":"<p>La camiseta de f\u00fatbol est\u00e1 hecha de tela transpirable y suave.<\/p>\n<p><strong>Material:<\/strong> 100 % algod\u00f3n; mangas y hombros 100% poli\u00e9ster<br \/>\n<strong>Color:<\/strong> como se muestra<br \/>\n<strong>Estilo:<\/strong> de gran tama\u00f1o<br \/>\n<strong>Tallas:<\/strong> XS, S, M, L, XL, XXL, 3XL, 4XL, 5XL<\/p>\n<p><strong>Fuentes:<\/strong> puede elegir entre 6 fuentes.<\/p>\n<p><strong>Tama\u00f1o del n\u00famero:<\/strong> aprox. 30 x 20 cm (ancho x alto)<\/p>\n<p><strong>Ancho del nombre:<\/strong> m\u00e1x. 33 cm<\/p>\n<p><strong>Instrucciones de cuidado:<\/strong><br \/>\nLavar a 30\u00b0C, Ciclo normal, No blanquear, No secar en secadora, Planchar a baja temperatura, No lavar en seco, Cuidado al planchar con vapor.<\/p>\n","protected":false},"excerpt":{"rendered":"<p>\u00a1Personaliza tu propia camiseta de algod\u00f3n en solo unos pocos pasos! Crea tu propia camiseta \u00fanica eligiendo el n\u00famero, el nombre, el color de impresi\u00f3n, el color de la camiseta y el estilo de fuente. Su n\u00famero estar\u00e1 impreso en el frente y su nombre en el reverso. Si elige un nombre adicional (nombre 2), lo imprimiremos en la segunda fila.<\/p>\n<p><em><strong>Nota:<\/strong> Le recomendamos que ingrese palabras cortas. Cuanto m\u00e1s largas escribas las palabras, m\u00e1s peque\u00f1os se volver\u00e1n los caracteres para ajustarse al ancho de la camiseta.<\/em><\/p>\n<p><strong>Tama\u00f1o del n\u00famero:<\/strong> aprox. 30 x 20 cm (ancho x alto)<br \/>\n<strong>Ancho del nombre:<\/strong> m\u00e1x. 33cm<\/p>\n","protected":false},"featured_media":365891,"comment_status":"open","ping_status":"closed","template":"","meta":[],"product_brand":[],"product_cat":[2494,2525],"product_tag":[],"class_list":{"0":"post-265458","1":"product","2":"type-product","3":"status-publish","4":"has-post-thumbnail","6":"product_cat-hombres","7":"product_cat-ropa-personalizada","8":"yith_product_brand-mnx-es","10":"first","11":"instock","12":"taxable","13":"shipping-taxable","14":"purchasable","15":"product-type-variable"},"exclude_global_add_ons":true,"addons":[{"name":"N\u00daMERO (en el frente)","type":"custom_text","position":0,"required":false,"title_format":"label","default":"","description_enable":false,"description":"","placeholder_enable":false,"placeholder":"","display":"select","restrictions_type":"only_numbers","adjust_price":false,"price":"4","price_type":"quantity_based","restrictions":true,"min":"0","max":"2","options":[],"id":1694696193},{"name":"NOMBRE 1 (1\u00aa fila en la espalda)","type":"custom_text","position":1,"required":false,"title_format":"label","default":"","description_enable":false,"description":"","placeholder_enable":false,"placeholder":"","display":"select","restrictions_type":"only_letters_numbers","adjust_price":false,"price":"2","price_type":"quantity_based","restrictions":true,"min":"0","max":"12","options":[],"id":1694696194},{"name":"NOMBRE 2 (OPCIONAL) (2da fila en la espalda)","type":"custom_text","position":2,"required":false,"title_format":"label","default":"","description_enable":false,"description":"","placeholder_enable":false,"placeholder":"","display":"select","restrictions_type":"only_letters_numbers","adjust_price":true,"price":"2.00","price_type":"flat_fee","restrictions":true,"min":"0","max":"12","options":[],"id":1694696195}],"_links":{"self":[{"href":"https:\/\/mnxsportswear.com\/es\/wp-json\/wp\/v2\/product\/265458","targetHints":{"allow":["GET"]}}],"collection":[{"href":"https:\/\/mnxsportswear.com\/es\/wp-json\/wp\/v2\/product"}],"about":[{"href":"https:\/\/mnxsportswear.com\/es\/wp-json\/wp\/v2\/types\/product"}],"replies":[{"embeddable":true,"href":"https:\/\/mnxsportswear.com\/es\/wp-json\/wp\/v2\/comments?post=265458"}],"version-history":[{"count":0,"href":"https:\/\/mnxsportswear.com\/es\/wp-json\/wp\/v2\/product\/265458\/revisions"}],"wp:featuredmedia":[{"embeddable":true,"href":"https:\/\/mnxsportswear.com\/es\/wp-json\/wp\/v2\/media\/365891"}],"wp:attachment":[{"href":"https:\/\/mnxsportswear.com\/es\/wp-json\/wp\/v2\/media?parent=265458"}],"wp:term":[{"taxonomy":"product_brand","embeddable":true,"href":"https:\/\/mnxsportswear.com\/es\/wp-json\/wp\/v2\/product_brand?post=265458"},{"taxonomy":"product_cat","embeddable":true,"href":"https:\/\/mnxsportswear.com\/es\/wp-json\/wp\/v2\/product_cat?post=265458"},{"taxonomy":"product_tag","embeddable":true,"href":"https:\/\/mnxsportswear.com\/es\/wp-json\/wp\/v2\/product_tag?post=265458"}],"curies":[{"name":"wp","href":"https:\/\/api.w.org\/{rel}","templated":true}]}}