{"id":265663,"date":"2024-02-09T12:52:08","date_gmt":"2024-02-09T11:52:08","guid":{"rendered":"https:\/\/mnxsportswear.com\/product\/diy-personalized-classic-t-shirt\/"},"modified":"2026-03-01T18:23:11","modified_gmt":"2026-03-01T17:23:11","slug":"mnx-camiseta-clasica-personalizada-con-logo","status":"publish","type":"product","link":"https:\/\/mnxsportswear.com\/es\/product\/mnx-camiseta-clasica-personalizada-con-logo\/","title":{"rendered":"Camiseta Cl\u00e1sica Motivacional Personalizada"},"content":{"rendered":"<p><strong>Material:<\/strong> 100% algod\u00f3n<br \/>\n<strong>Color:<\/strong> como se muestra<br \/>\n<strong>Estilo:<\/strong> camiseta cl\u00e1sica<br \/>\n<strong>Peso aproximado.<\/strong> 240 gramos<br \/>\n<strong>Tallas:<\/strong> S, M, L, XL, 2XL, 3XL, 4XL<\/p>\n<p><strong>Fuentes:<\/strong> puedes elegir entre 2 fuentes.<\/p>\n<p><strong>Ancho de nombre y n\u00famero:<\/strong> m\u00e1x. 28cm<\/p>\n<p><strong>Instrucciones de cuidado:<\/strong><br \/>\nLavar a 30\u00b0C, Ciclo normal, No usar lej\u00eda, No secar en secadora, Planchar a baja temperatura, No lavar en seco, Cuidado al planchar con vapor.<\/p>\n","protected":false},"excerpt":{"rendered":"<div class=\"woocommerce-product-details__short-description\">\n<p>\u00a1Personaliza tu propia camiseta de algod\u00f3n \u00fanica con un logo explosivo para una m\u00e1xima motivaci\u00f3n durante el entrenamiento! Crea tu propia camiseta eligiendo el logo, n\u00famero, nombre, color de estampado, color de camiseta y estilo de fuente. El logo estar\u00e1 impreso en el frente y su nombre en la parte posterior.<\/p>\n<p><em>Nota: Le recomendamos que ingrese palabras cortas. Cuanto m\u00e1s largas escribas las palabras, m\u00e1s peque\u00f1os se volver\u00e1n los caracteres para ajustarse al ancho de la camiseta.<\/em><\/p>\n<\/div>\n","protected":false},"featured_media":365846,"comment_status":"open","ping_status":"closed","template":"","meta":[],"product_brand":[],"product_cat":[2494,2525],"product_tag":[2538,2539,2540,2541],"class_list":{"0":"post-265663","1":"product","2":"type-product","3":"status-publish","4":"has-post-thumbnail","6":"product_cat-hombres","7":"product_cat-ropa-personalizada","8":"product_tag-cotton-es","9":"product_tag-diy-es","10":"product_tag-personalized-es","11":"product_tag-t-shirt-es","12":"yith_product_brand-mnx-es","14":"first","15":"instock","16":"taxable","17":"shipping-taxable","18":"purchasable","19":"product-type-variable"},"exclude_global_add_ons":true,"addons":[{"name":"N\u00daMERO","type":"custom_text","position":0,"required":false,"title_format":"label","default":"","description_enable":false,"description":"","placeholder_enable":false,"placeholder":"","display":"select","restrictions_type":"only_numbers","adjust_price":false,"price":"4","price_type":"quantity_based","restrictions":true,"min":"0","max":"2","options":[],"id":1707148441},{"name":"NOMBRE","type":"custom_text","position":1,"required":false,"title_format":"label","default":"","description_enable":false,"description":"","placeholder_enable":false,"placeholder":"","display":"select","restrictions_type":"only_letters_numbers","adjust_price":false,"price":"2","price_type":"quantity_based","restrictions":true,"min":"0","max":"14","options":[],"id":1707148442}],"_links":{"self":[{"href":"https:\/\/mnxsportswear.com\/es\/wp-json\/wp\/v2\/product\/265663","targetHints":{"allow":["GET"]}}],"collection":[{"href":"https:\/\/mnxsportswear.com\/es\/wp-json\/wp\/v2\/product"}],"about":[{"href":"https:\/\/mnxsportswear.com\/es\/wp-json\/wp\/v2\/types\/product"}],"replies":[{"embeddable":true,"href":"https:\/\/mnxsportswear.com\/es\/wp-json\/wp\/v2\/comments?post=265663"}],"version-history":[{"count":0,"href":"https:\/\/mnxsportswear.com\/es\/wp-json\/wp\/v2\/product\/265663\/revisions"}],"wp:featuredmedia":[{"embeddable":true,"href":"https:\/\/mnxsportswear.com\/es\/wp-json\/wp\/v2\/media\/365846"}],"wp:attachment":[{"href":"https:\/\/mnxsportswear.com\/es\/wp-json\/wp\/v2\/media?parent=265663"}],"wp:term":[{"taxonomy":"product_brand","embeddable":true,"href":"https:\/\/mnxsportswear.com\/es\/wp-json\/wp\/v2\/product_brand?post=265663"},{"taxonomy":"product_cat","embeddable":true,"href":"https:\/\/mnxsportswear.com\/es\/wp-json\/wp\/v2\/product_cat?post=265663"},{"taxonomy":"product_tag","embeddable":true,"href":"https:\/\/mnxsportswear.com\/es\/wp-json\/wp\/v2\/product_tag?post=265663"}],"curies":[{"name":"wp","href":"https:\/\/api.w.org\/{rel}","templated":true}]}}