{"id":265698,"date":"2024-02-09T12:52:11","date_gmt":"2024-02-09T11:52:11","guid":{"rendered":"https:\/\/mnxsportswear.com\/product\/diy-personalized-v-neck-t-shirt\/"},"modified":"2026-03-01T18:23:11","modified_gmt":"2026-03-01T17:23:11","slug":"mnx-camiseta-personalizada-con-logo","status":"publish","type":"product","link":"https:\/\/mnxsportswear.com\/es\/product\/mnx-camiseta-personalizada-con-logo\/","title":{"rendered":"Camiseta cuello pico personalizada"},"content":{"rendered":"<p>\u00a1Dise\u00f1a tu propia camiseta con cuello en V!<\/p>\n<p><strong>Material:<\/strong> 100% algod\u00f3n<br \/>\n<strong>Color:<\/strong> como se muestra<br \/>\n<strong>Estilo:<\/strong> camiseta cl\u00e1sica.<br \/>\n<strong>Peso aproximado:<\/strong> 240 gramos<br \/>\n<strong>Tallas:<\/strong> S, M, L, XL, 2XL, 3XL, 4XL<\/p>\n<p><strong>Fuentes:<\/strong> puedes elegir entre 6 fuentes.<\/p>\n<p><strong>Tama\u00f1o del n\u00famero:<\/strong> aprox. 30 x 20 cm (ancho x alto)<\/p>\n<p><strong>Ancho del nombre:<\/strong> m\u00e1x. 30 centimetros<\/p>\n<p><strong>Instrucciones de cuidado:<\/strong><br \/>\nLavar a 30\u00b0C, Ciclo normal, No blanquear, No secar en secadora, Planchar a baja temperatura, No lavar en seco, Cuidado al planchar con vapor.<\/p>\n<p>&nbsp;<\/p>\n","protected":false},"excerpt":{"rendered":"<p>\u00a1Personaliza tu propia camiseta con cuello en V en tan solo unos pasos! Crea tu propia camiseta \u00fanica eligiendo el n\u00famero, nombre, color de estampado, color de camiseta y estilo de fuente. Su n\u00famero estar\u00e1 impreso en el frente y su nombre en el reverso. Si elige un nombre adicional (nombre 2), lo imprimiremos en la segunda fila.<\/p>\n<p><em><strong>Nota:<\/strong> Le recomendamos que ingrese palabras cortas. Cuanto m\u00e1s largas escribas las palabras, m\u00e1s peque\u00f1os se volver\u00e1n los caracteres para ajustarse al ancho de la camiseta.<\/em><\/p>\n<p><strong>Tama\u00f1o del n\u00famero:<\/strong> aprox. 30 x 20 cm (ancho x alto)<br \/>\n<strong>Ancho del nombre:<\/strong> m\u00e1x. 30 centimetros<\/p>\n","protected":false},"featured_media":365866,"comment_status":"open","ping_status":"closed","template":"","meta":[],"product_brand":[],"product_cat":[2494,2525],"product_tag":[],"class_list":{"0":"post-265698","1":"product","2":"type-product","3":"status-publish","4":"has-post-thumbnail","6":"product_cat-hombres","7":"product_cat-ropa-personalizada","8":"yith_product_brand-mnx-es","10":"first","11":"instock","12":"taxable","13":"shipping-taxable","14":"purchasable","15":"product-type-variable"},"exclude_global_add_ons":true,"addons":[{"name":"N\u00daMERO (en el frente)","type":"custom_text","position":0,"required":false,"title_format":"label","default":"","description_enable":false,"description":"","placeholder_enable":false,"placeholder":"","display":"select","restrictions_type":"only_numbers","adjust_price":false,"price":"4","price_type":"quantity_based","restrictions":true,"min":"0","max":"2","options":[],"id":1694692115},{"name":"NOMBRE 1 (1\u00aa fila en la espalda)","type":"custom_text","position":1,"required":false,"title_format":"label","default":"","description_enable":false,"description":"","placeholder_enable":false,"placeholder":"","display":"select","restrictions_type":"only_letters_numbers","adjust_price":false,"price":"2","price_type":"quantity_based","restrictions":true,"min":"0","max":"12","options":[],"id":1694692116},{"name":"NOMBRE 2 (OPCIONAL) (2da fila en la espalda)","type":"custom_text","position":2,"required":false,"title_format":"label","default":"","description_enable":false,"description":"","placeholder_enable":false,"placeholder":"","display":"select","restrictions_type":"only_letters_numbers","adjust_price":true,"price":"2","price_type":"flat_fee","restrictions":true,"min":"0","max":"12","options":[],"id":1694692221}],"_links":{"self":[{"href":"https:\/\/mnxsportswear.com\/es\/wp-json\/wp\/v2\/product\/265698","targetHints":{"allow":["GET"]}}],"collection":[{"href":"https:\/\/mnxsportswear.com\/es\/wp-json\/wp\/v2\/product"}],"about":[{"href":"https:\/\/mnxsportswear.com\/es\/wp-json\/wp\/v2\/types\/product"}],"replies":[{"embeddable":true,"href":"https:\/\/mnxsportswear.com\/es\/wp-json\/wp\/v2\/comments?post=265698"}],"version-history":[{"count":0,"href":"https:\/\/mnxsportswear.com\/es\/wp-json\/wp\/v2\/product\/265698\/revisions"}],"wp:featuredmedia":[{"embeddable":true,"href":"https:\/\/mnxsportswear.com\/es\/wp-json\/wp\/v2\/media\/365866"}],"wp:attachment":[{"href":"https:\/\/mnxsportswear.com\/es\/wp-json\/wp\/v2\/media?parent=265698"}],"wp:term":[{"taxonomy":"product_brand","embeddable":true,"href":"https:\/\/mnxsportswear.com\/es\/wp-json\/wp\/v2\/product_brand?post=265698"},{"taxonomy":"product_cat","embeddable":true,"href":"https:\/\/mnxsportswear.com\/es\/wp-json\/wp\/v2\/product_cat?post=265698"},{"taxonomy":"product_tag","embeddable":true,"href":"https:\/\/mnxsportswear.com\/es\/wp-json\/wp\/v2\/product_tag?post=265698"}],"curies":[{"name":"wp","href":"https:\/\/api.w.org\/{rel}","templated":true}]}}