{"id":268293,"date":"2020-07-23T11:49:27","date_gmt":"2020-07-23T09:49:27","guid":{"rendered":"https:\/\/mnxsportswear.com\/?post_type=product&#038;p=268293"},"modified":"2026-03-01T21:30:10","modified_gmt":"2026-03-01T20:30:10","slug":"mnx-pantalones-clasicos-de-culturismo-blanco","status":"publish","type":"product","link":"https:\/\/mnxsportswear.com\/es\/product\/mnx-pantalones-clasicos-de-culturismo-blanco\/","title":{"rendered":"MNX Pantalones cl\u00e1sicos de culturismo, blanco"},"content":{"rendered":"<p>MNX Pantalones cl\u00e1sicos de culturismo.<\/p>\n<ul>\n<li>hecho de algod\u00f3n suave y ligero para una m\u00e1xima comodidad,<\/li>\n<li>logotipo grande de goma MNX,<\/li>\n<li>bordado &#8220;X&#8221; en el frente,<\/li>\n<li>bolsillos cl\u00e1sicos en ambos lados,<\/li>\n<li>cintura el\u00e1stica con cord\u00f3n ajustable.<\/li>\n<\/ul>\n<p><span class=\"\" title=\"\"><strong>Material:<\/strong> 100% algod\u00f3n<\/span><br \/>\n<span class=\"\" title=\"\"><strong>Color:<\/strong> como se muestra<\/span><br \/>\n<span class=\"\" title=\"\"><strong>Estilo: <\/strong>de gran tama\u00f1o<\/span><br \/>\n<span class=\"\" title=\"\"><strong>Tama\u00f1os:<\/strong> S, M, L, XL, XXL, 3XL<\/span><\/p>\n","protected":false},"excerpt":{"rendered":"<p>Pantalones de entrenamiento de culturismo MNX, hechos de <strong>algod\u00f3n ligero<\/strong>.\u00a0 Con una <strong>&#8220;X&#8221; bordada<\/strong> en la parte delantera y trasera y un <strong>gran logotipo de goma<\/strong> MNX. <strong>Bolsillos cl\u00e1sicos<\/strong> en ambos lados y <strong>cinturilla el\u00e1stica con cord\u00f3n ajustable<\/strong>, que termina con puntas de pl\u00e1stico MNX de nuevo dise\u00f1o. Estos pantalones ofrecen la m\u00e1xima comodidad gracias al <strong>suave tejido<\/strong>.<\/p>\n<p>&nbsp;<\/p>\n","protected":false},"featured_media":337859,"comment_status":"open","ping_status":"closed","template":"","meta":[],"product_brand":[],"product_cat":[3080,2494,2513],"product_tag":[],"class_list":{"0":"post-268293","1":"product","2":"type-product","3":"status-publish","4":"has-post-thumbnail","6":"product_cat-corte-holgado","7":"product_cat-hombres","8":"product_cat-pantalones-largos","9":"yith_product_brand-mnx-es","11":"first","12":"instock","13":"sale","14":"taxable","15":"shipping-taxable","16":"purchasable","17":"product-type-variable"},"exclude_global_add_ons":[],"addons":[],"_links":{"self":[{"href":"https:\/\/mnxsportswear.com\/es\/wp-json\/wp\/v2\/product\/268293","targetHints":{"allow":["GET"]}}],"collection":[{"href":"https:\/\/mnxsportswear.com\/es\/wp-json\/wp\/v2\/product"}],"about":[{"href":"https:\/\/mnxsportswear.com\/es\/wp-json\/wp\/v2\/types\/product"}],"replies":[{"embeddable":true,"href":"https:\/\/mnxsportswear.com\/es\/wp-json\/wp\/v2\/comments?post=268293"}],"version-history":[{"count":0,"href":"https:\/\/mnxsportswear.com\/es\/wp-json\/wp\/v2\/product\/268293\/revisions"}],"wp:featuredmedia":[{"embeddable":true,"href":"https:\/\/mnxsportswear.com\/es\/wp-json\/wp\/v2\/media\/337859"}],"wp:attachment":[{"href":"https:\/\/mnxsportswear.com\/es\/wp-json\/wp\/v2\/media?parent=268293"}],"wp:term":[{"taxonomy":"product_brand","embeddable":true,"href":"https:\/\/mnxsportswear.com\/es\/wp-json\/wp\/v2\/product_brand?post=268293"},{"taxonomy":"product_cat","embeddable":true,"href":"https:\/\/mnxsportswear.com\/es\/wp-json\/wp\/v2\/product_cat?post=268293"},{"taxonomy":"product_tag","embeddable":true,"href":"https:\/\/mnxsportswear.com\/es\/wp-json\/wp\/v2\/product_tag?post=268293"}],"curies":[{"name":"wp","href":"https:\/\/api.w.org\/{rel}","templated":true}]}}