{"id":268434,"date":"2020-07-23T11:57:14","date_gmt":"2020-07-23T09:57:14","guid":{"rendered":"https:\/\/mnxsportswear.com\/?post_type=product&#038;p=268434"},"modified":"2026-03-01T21:34:44","modified_gmt":"2026-03-01T20:34:44","slug":"mnx-pantalones-clasicos-de-culturismo-camo","status":"publish","type":"product","link":"https:\/\/mnxsportswear.com\/es\/product\/mnx-pantalones-clasicos-de-culturismo-camo\/","title":{"rendered":"MNX Pantalones cl\u00e1sicos de culturismo, camo"},"content":{"rendered":"<p>MNX Pantalones cl\u00e1sicos de culturismo.<\/p>\n<p><span class=\"\" title=\"\"><strong>Material:<\/strong> 100% algod\u00f3n<\/span><br \/>\n<span class=\"\" title=\"\"><strong>Color:<\/strong> como se muestra<\/span><br \/>\n<span class=\"\" title=\"\"><strong>Estilo: <\/strong>de gran tama\u00f1o<\/span><br \/>\n<strong><span title=\"\">Peso aproximado.<\/span> <\/strong><span class=\"\" title=\"\">250 gramos<\/span><br \/>\n<span class=\"\" title=\"\"><strong>Tama\u00f1os:<\/strong> S, M, L, XL, XXL, 3XL<br \/>\n<\/span><\/p>\n<p><em><span class=\"tlid-translation translation\" lang=\"es\"><span class=\"\" title=\"\">El modelo de la foto (180 cm, 90 kg) lleva una talla L.<\/span><\/span><\/em><\/p>\n","protected":false},"excerpt":{"rendered":"<p>Pantalones de entrenamiento de culturismo MNX, hechos de algod\u00f3n 100% ligero.\u00a0 Con una &#8220;X&#8221; bordada en la parte delantera y trasera y un gran logotipo de goma MNX. Bolsillos cl\u00e1sicos en ambos lados y cinturilla el\u00e1stica con cord\u00f3n ajustable, que termina con puntas de pl\u00e1stico MNX de nuevo dise\u00f1o. Estos pantalones ofrecen la m\u00e1xima comodidad gracias al suave tejido.<\/p>\n<p>&nbsp;<\/p>\n","protected":false},"featured_media":404012,"comment_status":"open","ping_status":"closed","template":"","meta":[],"product_brand":[],"product_cat":[3080,2494,2513],"product_tag":[],"class_list":{"0":"post-268434","1":"product","2":"type-product","3":"status-publish","4":"has-post-thumbnail","6":"product_cat-corte-holgado","7":"product_cat-hombres","8":"product_cat-pantalones-largos","9":"yith_product_brand-mnx-es","11":"first","12":"outofstock","13":"sale","14":"taxable","15":"shipping-taxable","16":"purchasable","17":"product-type-variable"},"exclude_global_add_ons":[],"addons":[],"_links":{"self":[{"href":"https:\/\/mnxsportswear.com\/es\/wp-json\/wp\/v2\/product\/268434","targetHints":{"allow":["GET"]}}],"collection":[{"href":"https:\/\/mnxsportswear.com\/es\/wp-json\/wp\/v2\/product"}],"about":[{"href":"https:\/\/mnxsportswear.com\/es\/wp-json\/wp\/v2\/types\/product"}],"replies":[{"embeddable":true,"href":"https:\/\/mnxsportswear.com\/es\/wp-json\/wp\/v2\/comments?post=268434"}],"version-history":[{"count":2,"href":"https:\/\/mnxsportswear.com\/es\/wp-json\/wp\/v2\/product\/268434\/revisions"}],"predecessor-version":[{"id":404015,"href":"https:\/\/mnxsportswear.com\/es\/wp-json\/wp\/v2\/product\/268434\/revisions\/404015"}],"wp:featuredmedia":[{"embeddable":true,"href":"https:\/\/mnxsportswear.com\/es\/wp-json\/wp\/v2\/media\/404012"}],"wp:attachment":[{"href":"https:\/\/mnxsportswear.com\/es\/wp-json\/wp\/v2\/media?parent=268434"}],"wp:term":[{"taxonomy":"product_brand","embeddable":true,"href":"https:\/\/mnxsportswear.com\/es\/wp-json\/wp\/v2\/product_brand?post=268434"},{"taxonomy":"product_cat","embeddable":true,"href":"https:\/\/mnxsportswear.com\/es\/wp-json\/wp\/v2\/product_cat?post=268434"},{"taxonomy":"product_tag","embeddable":true,"href":"https:\/\/mnxsportswear.com\/es\/wp-json\/wp\/v2\/product_tag?post=268434"}],"curies":[{"name":"wp","href":"https:\/\/api.w.org\/{rel}","templated":true}]}}