{"id":268589,"date":"2020-08-04T15:37:13","date_gmt":"2020-08-04T13:37:13","guid":{"rendered":"https:\/\/mnxsportswear.com\/?post_type=product&#038;p=268589"},"modified":"2026-03-01T19:32:46","modified_gmt":"2026-03-01T18:32:46","slug":"mnx-envolturas-de-rodilla-2m-grey","status":"publish","type":"product","link":"https:\/\/mnxsportswear.com\/es\/product\/mnx-envolturas-de-rodilla-2m-grey\/","title":{"rendered":"MNX Envolturas de rodilla 2m, grey"},"content":{"rendered":"<p>MNX Knee wraps, normal 2m.<\/p>\n<p><strong>Material:<\/strong> 100% elast\u00e1n<br \/>\n<strong>Color: <\/strong>Como se muestra<br \/>\n<strong>Longitud:<\/strong> 2 metros<\/p>\n","protected":false},"excerpt":{"rendered":"<p>Las envolturas fuertes de rodilla MNX tienen 2 metros de largo y est\u00e1n hechas de un elastano grueso y algod\u00f3n extremadamente duraderos. Las envolturas de rodilla proporcionan el m\u00e1ximo apoyo alrededor de la articulaci\u00f3n de la rodilla durante los ejercicios, como sentadillas profundas, prensas de piernas, etc. Las envolturas de rodilla son excelentes para prevenir lesiones y tambi\u00e9n fant\u00e1sticas para las personas que actualmente experimentan dolor \/ inestabilidad de rodilla y necesitan apoyo adicional durante el entrenamiento.<\/p>\n<p>&nbsp;<\/p>\n","protected":false},"featured_media":397039,"comment_status":"open","ping_status":"closed","template":"","meta":[],"product_brand":[],"product_cat":[2520,2523],"product_tag":[],"class_list":{"0":"post-268589","1":"product","2":"type-product","3":"status-publish","4":"has-post-thumbnail","6":"product_cat-accesorios-es","7":"product_cat-wrist-wraps-y-straps-es","8":"yith_product_brand-mnx-es","10":"first","11":"instock","12":"sale","13":"taxable","14":"shipping-taxable","15":"purchasable","16":"product-type-simple"},"exclude_global_add_ons":[],"addons":[],"_links":{"self":[{"href":"https:\/\/mnxsportswear.com\/es\/wp-json\/wp\/v2\/product\/268589","targetHints":{"allow":["GET"]}}],"collection":[{"href":"https:\/\/mnxsportswear.com\/es\/wp-json\/wp\/v2\/product"}],"about":[{"href":"https:\/\/mnxsportswear.com\/es\/wp-json\/wp\/v2\/types\/product"}],"replies":[{"embeddable":true,"href":"https:\/\/mnxsportswear.com\/es\/wp-json\/wp\/v2\/comments?post=268589"}],"version-history":[{"count":1,"href":"https:\/\/mnxsportswear.com\/es\/wp-json\/wp\/v2\/product\/268589\/revisions"}],"predecessor-version":[{"id":397041,"href":"https:\/\/mnxsportswear.com\/es\/wp-json\/wp\/v2\/product\/268589\/revisions\/397041"}],"wp:featuredmedia":[{"embeddable":true,"href":"https:\/\/mnxsportswear.com\/es\/wp-json\/wp\/v2\/media\/397039"}],"wp:attachment":[{"href":"https:\/\/mnxsportswear.com\/es\/wp-json\/wp\/v2\/media?parent=268589"}],"wp:term":[{"taxonomy":"product_brand","embeddable":true,"href":"https:\/\/mnxsportswear.com\/es\/wp-json\/wp\/v2\/product_brand?post=268589"},{"taxonomy":"product_cat","embeddable":true,"href":"https:\/\/mnxsportswear.com\/es\/wp-json\/wp\/v2\/product_cat?post=268589"},{"taxonomy":"product_tag","embeddable":true,"href":"https:\/\/mnxsportswear.com\/es\/wp-json\/wp\/v2\/product_tag?post=268589"}],"curies":[{"name":"wp","href":"https:\/\/api.w.org\/{rel}","templated":true}]}}