{"id":276134,"date":"2021-07-21T15:44:18","date_gmt":"2021-07-21T13:44:18","guid":{"rendered":"https:\/\/mnxsportswear.com\/?post_type=product&#038;p=276134"},"modified":"2026-03-01T18:22:29","modified_gmt":"2026-03-01T17:22:29","slug":"mnx-camiseta-sin-mangas-azul","status":"publish","type":"product","link":"https:\/\/mnxsportswear.com\/es\/product\/mnx-camiseta-sin-mangas-azul\/","title":{"rendered":"MNX Camiseta sin mangas, azul"},"content":{"rendered":"<p><span class=\"tlid-translation translation\" lang=\"es\"><span class=\"\" title=\"\"><strong>Material:<\/strong> <\/span><span class=\"VIiyi\" lang=\"es\"><span class=\"JLqJ4b ChMk0b\" data-language-for-alternatives=\"es\" data-language-to-translate-into=\"en\" data-phrase-index=\"0\">100% algod\u00f3n;<\/span> <span class=\"JLqJ4b ChMk0b\" data-language-for-alternatives=\"es\" data-language-to-translate-into=\"en\" data-phrase-index=\"1\">5% de contracci\u00f3n<\/span><\/span><br \/>\n<span class=\"\" title=\"\"><strong>Color:<\/strong> como se muestra<\/span><br \/>\n<span title=\"\"><strong>Estilo:<\/strong> equipado<\/span><br \/>\n<span class=\"\" title=\"\"><strong>Tama\u00f1os:<\/strong> S, M, L, XL, 2XL, 3XL<\/span><\/span><\/p>\n","protected":false},"excerpt":{"rendered":"<p class=\"western\" lang=\"en-US\">Libera tus brazos con esta camiseta sin mangas, hecha de algod\u00f3n 100% suave. Con un ajuste c\u00f3modo para todos los d\u00edas y la marca MNX en la parte delantera y trasera. Disponible en varios colores.<\/p>\n<p><span class=\"tlid-translation translation\" lang=\"it\"><span title=\"\">\u00a0<\/span><\/span><\/p>\n","protected":false},"featured_media":328872,"comment_status":"open","ping_status":"closed","template":"","meta":[],"product_brand":[],"product_cat":[3095,2511,2494],"product_tag":[],"class_list":{"0":"post-276134","1":"product","2":"type-product","3":"status-publish","4":"has-post-thumbnail","6":"product_cat-blusas-sin-mangas","7":"product_cat-camisetas-sin-mangas","8":"product_cat-hombres","9":"yith_product_brand-mnx-es","11":"first","12":"instock","13":"sale","14":"taxable","15":"shipping-taxable","16":"purchasable","17":"product-type-variable"},"exclude_global_add_ons":[],"addons":[],"_links":{"self":[{"href":"https:\/\/mnxsportswear.com\/es\/wp-json\/wp\/v2\/product\/276134","targetHints":{"allow":["GET"]}}],"collection":[{"href":"https:\/\/mnxsportswear.com\/es\/wp-json\/wp\/v2\/product"}],"about":[{"href":"https:\/\/mnxsportswear.com\/es\/wp-json\/wp\/v2\/types\/product"}],"replies":[{"embeddable":true,"href":"https:\/\/mnxsportswear.com\/es\/wp-json\/wp\/v2\/comments?post=276134"}],"version-history":[{"count":0,"href":"https:\/\/mnxsportswear.com\/es\/wp-json\/wp\/v2\/product\/276134\/revisions"}],"wp:featuredmedia":[{"embeddable":true,"href":"https:\/\/mnxsportswear.com\/es\/wp-json\/wp\/v2\/media\/328872"}],"wp:attachment":[{"href":"https:\/\/mnxsportswear.com\/es\/wp-json\/wp\/v2\/media?parent=276134"}],"wp:term":[{"taxonomy":"product_brand","embeddable":true,"href":"https:\/\/mnxsportswear.com\/es\/wp-json\/wp\/v2\/product_brand?post=276134"},{"taxonomy":"product_cat","embeddable":true,"href":"https:\/\/mnxsportswear.com\/es\/wp-json\/wp\/v2\/product_cat?post=276134"},{"taxonomy":"product_tag","embeddable":true,"href":"https:\/\/mnxsportswear.com\/es\/wp-json\/wp\/v2\/product_tag?post=276134"}],"curies":[{"name":"wp","href":"https:\/\/api.w.org\/{rel}","templated":true}]}}