{"id":276235,"date":"2021-07-21T15:55:58","date_gmt":"2021-07-21T13:55:58","guid":{"rendered":"https:\/\/mnxsportswear.com\/?post_type=product&#038;p=276235"},"modified":"2026-03-01T18:22:29","modified_gmt":"2026-03-01T17:22:29","slug":"mnx-fitness-pantalones-cortos-gris","status":"publish","type":"product","link":"https:\/\/mnxsportswear.com\/es\/product\/mnx-fitness-pantalones-cortos-gris\/","title":{"rendered":"MNX Fitness pantalones cortos, gris"},"content":{"rendered":"<p>MNX Fitness pantalones cortos.<\/p>\n<ul>\n<li><span class=\"HwtZe\" lang=\"es\"><span class=\"jCAhz ChMk0b\"><span class=\"ryNqvb\">l\u00edneas de corte ergon\u00f3micas,<\/span><\/span> <\/span><\/li>\n<li><span class=\"HwtZe\" lang=\"es\"><span class=\"jCAhz ChMk0b\"><span class=\"ryNqvb\">tejido de malla transpirable,<\/span><\/span> <\/span><\/li>\n<li><span class=\"HwtZe\" lang=\"es\"><span class=\"jCAhz ChMk0b\"><span class=\"ryNqvb\">bolsillos laterales con cremallera,<\/span><\/span> <\/span><\/li>\n<li><span class=\"HwtZe\" lang=\"es\"><span class=\"jCAhz ChMk0b\"><span class=\"ryNqvb\">cintura ajustable.<\/span><\/span><\/span><\/li>\n<\/ul>\n<p><strong>Material:<\/strong> 100% poli\u00e9ster (5% de contracci\u00f3n)<br \/>\n<strong>Color: <\/strong>Como se muestra<br \/>\n<strong>Tallas:<\/strong>\u00a0S, M, L, XL, XXL, 3XL<br \/>\n<strong>Estilo:<\/strong> forma cl\u00e1sica<\/p>\n","protected":false},"excerpt":{"rendered":"<p>Pantal\u00f3n corto MNX con l\u00edneas de corte <strong>ergon\u00f3micas para m\u00e1xima libertad de movimientos<\/strong>. Confeccionado en tejido de malla transpirable que te mantiene seco por m\u00e1s tiempo. Con <strong>bolsillos laterales<\/strong> con <strong>cremallera<\/strong> para un almacenamiento seguro durante el ejercicio y pretina ajustable con cord\u00f3n de ajuste en forma de t\u00fanel para un ajuste personalizado. Disponible en varios colores.<\/p>\n","protected":false},"featured_media":338672,"comment_status":"open","ping_status":"closed","template":"","meta":[],"product_brand":[],"product_cat":[2494,2505],"product_tag":[],"class_list":{"0":"post-276235","1":"product","2":"type-product","3":"status-publish","4":"has-post-thumbnail","6":"product_cat-hombres","7":"product_cat-pantalones-cortos","8":"yith_product_brand-mnx-es","10":"first","11":"instock","12":"sale","13":"taxable","14":"shipping-taxable","15":"purchasable","16":"product-type-variable"},"exclude_global_add_ons":[],"addons":[],"_links":{"self":[{"href":"https:\/\/mnxsportswear.com\/es\/wp-json\/wp\/v2\/product\/276235","targetHints":{"allow":["GET"]}}],"collection":[{"href":"https:\/\/mnxsportswear.com\/es\/wp-json\/wp\/v2\/product"}],"about":[{"href":"https:\/\/mnxsportswear.com\/es\/wp-json\/wp\/v2\/types\/product"}],"replies":[{"embeddable":true,"href":"https:\/\/mnxsportswear.com\/es\/wp-json\/wp\/v2\/comments?post=276235"}],"version-history":[{"count":0,"href":"https:\/\/mnxsportswear.com\/es\/wp-json\/wp\/v2\/product\/276235\/revisions"}],"wp:featuredmedia":[{"embeddable":true,"href":"https:\/\/mnxsportswear.com\/es\/wp-json\/wp\/v2\/media\/338672"}],"wp:attachment":[{"href":"https:\/\/mnxsportswear.com\/es\/wp-json\/wp\/v2\/media?parent=276235"}],"wp:term":[{"taxonomy":"product_brand","embeddable":true,"href":"https:\/\/mnxsportswear.com\/es\/wp-json\/wp\/v2\/product_brand?post=276235"},{"taxonomy":"product_cat","embeddable":true,"href":"https:\/\/mnxsportswear.com\/es\/wp-json\/wp\/v2\/product_cat?post=276235"},{"taxonomy":"product_tag","embeddable":true,"href":"https:\/\/mnxsportswear.com\/es\/wp-json\/wp\/v2\/product_tag?post=276235"}],"curies":[{"name":"wp","href":"https:\/\/api.w.org\/{rel}","templated":true}]}}