{"id":285678,"date":"2021-10-12T13:58:23","date_gmt":"2021-10-12T11:58:23","guid":{"rendered":"https:\/\/mnxsportswear.com\/?post_type=product&#038;p=285678"},"modified":"2026-03-01T18:22:29","modified_gmt":"2026-03-01T17:22:29","slug":"mnx-munequeras-grey-black-pesadas-y-suaves-de-18","status":"publish","type":"product","link":"https:\/\/mnxsportswear.com\/es\/product\/mnx-munequeras-grey-black-pesadas-y-suaves-de-18\/","title":{"rendered":"MNX Mu\u00f1equeras Grey &#038; Black, pesadas y suaves de 18\u201d"},"content":{"rendered":"<p>MNX WristWraps, Heavy soft 18\u2033.<\/p>\n<p><strong>Material:<\/strong> 100% elast\u00e1n<\/p>\n<p><strong>Color: <\/strong>Como se muestra<\/p>\n<p><strong>IMPORTANTE<\/strong>: <span class=\"tlid-translation translation\" lang=\"es\"><span class=\"\" title=\"\">No lave las correas en la lavadora y seque al aire solamente.<\/span><\/span><\/p>\n","protected":false},"excerpt":{"rendered":"<p>Las mu\u00f1equeras MNX para levantadores de potencia y prensas pesadas est\u00e1n fabricadas con la mezcla m\u00e1s pesada de algod\u00f3n y elastano para un soporte superior y duradero. Las mu\u00f1equeras brindan el apoyo y la estabilidad que tanto necesitan en sus elevadores m\u00e1s pesados. Tambi\u00e9n proteger\u00e1n su mu\u00f1eca contra lesiones.<\/p>\n<p>&nbsp;<\/p>\n","protected":false},"featured_media":396788,"comment_status":"open","ping_status":"closed","template":"","meta":[],"product_brand":[],"product_cat":[2520,2523],"product_tag":[],"class_list":{"0":"post-285678","1":"product","2":"type-product","3":"status-publish","4":"has-post-thumbnail","6":"product_cat-accesorios-es","7":"product_cat-wrist-wraps-y-straps-es","8":"yith_product_brand-mnx-es","10":"first","11":"instock","12":"sale","13":"taxable","14":"shipping-taxable","15":"purchasable","16":"product-type-simple"},"exclude_global_add_ons":[],"addons":[],"_links":{"self":[{"href":"https:\/\/mnxsportswear.com\/es\/wp-json\/wp\/v2\/product\/285678","targetHints":{"allow":["GET"]}}],"collection":[{"href":"https:\/\/mnxsportswear.com\/es\/wp-json\/wp\/v2\/product"}],"about":[{"href":"https:\/\/mnxsportswear.com\/es\/wp-json\/wp\/v2\/types\/product"}],"replies":[{"embeddable":true,"href":"https:\/\/mnxsportswear.com\/es\/wp-json\/wp\/v2\/comments?post=285678"}],"version-history":[{"count":1,"href":"https:\/\/mnxsportswear.com\/es\/wp-json\/wp\/v2\/product\/285678\/revisions"}],"predecessor-version":[{"id":396791,"href":"https:\/\/mnxsportswear.com\/es\/wp-json\/wp\/v2\/product\/285678\/revisions\/396791"}],"wp:featuredmedia":[{"embeddable":true,"href":"https:\/\/mnxsportswear.com\/es\/wp-json\/wp\/v2\/media\/396788"}],"wp:attachment":[{"href":"https:\/\/mnxsportswear.com\/es\/wp-json\/wp\/v2\/media?parent=285678"}],"wp:term":[{"taxonomy":"product_brand","embeddable":true,"href":"https:\/\/mnxsportswear.com\/es\/wp-json\/wp\/v2\/product_brand?post=285678"},{"taxonomy":"product_cat","embeddable":true,"href":"https:\/\/mnxsportswear.com\/es\/wp-json\/wp\/v2\/product_cat?post=285678"},{"taxonomy":"product_tag","embeddable":true,"href":"https:\/\/mnxsportswear.com\/es\/wp-json\/wp\/v2\/product_tag?post=285678"}],"curies":[{"name":"wp","href":"https:\/\/api.w.org\/{rel}","templated":true}]}}