{"id":285687,"date":"2021-10-12T14:08:42","date_gmt":"2021-10-12T12:08:42","guid":{"rendered":"https:\/\/mnxsportswear.com\/?post_type=product&#038;p=285687"},"modified":"2026-03-01T18:22:29","modified_gmt":"2026-03-01T17:22:29","slug":"mnx-calcetines-de-algodon-x-black","status":"publish","type":"product","link":"https:\/\/mnxsportswear.com\/es\/product\/mnx-calcetines-de-algodon-x-black\/","title":{"rendered":"MNX Calcetines de algod\u00f3n &#8220;X&#8221;, black"},"content":{"rendered":"<p>MNX Calcetines de algod\u00f3n<\/p>\n<p><strong>Material:<\/strong> 95% algod\u00f3n, 4% elast\u00e1n, poliamida <strong>(Acortamiento hasta 3%.)<br \/>\n<\/strong><strong>Color: <\/strong>Como se muestra<br \/>\n<strong>Tallas (tabla de tallas de la UE):<\/strong>\u00a039-42; 43-46<\/p>\n<p><strong>CUIDADO DE LAVADO:<br \/>\n<\/strong>\u2013 Lavar a m\u00e1quina en fr\u00edo<br \/>\n\u2013 No usa blanqueador.<br \/>\n\u2013 No usar secadora.<\/p>\n","protected":false},"excerpt":{"rendered":"<p>P\u00f3ngase a la moda con estos excelentes calcetines a rayas MNX, hechos de algod\u00f3n suave y c\u00f3modo. El paquete incluye <span style=\"color: #ff0000;\">1 par<\/span> de calcetines. <strong>Hecho en Eslovenia (UE).<\/strong><\/p>\n","protected":false},"featured_media":339919,"comment_status":"open","ping_status":"closed","template":"","meta":[],"product_brand":[],"product_cat":[2520,2519,2494],"product_tag":[],"class_list":{"0":"post-285687","1":"product","2":"type-product","3":"status-publish","4":"has-post-thumbnail","6":"product_cat-accesorios-es","7":"product_cat-calcetines","8":"product_cat-hombres","9":"yith_product_brand-mnx-es","11":"first","12":"outofstock","13":"sale","14":"featured","15":"taxable","16":"shipping-taxable","17":"purchasable","18":"product-type-variable"},"exclude_global_add_ons":[],"addons":[],"_links":{"self":[{"href":"https:\/\/mnxsportswear.com\/es\/wp-json\/wp\/v2\/product\/285687","targetHints":{"allow":["GET"]}}],"collection":[{"href":"https:\/\/mnxsportswear.com\/es\/wp-json\/wp\/v2\/product"}],"about":[{"href":"https:\/\/mnxsportswear.com\/es\/wp-json\/wp\/v2\/types\/product"}],"replies":[{"embeddable":true,"href":"https:\/\/mnxsportswear.com\/es\/wp-json\/wp\/v2\/comments?post=285687"}],"version-history":[{"count":0,"href":"https:\/\/mnxsportswear.com\/es\/wp-json\/wp\/v2\/product\/285687\/revisions"}],"wp:featuredmedia":[{"embeddable":true,"href":"https:\/\/mnxsportswear.com\/es\/wp-json\/wp\/v2\/media\/339919"}],"wp:attachment":[{"href":"https:\/\/mnxsportswear.com\/es\/wp-json\/wp\/v2\/media?parent=285687"}],"wp:term":[{"taxonomy":"product_brand","embeddable":true,"href":"https:\/\/mnxsportswear.com\/es\/wp-json\/wp\/v2\/product_brand?post=285687"},{"taxonomy":"product_cat","embeddable":true,"href":"https:\/\/mnxsportswear.com\/es\/wp-json\/wp\/v2\/product_cat?post=285687"},{"taxonomy":"product_tag","embeddable":true,"href":"https:\/\/mnxsportswear.com\/es\/wp-json\/wp\/v2\/product_tag?post=285687"}],"curies":[{"name":"wp","href":"https:\/\/api.w.org\/{rel}","templated":true}]}}