{"id":286420,"date":"2021-10-12T14:56:57","date_gmt":"2021-10-12T12:56:57","guid":{"rendered":"https:\/\/mnxsportswear.com\/?post_type=product&#038;p=286420"},"modified":"2026-03-01T18:22:29","modified_gmt":"2026-03-01T17:22:29","slug":"mnx-classic-gorro-black","status":"publish","type":"product","link":"https:\/\/mnxsportswear.com\/es\/product\/mnx-classic-gorro-black\/","title":{"rendered":"MNX Classic gorro, black"},"content":{"rendered":"<p>Gorro MNX Classic.<\/p>\n<p><strong>Material:<\/strong> 100% algod\u00f3n.<br \/>\n<strong>Color:<\/strong> como se muestra<br \/>\n<strong>Estilo \/ modelo:<\/strong> cl\u00e1sico<br \/>\n<strong>Tama\u00f1os:<\/strong> talla \u00fanica<\/p>\n<p><strong>CUIDADO DE LAVADO:<\/strong><br \/>\n&#8211; Lavar a m\u00e1quina en fr\u00edo.<br \/>\n&#8211; No usa blanqueador.<br \/>\n&#8211; No usar secadora.<\/p>\n","protected":false},"excerpt":{"rendered":"<p><span class=\"VIiyi\" lang=\"it\"><span class=\"JLqJ4b ChMk0b\" data-language-for-alternatives=\"it\" data-language-to-translate-into=\"en\" data-phrase-index=\"22\" data-number-of-phrases=\"23\"><span class=\"VIiyi\" lang=\"es\">Proteja su cabeza del clima fr\u00edo con este cl\u00e1sico gorro de punto sin pu\u00f1os MNX. Con MNX bordado en la parte delantera. Disponible en varios colores.<\/span><br \/>\n<\/span><\/span><\/p>\n","protected":false},"featured_media":339931,"comment_status":"open","ping_status":"closed","template":"","meta":[],"product_brand":[],"product_cat":[2520,2548,2494],"product_tag":[],"class_list":{"0":"post-286420","1":"product","2":"type-product","3":"status-publish","4":"has-post-thumbnail","6":"product_cat-accesorios-es","7":"product_cat-gorras","8":"product_cat-hombres","9":"yith_product_brand-mnx-es","11":"first","12":"outofstock","13":"sale","14":"featured","15":"taxable","16":"shipping-taxable","17":"purchasable","18":"product-type-simple"},"exclude_global_add_ons":[],"addons":[],"_links":{"self":[{"href":"https:\/\/mnxsportswear.com\/es\/wp-json\/wp\/v2\/product\/286420","targetHints":{"allow":["GET"]}}],"collection":[{"href":"https:\/\/mnxsportswear.com\/es\/wp-json\/wp\/v2\/product"}],"about":[{"href":"https:\/\/mnxsportswear.com\/es\/wp-json\/wp\/v2\/types\/product"}],"replies":[{"embeddable":true,"href":"https:\/\/mnxsportswear.com\/es\/wp-json\/wp\/v2\/comments?post=286420"}],"version-history":[{"count":1,"href":"https:\/\/mnxsportswear.com\/es\/wp-json\/wp\/v2\/product\/286420\/revisions"}],"predecessor-version":[{"id":396800,"href":"https:\/\/mnxsportswear.com\/es\/wp-json\/wp\/v2\/product\/286420\/revisions\/396800"}],"wp:featuredmedia":[{"embeddable":true,"href":"https:\/\/mnxsportswear.com\/es\/wp-json\/wp\/v2\/media\/339931"}],"wp:attachment":[{"href":"https:\/\/mnxsportswear.com\/es\/wp-json\/wp\/v2\/media?parent=286420"}],"wp:term":[{"taxonomy":"product_brand","embeddable":true,"href":"https:\/\/mnxsportswear.com\/es\/wp-json\/wp\/v2\/product_brand?post=286420"},{"taxonomy":"product_cat","embeddable":true,"href":"https:\/\/mnxsportswear.com\/es\/wp-json\/wp\/v2\/product_cat?post=286420"},{"taxonomy":"product_tag","embeddable":true,"href":"https:\/\/mnxsportswear.com\/es\/wp-json\/wp\/v2\/product_tag?post=286420"}],"curies":[{"name":"wp","href":"https:\/\/api.w.org\/{rel}","templated":true}]}}