{"id":296023,"date":"2023-02-21T09:15:27","date_gmt":"2023-02-21T08:15:27","guid":{"rendered":"https:\/\/mnxsportswear.com\/?post_type=product&#038;p=296023"},"modified":"2026-03-01T18:07:52","modified_gmt":"2026-03-01T17:07:52","slug":"mnx-womens-seamless-top-glam-black","status":"publish","type":"product","link":"https:\/\/mnxsportswear.com\/es\/product\/mnx-womens-seamless-top-glam-black\/","title":{"rendered":"MNX Women&#8217;s seamless top Glam, black"},"content":{"rendered":"<p>MNX Top sin costuras de mujer con manga larga.<\/p>\n<ul>\n<li>tela que absorbe la humedad,<\/li>\n<li>Ajustado,<\/li>\n<li>cultivo de est\u00f3mago,<\/li>\n<li>dise\u00f1o sin costuras<\/li>\n<\/ul>\n<p><strong>Material:<\/strong> 69 % poliamida, 24 % poli\u00e9ster, 7 % elastano<br \/>\n<strong>Color:<\/strong> como se muestra<br \/>\n<strong>Tallas:<\/strong> S, M, L<\/p>\n","protected":false},"excerpt":{"rendered":"<p>Luce incre\u00edble con este top corto de manga larga de MNX. Mant\u00e9ngase fresco por m\u00e1s tiempo gracias a la tela que absorbe la humedad. Corte entallado, corte en la cintura y dise\u00f1o sin costuras. Disponible en varios colores.<\/p>\n","protected":false},"featured_media":338756,"comment_status":"open","ping_status":"closed","template":"","meta":[],"product_brand":[],"product_cat":[2517,2516,3147,3053],"product_tag":[],"class_list":{"0":"post-296023","1":"product","2":"type-product","3":"status-publish","4":"has-post-thumbnail","6":"product_cat-camisetas-es","7":"product_cat-mujer","8":"product_cat-seamless-es","9":"product_cat-sport-tops-bras-es","10":"yith_product_brand-mnx-es","12":"first","13":"outofstock","14":"taxable","15":"shipping-taxable","16":"product-type-variable"},"exclude_global_add_ons":[],"addons":[],"_links":{"self":[{"href":"https:\/\/mnxsportswear.com\/es\/wp-json\/wp\/v2\/product\/296023","targetHints":{"allow":["GET"]}}],"collection":[{"href":"https:\/\/mnxsportswear.com\/es\/wp-json\/wp\/v2\/product"}],"about":[{"href":"https:\/\/mnxsportswear.com\/es\/wp-json\/wp\/v2\/types\/product"}],"replies":[{"embeddable":true,"href":"https:\/\/mnxsportswear.com\/es\/wp-json\/wp\/v2\/comments?post=296023"}],"version-history":[{"count":0,"href":"https:\/\/mnxsportswear.com\/es\/wp-json\/wp\/v2\/product\/296023\/revisions"}],"wp:featuredmedia":[{"embeddable":true,"href":"https:\/\/mnxsportswear.com\/es\/wp-json\/wp\/v2\/media\/338756"}],"wp:attachment":[{"href":"https:\/\/mnxsportswear.com\/es\/wp-json\/wp\/v2\/media?parent=296023"}],"wp:term":[{"taxonomy":"product_brand","embeddable":true,"href":"https:\/\/mnxsportswear.com\/es\/wp-json\/wp\/v2\/product_brand?post=296023"},{"taxonomy":"product_cat","embeddable":true,"href":"https:\/\/mnxsportswear.com\/es\/wp-json\/wp\/v2\/product_cat?post=296023"},{"taxonomy":"product_tag","embeddable":true,"href":"https:\/\/mnxsportswear.com\/es\/wp-json\/wp\/v2\/product_tag?post=296023"}],"curies":[{"name":"wp","href":"https:\/\/api.w.org\/{rel}","templated":true}]}}