{"id":298474,"date":"2022-03-28T10:53:02","date_gmt":"2022-03-28T08:53:02","guid":{"rendered":"https:\/\/mnxsportswear.com\/?post_type=product&#038;p=298474"},"modified":"2026-03-01T18:21:48","modified_gmt":"2026-03-01T17:21:48","slug":"mnx-sudadera-con-capucha-ranger-black","status":"publish","type":"product","link":"https:\/\/mnxsportswear.com\/es\/product\/mnx-sudadera-con-capucha-ranger-black\/","title":{"rendered":"MNX Sudadera con capucha Ranger, negro"},"content":{"rendered":"<p>Sudadera MNX con dise\u00f1o \u00fanico.<\/p>\n<ul>\n<li>hecho de mezcla de algod\u00f3n suave y c\u00e1lido,<\/li>\n<li>bolsillos laterales con cremallera,<\/li>\n<li>capucha con cordones para un ajuste personalizado,<\/li>\n<li>detalles \u00fanicos.<\/li>\n<\/ul>\n<p><strong>Material:<\/strong> 80% algod\u00f3n, 20% poli\u00e9ster (5% encogimiento)<br \/>\n<strong>Color:<\/strong> como se muestra<br \/>\n<strong>Estilo\/modelo:<\/strong> cl\u00e1sico<br \/>\n<strong>Tallas:<\/strong> S, M, L, XL, 2XL, 3XL<\/p>\n","protected":false},"excerpt":{"rendered":"<p>Sudadera con capucha MNX Sportswear Ranger, confeccionada en una suave y c\u00e1lida mezcla de algod\u00f3n. Con un calce c\u00f3modo y listo para el d\u00eda a d\u00eda, se convertir\u00e1 r\u00e1pidamente en tu prenda casual para todo uso. Con bolsillos laterales con cremallera, capucha con cordones para un ajuste personalizado y pu\u00f1os y bajo de canal\u00e9. Combina esta sudadera con capucha con los pantalones Ranger camo y crea un conjunto perfecto.<\/p>\n","protected":false},"featured_media":337141,"comment_status":"open","ping_status":"closed","template":"","meta":[],"product_brand":[],"product_cat":[2494,3176,2512,3071],"product_tag":[],"class_list":{"0":"post-298474","1":"product","2":"type-product","3":"status-publish","4":"has-post-thumbnail","6":"product_cat-hombres","7":"product_cat-ranger-es","8":"product_cat-sudaderas","9":"product_cat-sudaderas-con-capucha","10":"yith_product_brand-mnx-es","12":"first","13":"instock","14":"sale","15":"featured","16":"taxable","17":"shipping-taxable","18":"purchasable","19":"product-type-variable"},"exclude_global_add_ons":[],"addons":[],"_links":{"self":[{"href":"https:\/\/mnxsportswear.com\/es\/wp-json\/wp\/v2\/product\/298474","targetHints":{"allow":["GET"]}}],"collection":[{"href":"https:\/\/mnxsportswear.com\/es\/wp-json\/wp\/v2\/product"}],"about":[{"href":"https:\/\/mnxsportswear.com\/es\/wp-json\/wp\/v2\/types\/product"}],"replies":[{"embeddable":true,"href":"https:\/\/mnxsportswear.com\/es\/wp-json\/wp\/v2\/comments?post=298474"}],"version-history":[{"count":0,"href":"https:\/\/mnxsportswear.com\/es\/wp-json\/wp\/v2\/product\/298474\/revisions"}],"wp:featuredmedia":[{"embeddable":true,"href":"https:\/\/mnxsportswear.com\/es\/wp-json\/wp\/v2\/media\/337141"}],"wp:attachment":[{"href":"https:\/\/mnxsportswear.com\/es\/wp-json\/wp\/v2\/media?parent=298474"}],"wp:term":[{"taxonomy":"product_brand","embeddable":true,"href":"https:\/\/mnxsportswear.com\/es\/wp-json\/wp\/v2\/product_brand?post=298474"},{"taxonomy":"product_cat","embeddable":true,"href":"https:\/\/mnxsportswear.com\/es\/wp-json\/wp\/v2\/product_cat?post=298474"},{"taxonomy":"product_tag","embeddable":true,"href":"https:\/\/mnxsportswear.com\/es\/wp-json\/wp\/v2\/product_tag?post=298474"}],"curies":[{"name":"wp","href":"https:\/\/api.w.org\/{rel}","templated":true}]}}