{"id":298521,"date":"2022-03-28T10:56:37","date_gmt":"2022-03-28T08:56:37","guid":{"rendered":"https:\/\/mnxsportswear.com\/?post_type=product&#038;p=298521"},"modified":"2026-03-01T18:21:48","modified_gmt":"2026-03-01T17:21:48","slug":"mnx-pantalones-joggers-ranger-camo","status":"publish","type":"product","link":"https:\/\/mnxsportswear.com\/es\/product\/mnx-pantalones-joggers-ranger-camo\/","title":{"rendered":"MNX Pantalones joggers Ranger, camo"},"content":{"rendered":"<p>Joggers MNX de la colecci\u00f3n Ranger.<\/p>\n<ul>\n<li>hecho de mezcla de algod\u00f3n suave y c\u00e1lido,<\/li>\n<li>con los tobillos esposados,<\/li>\n<li>cintura el\u00e1stica con cord\u00f3n para un ajuste ajustable,<\/li>\n<li>bolsillos de carga laterales cl\u00e1sicos,<\/li>\n<li>dise\u00f1o y detalles \u00fanicos.<\/li>\n<\/ul>\n<p><strong>Material:<\/strong> 80% algod\u00f3n, 20% poli\u00e9ster (5% encogimiento)<br \/>\n<strong>Color:<\/strong> como se muestra<br \/>\n<strong>Tallas:<\/strong> S, M, L, XL, XXL, 3XL<br \/>\n<strong>Estilo:<\/strong> delgado &#8211; ajuste<\/p>\n","protected":false},"excerpt":{"rendered":"<p>Prep\u00e1rate para las calles con estos joggers MNX de camuflaje Ranger, hechos de una suave y c\u00e1lida <strong>mezcla de algod\u00f3n<\/strong>. Con <strong>pu\u00f1os en los tobillos<\/strong>, <strong>cinturilla el\u00e1stica con cord\u00f3n para un ajuste regulabl<\/strong>e y pr\u00e1cticos <strong>bolsillos laterales tipo cargo cl\u00e1sicos<\/strong>. Combina estos pantalones con la sudadera con capucha Ranger y crea un conjunto perfecto.<\/p>\n","protected":false},"featured_media":337125,"comment_status":"open","ping_status":"closed","template":"","meta":[],"product_brand":[],"product_cat":[3077,2494,2513,3176],"product_tag":[],"class_list":{"0":"post-298521","1":"product","2":"type-product","3":"status-publish","4":"has-post-thumbnail","6":"product_cat-corredoras","7":"product_cat-hombres","8":"product_cat-pantalones-largos","9":"product_cat-ranger-es","10":"yith_product_brand-mnx-es","12":"first","13":"instock","14":"sale","15":"taxable","16":"shipping-taxable","17":"purchasable","18":"product-type-variable"},"exclude_global_add_ons":[],"addons":[],"_links":{"self":[{"href":"https:\/\/mnxsportswear.com\/es\/wp-json\/wp\/v2\/product\/298521","targetHints":{"allow":["GET"]}}],"collection":[{"href":"https:\/\/mnxsportswear.com\/es\/wp-json\/wp\/v2\/product"}],"about":[{"href":"https:\/\/mnxsportswear.com\/es\/wp-json\/wp\/v2\/types\/product"}],"replies":[{"embeddable":true,"href":"https:\/\/mnxsportswear.com\/es\/wp-json\/wp\/v2\/comments?post=298521"}],"version-history":[{"count":0,"href":"https:\/\/mnxsportswear.com\/es\/wp-json\/wp\/v2\/product\/298521\/revisions"}],"wp:featuredmedia":[{"embeddable":true,"href":"https:\/\/mnxsportswear.com\/es\/wp-json\/wp\/v2\/media\/337125"}],"wp:attachment":[{"href":"https:\/\/mnxsportswear.com\/es\/wp-json\/wp\/v2\/media?parent=298521"}],"wp:term":[{"taxonomy":"product_brand","embeddable":true,"href":"https:\/\/mnxsportswear.com\/es\/wp-json\/wp\/v2\/product_brand?post=298521"},{"taxonomy":"product_cat","embeddable":true,"href":"https:\/\/mnxsportswear.com\/es\/wp-json\/wp\/v2\/product_cat?post=298521"},{"taxonomy":"product_tag","embeddable":true,"href":"https:\/\/mnxsportswear.com\/es\/wp-json\/wp\/v2\/product_tag?post=298521"}],"curies":[{"name":"wp","href":"https:\/\/api.w.org\/{rel}","templated":true}]}}