{"id":298813,"date":"2022-11-23T14:57:13","date_gmt":"2022-11-23T13:57:13","guid":{"rendered":"https:\/\/mnxsportswear.com\/?post_type=product&#038;p=298813"},"modified":"2026-03-01T18:22:01","modified_gmt":"2026-03-01T17:22:01","slug":"mnx-sudadera-con-capucha-liberty-burgundy","status":"publish","type":"product","link":"https:\/\/mnxsportswear.com\/es\/product\/mnx-sudadera-con-capucha-liberty-burgundy\/","title":{"rendered":"MNX sudadera con capucha Liberty, burgundy"},"content":{"rendered":"<p>Sudadera de algod\u00f3n MNX con dise\u00f1o \u00fanico.<\/p>\n<ul>\n<li>sudadera con capucha de gran tama\u00f1o,<\/li>\n<li>Cord\u00f3n para ajuste ajustable.<\/li>\n<\/ul>\n<p><strong>Material:<\/strong> 100% algod\u00f3n (5% encogimiento)<br \/>\n<strong>Color:<\/strong> como se muestra<br \/>\n<strong>Estilo\/modelo:<\/strong> cl\u00e1sico<br \/>\n<strong>Tallas:<\/strong> S\/M, L\/XL<\/p>\n<p><em>El modelo de la foto (175 cm, 69 kg) usa talla S\/M.<\/em><\/p>\n","protected":false},"excerpt":{"rendered":"<p>Enciende el estilo con la sudadera con capucha extragrande MNX. Esta sudadera con capucha acogedora y elegante presenta un peque\u00f1o logotipo de MNX en el pecho y la capucha con cord\u00f3n para un ajuste ajustable. Disponible en varios colores.<\/p>\n","protected":false},"featured_media":300993,"comment_status":"open","ping_status":"closed","template":"","meta":[],"product_brand":[],"product_cat":[2516,2754],"product_tag":[],"class_list":{"0":"post-298813","1":"product","2":"type-product","3":"status-publish","4":"has-post-thumbnail","6":"product_cat-mujer","7":"product_cat-sudaderas-es","8":"yith_product_brand-mnx-es","10":"first","11":"instock","12":"sale","13":"featured","14":"taxable","15":"shipping-taxable","16":"purchasable","17":"product-type-variable"},"exclude_global_add_ons":[],"addons":[],"_links":{"self":[{"href":"https:\/\/mnxsportswear.com\/es\/wp-json\/wp\/v2\/product\/298813","targetHints":{"allow":["GET"]}}],"collection":[{"href":"https:\/\/mnxsportswear.com\/es\/wp-json\/wp\/v2\/product"}],"about":[{"href":"https:\/\/mnxsportswear.com\/es\/wp-json\/wp\/v2\/types\/product"}],"replies":[{"embeddable":true,"href":"https:\/\/mnxsportswear.com\/es\/wp-json\/wp\/v2\/comments?post=298813"}],"version-history":[{"count":0,"href":"https:\/\/mnxsportswear.com\/es\/wp-json\/wp\/v2\/product\/298813\/revisions"}],"wp:featuredmedia":[{"embeddable":true,"href":"https:\/\/mnxsportswear.com\/es\/wp-json\/wp\/v2\/media\/300993"}],"wp:attachment":[{"href":"https:\/\/mnxsportswear.com\/es\/wp-json\/wp\/v2\/media?parent=298813"}],"wp:term":[{"taxonomy":"product_brand","embeddable":true,"href":"https:\/\/mnxsportswear.com\/es\/wp-json\/wp\/v2\/product_brand?post=298813"},{"taxonomy":"product_cat","embeddable":true,"href":"https:\/\/mnxsportswear.com\/es\/wp-json\/wp\/v2\/product_cat?post=298813"},{"taxonomy":"product_tag","embeddable":true,"href":"https:\/\/mnxsportswear.com\/es\/wp-json\/wp\/v2\/product_tag?post=298813"}],"curies":[{"name":"wp","href":"https:\/\/api.w.org\/{rel}","templated":true}]}}