{"id":298841,"date":"2000-03-28T12:11:51","date_gmt":"2000-03-28T10:11:51","guid":{"rendered":"https:\/\/mnxsportswear.com\/?post_type=product&#038;p=298841"},"modified":"2026-03-01T18:24:05","modified_gmt":"2026-03-01T17:24:05","slug":"mnx-pantalones-clasicos-de-culturismo-basic-negro","status":"publish","type":"product","link":"https:\/\/mnxsportswear.com\/es\/product\/mnx-pantalones-clasicos-de-culturismo-basic-negro\/","title":{"rendered":"MNX Pantalones cl\u00e1sicos de culturismo Basic, negro"},"content":{"rendered":"<p>Pantalones de algod\u00f3n de musculaci\u00f3n MNX.<\/p>\n<ul>\n<li>hecho de algod\u00f3n ligero,<\/li>\n<li>bolsillos cl\u00e1sicos en ambos lados,<\/li>\n<li>cintura el\u00e1stica con cord\u00f3n ajustable,<\/li>\n<li>logotipos tejidos.<\/li>\n<\/ul>\n<p><strong>Material:<\/strong> 100% algod\u00f3n<br \/>\n<strong>Color:<\/strong> como se muestra<br \/>\n<strong>Tallas:<\/strong> S, M, L, XL, XXL, 3XL<\/p>\n","protected":false},"excerpt":{"rendered":"<p>Pantalones de entrenamiento de culturismo MNX, hechos de <strong>algod\u00f3n ligero<\/strong>.\u00a0 Bolsillos cl\u00e1sicos en ambos lados y cinturilla el\u00e1stica con cord\u00f3n ajustable, que termina con puntas de pl\u00e1stico MNX de nuevo dise\u00f1o. Estos pantalones ofrecen la m\u00e1xima comodidad gracias al suave tejido.<\/p>\n","protected":false},"featured_media":337867,"comment_status":"open","ping_status":"closed","template":"","meta":[],"product_brand":[],"product_cat":[3080,2494,2513],"product_tag":[],"class_list":{"0":"post-298841","1":"product","2":"type-product","3":"status-publish","4":"has-post-thumbnail","6":"product_cat-corte-holgado","7":"product_cat-hombres","8":"product_cat-pantalones-largos","9":"yith_product_brand-mnx-es","11":"first","12":"outofstock","13":"taxable","14":"shipping-taxable","15":"purchasable","16":"product-type-variable"},"exclude_global_add_ons":[],"addons":[],"_links":{"self":[{"href":"https:\/\/mnxsportswear.com\/es\/wp-json\/wp\/v2\/product\/298841","targetHints":{"allow":["GET"]}}],"collection":[{"href":"https:\/\/mnxsportswear.com\/es\/wp-json\/wp\/v2\/product"}],"about":[{"href":"https:\/\/mnxsportswear.com\/es\/wp-json\/wp\/v2\/types\/product"}],"replies":[{"embeddable":true,"href":"https:\/\/mnxsportswear.com\/es\/wp-json\/wp\/v2\/comments?post=298841"}],"version-history":[{"count":0,"href":"https:\/\/mnxsportswear.com\/es\/wp-json\/wp\/v2\/product\/298841\/revisions"}],"wp:featuredmedia":[{"embeddable":true,"href":"https:\/\/mnxsportswear.com\/es\/wp-json\/wp\/v2\/media\/337867"}],"wp:attachment":[{"href":"https:\/\/mnxsportswear.com\/es\/wp-json\/wp\/v2\/media?parent=298841"}],"wp:term":[{"taxonomy":"product_brand","embeddable":true,"href":"https:\/\/mnxsportswear.com\/es\/wp-json\/wp\/v2\/product_brand?post=298841"},{"taxonomy":"product_cat","embeddable":true,"href":"https:\/\/mnxsportswear.com\/es\/wp-json\/wp\/v2\/product_cat?post=298841"},{"taxonomy":"product_tag","embeddable":true,"href":"https:\/\/mnxsportswear.com\/es\/wp-json\/wp\/v2\/product_tag?post=298841"}],"curies":[{"name":"wp","href":"https:\/\/api.w.org\/{rel}","templated":true}]}}