{"id":299160,"date":"2022-03-28T13:43:09","date_gmt":"2022-03-28T11:43:09","guid":{"rendered":"https:\/\/mnxsportswear.com\/?post_type=product&#038;p=299160"},"modified":"2026-03-01T18:23:52","modified_gmt":"2026-03-01T17:23:52","slug":"mnx-camiseta-ripped-athletic-sand","status":"publish","type":"product","link":"https:\/\/mnxsportswear.com\/es\/product\/mnx-camiseta-ripped-athletic-sand\/","title":{"rendered":"MNX Camiseta Ripped Athletic, arena"},"content":{"rendered":"<p>Camiseta MNX Athletic.<\/p>\n<ul>\n<li>hecho de algod\u00f3n para la m\u00e1xima comodidad,<\/li>\n<li>pu\u00f1os rasgados para una apariencia especial,<\/li>\n<li>cuello m\u00e1s ancho y mangas m\u00e1s cortas,<\/li>\n<li>con peque\u00f1o parche MNX bordado en el cuello.<\/li>\n<\/ul>\n<p><strong>Material:<\/strong> 100% algod\u00f3n (5% encogimiento)<br \/>\n<strong>Color:<\/strong> como se muestra<br \/>\n<strong>Estilo:<\/strong> camiseta rasgada<br \/>\n<strong>Peso aproximado.<\/strong> 153 gramos (M)<br \/>\n<strong>Tallas:<\/strong> S, M, L, XL, 2XL, 3XL, 4XL<\/p>\n","protected":false},"excerpt":{"rendered":"<p>Camiseta MNX fresca e informal Atl\u00e9tica, pero lista para la acci\u00f3n, es perfecta para cualquier actividad en tu horario. Con peque\u00f1o parche MNX bordado y pu\u00f1os rotos para un look especial. Hecho de <strong>100% algod\u00f3n<\/strong> puro para <strong>m\u00e1xima comodidad<\/strong>. Disponible en varios colores.<\/p>\n","protected":false},"featured_media":337041,"comment_status":"open","ping_status":"closed","template":"","meta":[],"product_brand":[],"product_cat":[2507,3083,2494],"product_tag":[],"class_list":{"0":"post-299160","1":"product","2":"type-product","3":"status-publish","4":"has-post-thumbnail","6":"product_cat-camisetas","7":"product_cat-classic-es","8":"product_cat-hombres","9":"yith_product_brand-mnx-es","11":"first","12":"instock","13":"sale","14":"taxable","15":"shipping-taxable","16":"purchasable","17":"product-type-variable"},"exclude_global_add_ons":[],"addons":[],"_links":{"self":[{"href":"https:\/\/mnxsportswear.com\/es\/wp-json\/wp\/v2\/product\/299160","targetHints":{"allow":["GET"]}}],"collection":[{"href":"https:\/\/mnxsportswear.com\/es\/wp-json\/wp\/v2\/product"}],"about":[{"href":"https:\/\/mnxsportswear.com\/es\/wp-json\/wp\/v2\/types\/product"}],"replies":[{"embeddable":true,"href":"https:\/\/mnxsportswear.com\/es\/wp-json\/wp\/v2\/comments?post=299160"}],"version-history":[{"count":0,"href":"https:\/\/mnxsportswear.com\/es\/wp-json\/wp\/v2\/product\/299160\/revisions"}],"wp:featuredmedia":[{"embeddable":true,"href":"https:\/\/mnxsportswear.com\/es\/wp-json\/wp\/v2\/media\/337041"}],"wp:attachment":[{"href":"https:\/\/mnxsportswear.com\/es\/wp-json\/wp\/v2\/media?parent=299160"}],"wp:term":[{"taxonomy":"product_brand","embeddable":true,"href":"https:\/\/mnxsportswear.com\/es\/wp-json\/wp\/v2\/product_brand?post=299160"},{"taxonomy":"product_cat","embeddable":true,"href":"https:\/\/mnxsportswear.com\/es\/wp-json\/wp\/v2\/product_cat?post=299160"},{"taxonomy":"product_tag","embeddable":true,"href":"https:\/\/mnxsportswear.com\/es\/wp-json\/wp\/v2\/product_tag?post=299160"}],"curies":[{"name":"wp","href":"https:\/\/api.w.org\/{rel}","templated":true}]}}