{"id":301239,"date":"2022-04-14T10:44:29","date_gmt":"2022-04-14T08:44:29","guid":{"rendered":"https:\/\/mnxsportswear.com\/?post_type=product&#038;p=301239"},"modified":"2026-03-01T18:23:52","modified_gmt":"2026-03-01T17:23:52","slug":"mnx-sudadera-original-red","status":"publish","type":"product","link":"https:\/\/mnxsportswear.com\/es\/product\/mnx-sudadera-original-red\/","title":{"rendered":"MNX Sudadera Original, rojo"},"content":{"rendered":"<p>Sudadera de algod\u00f3n MNX.<\/p>\n<ul>\n<li>material estirable,<\/li>\n<li>ajuste regular acogedor y tejido de algod\u00f3n transpirable,<\/li>\n<li>dise\u00f1o minimalista con peque\u00f1o logo de goma 3D.<\/li>\n<\/ul>\n<p><strong>Material:<\/strong> 92 % algod\u00f3n, 8 % elast\u00e1n (5 % encogimiento)<br \/>\n<strong>Color:<\/strong> como se muestra<br \/>\n<strong>Estilo\/modelo:<\/strong> cl\u00e1sico<br \/>\n<strong>Tallas:<\/strong> S\/M, L\/XL, XXL\/3XL<\/p>\n","protected":false},"excerpt":{"rendered":"<p>Equ\u00edpate para el estilo urbano diario con esta sudadera MNX. Con un dise\u00f1o minimalista, un calce regular c\u00f3modo y un material de algod\u00f3n transpirable. Disponible en varios colores.<\/p>\n","protected":false},"featured_media":337288,"comment_status":"open","ping_status":"closed","template":"","meta":[],"product_brand":[],"product_cat":[2494,2512,3074],"product_tag":[],"class_list":{"0":"post-301239","1":"product","2":"type-product","3":"status-publish","4":"has-post-thumbnail","6":"product_cat-hombres","7":"product_cat-sudaderas","8":"product_cat-sudaderas-es-2","9":"yith_product_brand-mnx-es","11":"first","12":"instock","13":"sale","14":"featured","15":"taxable","16":"shipping-taxable","17":"purchasable","18":"product-type-variable"},"exclude_global_add_ons":[],"addons":[],"_links":{"self":[{"href":"https:\/\/mnxsportswear.com\/es\/wp-json\/wp\/v2\/product\/301239","targetHints":{"allow":["GET"]}}],"collection":[{"href":"https:\/\/mnxsportswear.com\/es\/wp-json\/wp\/v2\/product"}],"about":[{"href":"https:\/\/mnxsportswear.com\/es\/wp-json\/wp\/v2\/types\/product"}],"replies":[{"embeddable":true,"href":"https:\/\/mnxsportswear.com\/es\/wp-json\/wp\/v2\/comments?post=301239"}],"version-history":[{"count":0,"href":"https:\/\/mnxsportswear.com\/es\/wp-json\/wp\/v2\/product\/301239\/revisions"}],"wp:featuredmedia":[{"embeddable":true,"href":"https:\/\/mnxsportswear.com\/es\/wp-json\/wp\/v2\/media\/337288"}],"wp:attachment":[{"href":"https:\/\/mnxsportswear.com\/es\/wp-json\/wp\/v2\/media?parent=301239"}],"wp:term":[{"taxonomy":"product_brand","embeddable":true,"href":"https:\/\/mnxsportswear.com\/es\/wp-json\/wp\/v2\/product_brand?post=301239"},{"taxonomy":"product_cat","embeddable":true,"href":"https:\/\/mnxsportswear.com\/es\/wp-json\/wp\/v2\/product_cat?post=301239"},{"taxonomy":"product_tag","embeddable":true,"href":"https:\/\/mnxsportswear.com\/es\/wp-json\/wp\/v2\/product_tag?post=301239"}],"curies":[{"name":"wp","href":"https:\/\/api.w.org\/{rel}","templated":true}]}}