{"id":303669,"date":"2022-06-10T09:57:21","date_gmt":"2022-06-10T07:57:21","guid":{"rendered":"https:\/\/mnxsportswear.com\/?post_type=product&#038;p=303669"},"modified":"2026-03-01T18:21:34","modified_gmt":"2026-03-01T17:21:34","slug":"mnx-basketball-mesh-shorts-white","status":"publish","type":"product","link":"https:\/\/mnxsportswear.com\/es\/product\/mnx-basketball-mesh-shorts-white\/","title":{"rendered":"MNX pantalones cortos baloncesto, blanco"},"content":{"rendered":"<p><span class=\"HwtZe\" lang=\"es\"><span class=\"jCAhz ChMk0b\"><span class=\"ryNqvb\">Pantalones cortos de malla MNX en estilo b<span data-sheets-root=\"1\" data-sheets-value=\"{&quot;1&quot;:2,&quot;2&quot;:&quot;Baloncesto, blanco&quot;}\" data-sheets-userformat=\"{&quot;2&quot;:30722,&quot;4&quot;:{&quot;1&quot;:2,&quot;2&quot;:16777215},&quot;14&quot;:{&quot;1&quot;:2,&quot;2&quot;:2236962},&quot;15&quot;:&quot;-apple-system, system-ui, BlinkMacSystemFont, \\&quot;Segoe UI\\&quot;, Helvetica, Arial, sans-serif, \\&quot;Apple Color Emoji\\&quot;, \\&quot;Segoe UI Emoji\\&quot;, \\&quot;Segoe UI Symbol\\&quot;&quot;,&quot;16&quot;:13,&quot;17&quot;:1}\" data-sheets-formula=\"= GoogleTranslate (R[-3]C[-1]; R[0]C[2];R[0]C[1])\">aloncesto<\/span><\/span><\/span><\/span><span class=\"HwtZe\" lang=\"es\"><span class=\"jCAhz ChMk0b\"><span class=\"ryNqvb\">.<\/span><\/span> <\/span><\/p>\n<ul>\n<li><span class=\"HwtZe\" lang=\"es\"><span class=\"jCAhz ChMk0b\"><span class=\"ryNqvb\">tela de malla ligera,<\/span><\/span> <\/span><\/li>\n<li><span class=\"HwtZe\" lang=\"es\"><span class=\"jCAhz ChMk0b\"><span class=\"ryNqvb\">estilo de baloncesto,<\/span><\/span> <\/span><\/li>\n<li><span class=\"HwtZe\" lang=\"es\"><span class=\"jCAhz ChMk0b\"><span class=\"ryNqvb\">perfecto para el entrenamiento o el tiempo libre,<\/span><\/span> <\/span><\/li>\n<li><span class=\"HwtZe\" lang=\"es\"><span class=\"jCAhz ChMk0b\"><span class=\"ryNqvb\">marca minimalista MNX,<\/span><\/span> <\/span><\/li>\n<li><span class=\"HwtZe\" lang=\"es\"><span class=\"jCAhz ChMk0b\"><span class=\"ryNqvb\">bolsillos laterales y cinturilla el\u00e1stica con cord\u00f3n interior.<\/span><\/span><\/span><\/li>\n<\/ul>\n<p><span class=\"HwtZe\" lang=\"es\"><span class=\"jCAhz ChMk0b\"><span class=\"ryNqvb\"><strong>Material:<\/strong> 100% poli\u00e9ster<\/span><\/span><br \/>\n<span class=\"jCAhz ChMk0b\"><span class=\"ryNqvb\"><strong>Color:<\/strong> como se muestra<\/span><\/span><br \/>\n<span class=\"jCAhz ChMk0b\"><span class=\"ryNqvb\"><strong>Tallas:<\/strong> S\/M, L\/XL, XXL\/3XL<\/span><\/span><br \/>\n<span class=\"jCAhz ChMk0b\"><span class=\"ryNqvb\"><strong>Estilo:<\/strong> ajuste holgado<\/span><\/span> <\/span><\/p>\n","protected":false},"excerpt":{"rendered":"<p><span data-sheets-root=\"1\" data-sheets-value=\"{&quot;1&quot;:2,&quot;2&quot;:&quot;Los pantalones cortos de tela de malla livianos de MNX en el estilo de baloncesto son perfectos para el entrenamiento o el tiempo de ocio. Con marca MNX minimalista y una combinaci\u00f3n de color perfecta. Con bolsas laterales y cintura el\u00e1stica con DrawCord interno para un ajuste ajustable. Este modelo de pantalones cortos est\u00e1 disponible en varios colores.&quot;}\" data-sheets-userformat=\"{&quot;2&quot;:30722,&quot;4&quot;:{&quot;1&quot;:2,&quot;2&quot;:16777215},&quot;14&quot;:{&quot;1&quot;:2,&quot;2&quot;:2236962},&quot;15&quot;:&quot;-apple-system, system-ui, BlinkMacSystemFont, \\&quot;Segoe UI\\&quot;, Helvetica, Arial, sans-serif, \\&quot;Apple Color Emoji\\&quot;, \\&quot;Segoe UI Emoji\\&quot;, \\&quot;Segoe UI Symbol\\&quot;&quot;,&quot;16&quot;:13,&quot;17&quot;:1}\" data-sheets-formula=\"= GoogleTranslate (R[-3]C[-1]; R[0]C[2];R[0]C[1])\">Los pantalones cortos de tela de malla livianos de MNX en el estilo de baloncesto son perfectos para el entrenamiento o el tiempo de ocio. Con marca MNX minimalista y una combinaci\u00f3n de color perfecta. Con bolsas laterales y cintura el\u00e1stica con DrawCord interno para un ajuste ajustable. Este modelo de pantalones cortos est\u00e1 disponible en varios colores.<\/span><\/p>\n","protected":false},"featured_media":329725,"comment_status":"open","ping_status":"closed","template":"","meta":[],"product_brand":[],"product_cat":[2494,2505],"product_tag":[],"class_list":{"0":"post-303669","1":"product","2":"type-product","3":"status-publish","4":"has-post-thumbnail","6":"product_cat-hombres","7":"product_cat-pantalones-cortos","8":"yith_product_brand-mnx-es","10":"first","11":"instock","12":"taxable","13":"shipping-taxable","14":"purchasable","15":"product-type-variable"},"exclude_global_add_ons":[],"addons":[],"_links":{"self":[{"href":"https:\/\/mnxsportswear.com\/es\/wp-json\/wp\/v2\/product\/303669","targetHints":{"allow":["GET"]}}],"collection":[{"href":"https:\/\/mnxsportswear.com\/es\/wp-json\/wp\/v2\/product"}],"about":[{"href":"https:\/\/mnxsportswear.com\/es\/wp-json\/wp\/v2\/types\/product"}],"replies":[{"embeddable":true,"href":"https:\/\/mnxsportswear.com\/es\/wp-json\/wp\/v2\/comments?post=303669"}],"version-history":[{"count":0,"href":"https:\/\/mnxsportswear.com\/es\/wp-json\/wp\/v2\/product\/303669\/revisions"}],"wp:featuredmedia":[{"embeddable":true,"href":"https:\/\/mnxsportswear.com\/es\/wp-json\/wp\/v2\/media\/329725"}],"wp:attachment":[{"href":"https:\/\/mnxsportswear.com\/es\/wp-json\/wp\/v2\/media?parent=303669"}],"wp:term":[{"taxonomy":"product_brand","embeddable":true,"href":"https:\/\/mnxsportswear.com\/es\/wp-json\/wp\/v2\/product_brand?post=303669"},{"taxonomy":"product_cat","embeddable":true,"href":"https:\/\/mnxsportswear.com\/es\/wp-json\/wp\/v2\/product_cat?post=303669"},{"taxonomy":"product_tag","embeddable":true,"href":"https:\/\/mnxsportswear.com\/es\/wp-json\/wp\/v2\/product_tag?post=303669"}],"curies":[{"name":"wp","href":"https:\/\/api.w.org\/{rel}","templated":true}]}}