{"id":304203,"date":"2022-11-23T14:55:16","date_gmt":"2022-11-23T13:55:16","guid":{"rendered":"https:\/\/mnxsportswear.com\/?post_type=product&#038;p=304203"},"modified":"2026-03-01T18:22:02","modified_gmt":"2026-03-01T17:22:02","slug":"mnx-womens-cropped-jersey-miami-yellow","status":"publish","type":"product","link":"https:\/\/mnxsportswear.com\/es\/product\/mnx-womens-cropped-jersey-miami-yellow\/","title":{"rendered":"MNX camiseta corta de f\u00fatbol para mujer Miami, yellow"},"content":{"rendered":"<p>Camiseta corta de mujer MNX.<\/p>\n<ul>\n<li>forma relajada,<\/li>\n<li>material de malla transpirable.<\/li>\n<\/ul>\n<p><strong>Material:<\/strong> 100% poli\u00e9ster (5% encogimiento)<br \/>\n<strong>Color:<\/strong> como se muestra<br \/>\n<strong>Estilo:<\/strong> tama\u00f1o europeo cl\u00e1sico.<br \/>\n<strong>Tallas:<\/strong> S\/M, L\/XL<\/p>\n","protected":false},"excerpt":{"rendered":"<p class=\"western\" lang=\"en-US\">Ve m\u00e1s all\u00e1 de lo b\u00e1sico con esta camiseta de f\u00fatbol recortada. Con su ajuste holgado y su material de malla transpirable, es algo que todo el mundo deber\u00eda tener en su guardarropa. Disponible en varios colores.<\/p>\n","protected":false},"featured_media":306469,"comment_status":"open","ping_status":"closed","template":"","meta":[],"product_brand":[],"product_cat":[2517,3062,2516],"product_tag":[],"class_list":{"0":"post-304203","1":"product","2":"type-product","3":"status-publish","4":"has-post-thumbnail","6":"product_cat-camisetas-es","7":"product_cat-jerseys-es","8":"product_cat-mujer","9":"yith_product_brand-mnx-es","11":"first","12":"instock","13":"sale","14":"taxable","15":"shipping-taxable","16":"purchasable","17":"product-type-variable"},"exclude_global_add_ons":[],"addons":[],"_links":{"self":[{"href":"https:\/\/mnxsportswear.com\/es\/wp-json\/wp\/v2\/product\/304203","targetHints":{"allow":["GET"]}}],"collection":[{"href":"https:\/\/mnxsportswear.com\/es\/wp-json\/wp\/v2\/product"}],"about":[{"href":"https:\/\/mnxsportswear.com\/es\/wp-json\/wp\/v2\/types\/product"}],"replies":[{"embeddable":true,"href":"https:\/\/mnxsportswear.com\/es\/wp-json\/wp\/v2\/comments?post=304203"}],"version-history":[{"count":0,"href":"https:\/\/mnxsportswear.com\/es\/wp-json\/wp\/v2\/product\/304203\/revisions"}],"wp:featuredmedia":[{"embeddable":true,"href":"https:\/\/mnxsportswear.com\/es\/wp-json\/wp\/v2\/media\/306469"}],"wp:attachment":[{"href":"https:\/\/mnxsportswear.com\/es\/wp-json\/wp\/v2\/media?parent=304203"}],"wp:term":[{"taxonomy":"product_brand","embeddable":true,"href":"https:\/\/mnxsportswear.com\/es\/wp-json\/wp\/v2\/product_brand?post=304203"},{"taxonomy":"product_cat","embeddable":true,"href":"https:\/\/mnxsportswear.com\/es\/wp-json\/wp\/v2\/product_cat?post=304203"},{"taxonomy":"product_tag","embeddable":true,"href":"https:\/\/mnxsportswear.com\/es\/wp-json\/wp\/v2\/product_tag?post=304203"}],"curies":[{"name":"wp","href":"https:\/\/api.w.org\/{rel}","templated":true}]}}