{"id":305316,"date":"2022-06-23T08:33:20","date_gmt":"2022-06-23T06:33:20","guid":{"rendered":"https:\/\/mnxsportswear.com\/?post_type=product&#038;p=305316"},"modified":"2026-03-01T18:21:20","modified_gmt":"2026-03-01T17:21:20","slug":"mnx-classic-cotton-shorts-02-burgundy","status":"publish","type":"product","link":"https:\/\/mnxsportswear.com\/es\/product\/mnx-classic-cotton-shorts-02-burgundy\/","title":{"rendered":"MNX Classic pantalones cortos 02, borgo\u00f1a"},"content":{"rendered":"<p>Pantalones cortos de malla MNX en estilo baloncesto.<\/p>\n<ul>\n<li>tejido de algod\u00f3n ligero,<\/li>\n<li>estilo de baloncesto,<\/li>\n<li>perfecto para el entrenamiento o el tiempo libre,<\/li>\n<li>marca minimalista MNX,<\/li>\n<li>bolsillos laterales y cinturilla el\u00e1stica con cord\u00f3n interior.<\/li>\n<\/ul>\n<p><strong>Material:<\/strong> 100% algod\u00f3n<br \/>\n<strong>Color:<\/strong> como se muestra<br \/>\n<strong>Tallas:<\/strong> S, M, L, XL, XXL, 3XL<br \/>\n<strong>Estilo:<\/strong> ajuste cl\u00e1sico<\/p>\n","protected":false},"excerpt":{"rendered":"<p>Estos cl\u00e1sicos shorts de algod\u00f3n con ajuste est\u00e1ndar te mantendr\u00e1n c\u00f3modo mientras entrenas, cuando hace calor o simplemente descansas en la casa. Con bolsillos a ambos lados y en la parte posterior, cinturilla el\u00e1stica con cord\u00f3n interior y detalles minimalistas de la marca MNX.<\/p>\n","protected":false},"featured_media":338470,"comment_status":"open","ping_status":"closed","template":"","meta":[],"product_brand":[],"product_cat":[2494,2505],"product_tag":[],"class_list":{"0":"post-305316","1":"product","2":"type-product","3":"status-publish","4":"has-post-thumbnail","6":"product_cat-hombres","7":"product_cat-pantalones-cortos","8":"yith_product_brand-mnx-es","10":"first","11":"instock","12":"sale","13":"taxable","14":"shipping-taxable","15":"purchasable","16":"product-type-variable"},"exclude_global_add_ons":[],"addons":[],"_links":{"self":[{"href":"https:\/\/mnxsportswear.com\/es\/wp-json\/wp\/v2\/product\/305316","targetHints":{"allow":["GET"]}}],"collection":[{"href":"https:\/\/mnxsportswear.com\/es\/wp-json\/wp\/v2\/product"}],"about":[{"href":"https:\/\/mnxsportswear.com\/es\/wp-json\/wp\/v2\/types\/product"}],"replies":[{"embeddable":true,"href":"https:\/\/mnxsportswear.com\/es\/wp-json\/wp\/v2\/comments?post=305316"}],"version-history":[{"count":0,"href":"https:\/\/mnxsportswear.com\/es\/wp-json\/wp\/v2\/product\/305316\/revisions"}],"wp:featuredmedia":[{"embeddable":true,"href":"https:\/\/mnxsportswear.com\/es\/wp-json\/wp\/v2\/media\/338470"}],"wp:attachment":[{"href":"https:\/\/mnxsportswear.com\/es\/wp-json\/wp\/v2\/media?parent=305316"}],"wp:term":[{"taxonomy":"product_brand","embeddable":true,"href":"https:\/\/mnxsportswear.com\/es\/wp-json\/wp\/v2\/product_brand?post=305316"},{"taxonomy":"product_cat","embeddable":true,"href":"https:\/\/mnxsportswear.com\/es\/wp-json\/wp\/v2\/product_cat?post=305316"},{"taxonomy":"product_tag","embeddable":true,"href":"https:\/\/mnxsportswear.com\/es\/wp-json\/wp\/v2\/product_tag?post=305316"}],"curies":[{"name":"wp","href":"https:\/\/api.w.org\/{rel}","templated":true}]}}