{"id":305363,"date":"2022-06-23T08:36:23","date_gmt":"2022-06-23T06:36:23","guid":{"rendered":"https:\/\/mnxsportswear.com\/?post_type=product&#038;p=305363"},"modified":"2026-03-01T18:21:20","modified_gmt":"2026-03-01T17:21:20","slug":"mnx-classic-cotton-shorts-02-grey","status":"publish","type":"product","link":"https:\/\/mnxsportswear.com\/es\/product\/mnx-classic-cotton-shorts-02-grey\/","title":{"rendered":"MNX Classic pantalones cortos 02, gris"},"content":{"rendered":"<p>Pantal\u00f3n corto de malla MNX al estilo del baloncesto.<\/p>\n<ul>\n<li>tela de algod\u00f3n ligera,<\/li>\n<li>estilo baloncesto,<\/li>\n<li>Perfecto para entrenamiento o tiempo libre,<\/li>\n<li>marca MNX minimalista,<\/li>\n<li>Bolsillos laterales y cinturilla el\u00e1stica con cord\u00f3n interior.<\/li>\n<\/ul>\n<p><strong>Material:<\/strong> 100% algod\u00f3n<br \/>\n<strong>Color:<\/strong> como se muestra<br \/>\n<strong>Tallas:<\/strong> S, M, L, XL, XXL, 3XL<br \/>\n<strong>Estilo:<\/strong> corte cl\u00e1sico<\/p>\n","protected":false},"excerpt":{"rendered":"<p>Estos cl\u00e1sicos pantalones cortos de algod\u00f3n con corte regular te mantendr\u00e1n c\u00f3modo mientras entrenas, cuando hace calor o simplemente descansas en casa. Con bolsillos a ambos lados y en la espalda, cinturilla el\u00e1stica con cord\u00f3n interior y detalles minimalistas de la marca MNX.<\/p>\n","protected":false},"featured_media":338482,"comment_status":"open","ping_status":"closed","template":"","meta":[],"product_brand":[],"product_cat":[2494,2505],"product_tag":[],"class_list":{"0":"post-305363","1":"product","2":"type-product","3":"status-publish","4":"has-post-thumbnail","6":"product_cat-hombres","7":"product_cat-pantalones-cortos","8":"yith_product_brand-mnx-es","10":"first","11":"instock","12":"sale","13":"taxable","14":"shipping-taxable","15":"purchasable","16":"product-type-variable"},"exclude_global_add_ons":[],"addons":[],"_links":{"self":[{"href":"https:\/\/mnxsportswear.com\/es\/wp-json\/wp\/v2\/product\/305363","targetHints":{"allow":["GET"]}}],"collection":[{"href":"https:\/\/mnxsportswear.com\/es\/wp-json\/wp\/v2\/product"}],"about":[{"href":"https:\/\/mnxsportswear.com\/es\/wp-json\/wp\/v2\/types\/product"}],"replies":[{"embeddable":true,"href":"https:\/\/mnxsportswear.com\/es\/wp-json\/wp\/v2\/comments?post=305363"}],"version-history":[{"count":0,"href":"https:\/\/mnxsportswear.com\/es\/wp-json\/wp\/v2\/product\/305363\/revisions"}],"wp:featuredmedia":[{"embeddable":true,"href":"https:\/\/mnxsportswear.com\/es\/wp-json\/wp\/v2\/media\/338482"}],"wp:attachment":[{"href":"https:\/\/mnxsportswear.com\/es\/wp-json\/wp\/v2\/media?parent=305363"}],"wp:term":[{"taxonomy":"product_brand","embeddable":true,"href":"https:\/\/mnxsportswear.com\/es\/wp-json\/wp\/v2\/product_brand?post=305363"},{"taxonomy":"product_cat","embeddable":true,"href":"https:\/\/mnxsportswear.com\/es\/wp-json\/wp\/v2\/product_cat?post=305363"},{"taxonomy":"product_tag","embeddable":true,"href":"https:\/\/mnxsportswear.com\/es\/wp-json\/wp\/v2\/product_tag?post=305363"}],"curies":[{"name":"wp","href":"https:\/\/api.w.org\/{rel}","templated":true}]}}