{"id":306243,"date":"2022-06-25T09:22:32","date_gmt":"2022-06-25T07:22:32","guid":{"rendered":"https:\/\/mnxsportswear.com\/?post_type=product&#038;p=306243"},"modified":"2026-03-01T18:21:20","modified_gmt":"2026-03-01T17:21:20","slug":"mnx-unisex-cotton-socks-white-black","status":"publish","type":"product","link":"https:\/\/mnxsportswear.com\/es\/product\/mnx-unisex-cotton-socks-white-black\/","title":{"rendered":"MNX Unisex Cotton socks, blanco negro"},"content":{"rendered":"<div id=\"tab-description\" class=\"woocommerce-Tabs-panel woocommerce-Tabs-panel--description panel entry-content wc-tab\" role=\"tabpanel\" aria-labelledby=\"tab-title-description\">\n<p>MNX Calcetines de algod\u00f3n<\/p>\n<p><strong>Material:<\/strong> 95% algod\u00f3n, 4% elast\u00e1n, poliamida <strong>(Acortamiento hasta 3%.)<br \/>\n<\/strong><strong>Color: <\/strong>Como se muestra<br \/>\n<strong>Tallas (tabla de tallas de la UE):<\/strong> 38-42<\/p>\n<p><strong>CUIDADO DE LAVADO:<br \/>\n<\/strong>\u2013 Lavar a m\u00e1quina en fr\u00edo<br \/>\n\u2013 No usa blanqueador.<br \/>\n\u2013 No usar secadora.<\/p>\n<\/div>\n","protected":false},"excerpt":{"rendered":"<p>P\u00f3ngase a la moda con estos excelentes calcetines a rayas MNX, hechos de algod\u00f3n suave y c\u00f3modo. El paquete incluye <span style=\"color: #ff0000;\">1 par<\/span> de calcetines. <strong>Hecho en Eslovenia (UE).<\/strong><\/p>\n","protected":false},"featured_media":306330,"comment_status":"open","ping_status":"closed","template":"","meta":[],"product_brand":[],"product_cat":[2520,2519,2494,2516],"product_tag":[],"class_list":{"0":"post-306243","1":"product","2":"type-product","3":"status-publish","4":"has-post-thumbnail","6":"product_cat-accesorios-es","7":"product_cat-calcetines","8":"product_cat-hombres","9":"product_cat-mujer","10":"yith_product_brand-mnx-es","12":"first","13":"outofstock","14":"sale","15":"featured","16":"taxable","17":"shipping-taxable","18":"purchasable","19":"product-type-variable"},"exclude_global_add_ons":[],"addons":[],"_links":{"self":[{"href":"https:\/\/mnxsportswear.com\/es\/wp-json\/wp\/v2\/product\/306243","targetHints":{"allow":["GET"]}}],"collection":[{"href":"https:\/\/mnxsportswear.com\/es\/wp-json\/wp\/v2\/product"}],"about":[{"href":"https:\/\/mnxsportswear.com\/es\/wp-json\/wp\/v2\/types\/product"}],"replies":[{"embeddable":true,"href":"https:\/\/mnxsportswear.com\/es\/wp-json\/wp\/v2\/comments?post=306243"}],"version-history":[{"count":0,"href":"https:\/\/mnxsportswear.com\/es\/wp-json\/wp\/v2\/product\/306243\/revisions"}],"wp:featuredmedia":[{"embeddable":true,"href":"https:\/\/mnxsportswear.com\/es\/wp-json\/wp\/v2\/media\/306330"}],"wp:attachment":[{"href":"https:\/\/mnxsportswear.com\/es\/wp-json\/wp\/v2\/media?parent=306243"}],"wp:term":[{"taxonomy":"product_brand","embeddable":true,"href":"https:\/\/mnxsportswear.com\/es\/wp-json\/wp\/v2\/product_brand?post=306243"},{"taxonomy":"product_cat","embeddable":true,"href":"https:\/\/mnxsportswear.com\/es\/wp-json\/wp\/v2\/product_cat?post=306243"},{"taxonomy":"product_tag","embeddable":true,"href":"https:\/\/mnxsportswear.com\/es\/wp-json\/wp\/v2\/product_tag?post=306243"}],"curies":[{"name":"wp","href":"https:\/\/api.w.org\/{rel}","templated":true}]}}