{"id":306274,"date":"2022-06-25T09:34:13","date_gmt":"2022-06-25T07:34:13","guid":{"rendered":"https:\/\/mnxsportswear.com\/?post_type=product&#038;p=306274"},"modified":"2026-03-01T22:44:12","modified_gmt":"2026-03-01T21:44:12","slug":"mnx-unisex-cotton-socks-black","status":"publish","type":"product","link":"https:\/\/mnxsportswear.com\/es\/product\/mnx-unisex-cotton-socks-black\/","title":{"rendered":"MNX Unisex Cotton socks, black"},"content":{"rendered":"<div id=\"tab-description\" class=\"woocommerce-Tabs-panel woocommerce-Tabs-panel--description panel entry-content wc-tab\" role=\"tabpanel\" aria-labelledby=\"tab-title-description\">\n<p>MNX Calcetines de algod\u00f3n<\/p>\n<p><strong>Material:<\/strong> 95% algod\u00f3n, 4% elast\u00e1n, poliamida <strong>(Acortamiento hasta 3%.)<br \/>\n<\/strong><strong>Color: <\/strong>Como se muestra<br \/>\n<strong>Tallas (tabla de tallas de la UE):<\/strong> 38-42<\/p>\n<p><strong>CUIDADO DE LAVADO:<br \/>\n<\/strong>\u2013 Lavar a m\u00e1quina en fr\u00edo<br \/>\n\u2013 No usa blanqueador.<br \/>\n\u2013 No usar secadora.<\/p>\n<\/div>\n","protected":false},"excerpt":{"rendered":"<p>P\u00f3ngase a la moda con estos excelentes calcetines a rayas MNX, hechos de algod\u00f3n suave y c\u00f3modo. El paquete incluye <span style=\"color: #ff0000;\">1 par<\/span> de calcetines. <strong>Hecho en Eslovenia (UE).<\/strong><\/p>\n","protected":false},"featured_media":306322,"comment_status":"open","ping_status":"closed","template":"","meta":[],"product_brand":[],"product_cat":[2520,2519,2516],"product_tag":[],"class_list":{"0":"post-306274","1":"product","2":"type-product","3":"status-publish","4":"has-post-thumbnail","6":"product_cat-accesorios-es","7":"product_cat-calcetines","8":"product_cat-mujer","9":"yith_product_brand-mnx-es","11":"first","12":"instock","13":"sale","14":"featured","15":"taxable","16":"shipping-taxable","17":"purchasable","18":"product-type-variable"},"exclude_global_add_ons":[],"addons":[],"_links":{"self":[{"href":"https:\/\/mnxsportswear.com\/es\/wp-json\/wp\/v2\/product\/306274","targetHints":{"allow":["GET"]}}],"collection":[{"href":"https:\/\/mnxsportswear.com\/es\/wp-json\/wp\/v2\/product"}],"about":[{"href":"https:\/\/mnxsportswear.com\/es\/wp-json\/wp\/v2\/types\/product"}],"replies":[{"embeddable":true,"href":"https:\/\/mnxsportswear.com\/es\/wp-json\/wp\/v2\/comments?post=306274"}],"version-history":[{"count":0,"href":"https:\/\/mnxsportswear.com\/es\/wp-json\/wp\/v2\/product\/306274\/revisions"}],"wp:featuredmedia":[{"embeddable":true,"href":"https:\/\/mnxsportswear.com\/es\/wp-json\/wp\/v2\/media\/306322"}],"wp:attachment":[{"href":"https:\/\/mnxsportswear.com\/es\/wp-json\/wp\/v2\/media?parent=306274"}],"wp:term":[{"taxonomy":"product_brand","embeddable":true,"href":"https:\/\/mnxsportswear.com\/es\/wp-json\/wp\/v2\/product_brand?post=306274"},{"taxonomy":"product_cat","embeddable":true,"href":"https:\/\/mnxsportswear.com\/es\/wp-json\/wp\/v2\/product_cat?post=306274"},{"taxonomy":"product_tag","embeddable":true,"href":"https:\/\/mnxsportswear.com\/es\/wp-json\/wp\/v2\/product_tag?post=306274"}],"curies":[{"name":"wp","href":"https:\/\/api.w.org\/{rel}","templated":true}]}}