{"id":306289,"date":"2022-06-25T09:41:13","date_gmt":"2022-06-25T07:41:13","guid":{"rendered":"https:\/\/mnxsportswear.com\/?post_type=product&#038;p=306289"},"modified":"2026-03-01T20:55:57","modified_gmt":"2026-03-01T19:55:57","slug":"mnx-unisex-cotton-socks-white-pink","status":"publish","type":"product","link":"https:\/\/mnxsportswear.com\/es\/product\/mnx-unisex-cotton-socks-white-pink\/","title":{"rendered":"MNX Unisex Cotton socks, blanco y rosa"},"content":{"rendered":"<div id=\"tab-description\" class=\"woocommerce-Tabs-panel woocommerce-Tabs-panel--description panel entry-content wc-tab\" role=\"tabpanel\" aria-labelledby=\"tab-title-description\">\n<p>MNX Calcetines de algod\u00f3n<\/p>\n<p><strong>Material:<\/strong> 95% algod\u00f3n, 4% elast\u00e1n, poliamida <strong>(Acortamiento hasta 3%.)<br \/>\n<\/strong><strong>Color: <\/strong>Como se muestra<br \/>\n<strong>Tallas (tabla de tallas de la UE):<\/strong> 38-42<\/p>\n<p><strong>CUIDADO DE LAVADO:<br \/>\n<\/strong>\u2013 Lavar a m\u00e1quina en fr\u00edo<br \/>\n\u2013 No usa blanqueador.<br \/>\n\u2013 No usar secadora.<\/p>\n<\/div>\n","protected":false},"excerpt":{"rendered":"<p>P\u00f3ngase a la moda con estos excelentes calcetines a rayas MNX, hechos de algod\u00f3n suave y c\u00f3modo. El paquete incluye <span style=\"color: #ff0000;\">1 par<\/span> de calcetines. <strong>Hecho en Eslovenia (UE).<\/strong><\/p>\n","protected":false},"featured_media":306326,"comment_status":"open","ping_status":"closed","template":"","meta":[],"product_brand":[],"product_cat":[2520,2519,2516],"product_tag":[],"class_list":{"0":"post-306289","1":"product","2":"type-product","3":"status-publish","4":"has-post-thumbnail","6":"product_cat-accesorios-es","7":"product_cat-calcetines","8":"product_cat-mujer","9":"yith_product_brand-mnx-es","11":"first","12":"instock","13":"featured","14":"taxable","15":"shipping-taxable","16":"product-type-variable"},"exclude_global_add_ons":[],"addons":[],"_links":{"self":[{"href":"https:\/\/mnxsportswear.com\/es\/wp-json\/wp\/v2\/product\/306289","targetHints":{"allow":["GET"]}}],"collection":[{"href":"https:\/\/mnxsportswear.com\/es\/wp-json\/wp\/v2\/product"}],"about":[{"href":"https:\/\/mnxsportswear.com\/es\/wp-json\/wp\/v2\/types\/product"}],"replies":[{"embeddable":true,"href":"https:\/\/mnxsportswear.com\/es\/wp-json\/wp\/v2\/comments?post=306289"}],"version-history":[{"count":0,"href":"https:\/\/mnxsportswear.com\/es\/wp-json\/wp\/v2\/product\/306289\/revisions"}],"wp:featuredmedia":[{"embeddable":true,"href":"https:\/\/mnxsportswear.com\/es\/wp-json\/wp\/v2\/media\/306326"}],"wp:attachment":[{"href":"https:\/\/mnxsportswear.com\/es\/wp-json\/wp\/v2\/media?parent=306289"}],"wp:term":[{"taxonomy":"product_brand","embeddable":true,"href":"https:\/\/mnxsportswear.com\/es\/wp-json\/wp\/v2\/product_brand?post=306289"},{"taxonomy":"product_cat","embeddable":true,"href":"https:\/\/mnxsportswear.com\/es\/wp-json\/wp\/v2\/product_cat?post=306289"},{"taxonomy":"product_tag","embeddable":true,"href":"https:\/\/mnxsportswear.com\/es\/wp-json\/wp\/v2\/product_tag?post=306289"}],"curies":[{"name":"wp","href":"https:\/\/api.w.org\/{rel}","templated":true}]}}