{"id":313573,"date":"2022-10-17T12:08:44","date_gmt":"2022-10-17T10:08:44","guid":{"rendered":"https:\/\/mnxsportswear.com\/?post_type=product&#038;p=313573"},"modified":"2026-03-06T14:41:50","modified_gmt":"2026-03-06T13:41:50","slug":"mnx-extra-camiseta-hc-2-0-limited-white","status":"publish","type":"product","link":"https:\/\/mnxsportswear.com\/es\/product\/mnx-extra-camiseta-hc-2-0-limited-white\/","title":{"rendered":"MNX Extra camiseta HC 2.0 *Limited*, blanco"},"content":{"rendered":"<p>Camiseta extra grande de hombre MNX.<\/p>\n<ul>\n<li>de gran tama\u00f1o,<\/li>\n<li>edici\u00f3n limitada<\/li>\n<li>tela suave (algod\u00f3n),<\/li>\n<li>logotipo grande y la espalda y uno peque\u00f1o en el frente<\/li>\n<li>logotipo tejido en la parte inferior.<\/li>\n<\/ul>\n<p><strong>Material:<\/strong> 100% algod\u00f3n<br \/>\n<strong>Color:<\/strong> como se muestra<br \/>\n<strong>Estilo:<\/strong> camiseta de gran tama\u00f1o<br \/>\n<strong>Peso:<\/strong> aproximado. 250 gramos<br \/>\n<strong>Tallas:<\/strong> S\/M, L\/XL, 2XL\/3XL<\/p>\n","protected":false},"excerpt":{"rendered":"<p>Si\u00e9ntete fresco y c\u00f3modo con esta camiseta extra grande en <strong>EDICI\u00d3N LIMITADA<\/strong>. Con <strong>estilo rasgado<\/strong> y <strong>gran logo MNX<\/strong> en la parte trasera. La tela suave, hecha de 100% <strong>algod\u00f3n es s\u00faper c\u00f3moda<\/strong>.<\/p>\n","protected":false},"featured_media":338037,"comment_status":"open","ping_status":"closed","template":"","meta":[],"product_brand":[],"product_cat":[2507,3059,3156,2494],"product_tag":[],"class_list":{"0":"post-313573","1":"product","2":"type-product","3":"status-publish","4":"has-post-thumbnail","6":"product_cat-camisetas","7":"product_cat-de-gran-tamano","8":"product_cat-extra-es","9":"product_cat-hombres","10":"yith_product_brand-extra-es","11":"yith_product_brand-mnx-es","13":"first","14":"instock","15":"taxable","16":"shipping-taxable","17":"purchasable","18":"product-type-variable"},"exclude_global_add_ons":[],"addons":[],"_links":{"self":[{"href":"https:\/\/mnxsportswear.com\/es\/wp-json\/wp\/v2\/product\/313573","targetHints":{"allow":["GET"]}}],"collection":[{"href":"https:\/\/mnxsportswear.com\/es\/wp-json\/wp\/v2\/product"}],"about":[{"href":"https:\/\/mnxsportswear.com\/es\/wp-json\/wp\/v2\/types\/product"}],"replies":[{"embeddable":true,"href":"https:\/\/mnxsportswear.com\/es\/wp-json\/wp\/v2\/comments?post=313573"}],"version-history":[{"count":0,"href":"https:\/\/mnxsportswear.com\/es\/wp-json\/wp\/v2\/product\/313573\/revisions"}],"wp:featuredmedia":[{"embeddable":true,"href":"https:\/\/mnxsportswear.com\/es\/wp-json\/wp\/v2\/media\/338037"}],"wp:attachment":[{"href":"https:\/\/mnxsportswear.com\/es\/wp-json\/wp\/v2\/media?parent=313573"}],"wp:term":[{"taxonomy":"product_brand","embeddable":true,"href":"https:\/\/mnxsportswear.com\/es\/wp-json\/wp\/v2\/product_brand?post=313573"},{"taxonomy":"product_cat","embeddable":true,"href":"https:\/\/mnxsportswear.com\/es\/wp-json\/wp\/v2\/product_cat?post=313573"},{"taxonomy":"product_tag","embeddable":true,"href":"https:\/\/mnxsportswear.com\/es\/wp-json\/wp\/v2\/product_tag?post=313573"}],"curies":[{"name":"wp","href":"https:\/\/api.w.org\/{rel}","templated":true}]}}