{"id":316726,"date":"2022-12-02T09:23:07","date_gmt":"2022-12-02T08:23:07","guid":{"rendered":"https:\/\/mnxsportswear.com\/?post_type=product&#038;p=316726"},"modified":"2026-03-03T11:55:56","modified_gmt":"2026-03-03T10:55:56","slug":"mnx-pantalones-clasicos-de-culturismo-xforce","status":"publish","type":"product","link":"https:\/\/mnxsportswear.com\/es\/product\/mnx-pantalones-clasicos-de-culturismo-xforce\/","title":{"rendered":"MNX Pantalones cl\u00e1sicos de culturismo Xforce"},"content":{"rendered":"<p>Pantalones de algod\u00f3n de musculaci\u00f3n MNX.<\/p>\n<ul>\n<li>Hecho de algod\u00f3n ligero,<\/li>\n<li>bolsillos cl\u00e1sicos en ambos lados,<\/li>\n<li>cintura el\u00e1stica con cord\u00f3n ajustable,<\/li>\n<li>dise\u00f1o y detalles \u00fanicos,<\/li>\n<li>de la colecci\u00f3n Edici\u00f3n Especial.<\/li>\n<\/ul>\n<p><strong>Material:<\/strong> 100% algod\u00f3n<br \/>\n<strong>Color:<\/strong> como se muestra<br \/>\n<strong>Tallas:<\/strong> S, M, L, XL, XXL, 3XL<\/p>\n","protected":false},"excerpt":{"rendered":"<p><span class=\"HwtZe\" lang=\"es\"> <span class=\"jCAhz ChMk0b\"><span class=\"ryNqvb\">Estos pantalones Xforce combinan los mundos de la ropa deportiva y la moda, brindando una apariencia que no se parece a nada en la l\u00ednea de culturismo.<\/span><\/span> <span class=\"jCAhz ChMk0b\"><span class=\"ryNqvb\">Confeccionado <strong>en 100% algod\u00f3n<\/strong> con <strong>el estampado original MNX.<\/strong><\/span><\/span> <span class=\"jCAhz ChMk0b\"><span class=\"ryNqvb\"><strong>Bolsillos cl\u00e1sicos<\/strong> en ambos lados y <strong>cintura el\u00e1stica<\/strong> con <strong>cord\u00f3n ajustable<\/strong>.<\/span><\/span> <span class=\"jCAhz ChMk0b\"><span class=\"ryNqvb\">Estos pantalones ofrecen la m\u00e1xima comodidad gracias al tejido suave.<\/span><\/span> <span class=\"jCAhz ChMk0b\"><span class=\"ryNqvb\">Combina estos pantalones con la sudadera con capucha Xforce y crea un conjunto perfecto.<\/span><\/span><\/span><\/p>\n<p>&nbsp;<\/p>\n","protected":false},"featured_media":338193,"comment_status":"open","ping_status":"closed","template":"","meta":[],"product_brand":[],"product_cat":[3080,2513],"product_tag":[],"class_list":{"0":"post-316726","1":"product","2":"type-product","3":"status-publish","4":"has-post-thumbnail","6":"product_cat-corte-holgado","7":"product_cat-pantalones-largos","9":"first","10":"instock","11":"sale","12":"taxable","13":"shipping-taxable","14":"purchasable","15":"product-type-variable"},"exclude_global_add_ons":[],"addons":[],"_links":{"self":[{"href":"https:\/\/mnxsportswear.com\/es\/wp-json\/wp\/v2\/product\/316726","targetHints":{"allow":["GET"]}}],"collection":[{"href":"https:\/\/mnxsportswear.com\/es\/wp-json\/wp\/v2\/product"}],"about":[{"href":"https:\/\/mnxsportswear.com\/es\/wp-json\/wp\/v2\/types\/product"}],"replies":[{"embeddable":true,"href":"https:\/\/mnxsportswear.com\/es\/wp-json\/wp\/v2\/comments?post=316726"}],"version-history":[{"count":0,"href":"https:\/\/mnxsportswear.com\/es\/wp-json\/wp\/v2\/product\/316726\/revisions"}],"wp:featuredmedia":[{"embeddable":true,"href":"https:\/\/mnxsportswear.com\/es\/wp-json\/wp\/v2\/media\/338193"}],"wp:attachment":[{"href":"https:\/\/mnxsportswear.com\/es\/wp-json\/wp\/v2\/media?parent=316726"}],"wp:term":[{"taxonomy":"product_brand","embeddable":true,"href":"https:\/\/mnxsportswear.com\/es\/wp-json\/wp\/v2\/product_brand?post=316726"},{"taxonomy":"product_cat","embeddable":true,"href":"https:\/\/mnxsportswear.com\/es\/wp-json\/wp\/v2\/product_cat?post=316726"},{"taxonomy":"product_tag","embeddable":true,"href":"https:\/\/mnxsportswear.com\/es\/wp-json\/wp\/v2\/product_tag?post=316726"}],"curies":[{"name":"wp","href":"https:\/\/api.w.org\/{rel}","templated":true}]}}