{"id":317230,"date":"2022-12-05T14:08:25","date_gmt":"2022-12-05T13:08:25","guid":{"rendered":"https:\/\/mnxsportswear.com\/?post_type=product&#038;p=317230"},"modified":"2026-03-01T18:08:06","modified_gmt":"2026-03-01T17:08:06","slug":"mnx-pantalones-acanalados-hammer-2-0-grey","status":"publish","type":"product","link":"https:\/\/mnxsportswear.com\/es\/product\/mnx-pantalones-acanalados-hammer-2-0-grey\/","title":{"rendered":"MNX Pantalones acanalados Hammer 2.0, gris"},"content":{"rendered":"<p>Pantal\u00f3n MNX Hammer 2.0.<\/p>\n<ul>\n<li>material acanalado suave,<\/li>\n<li>detalles de tela de malla,<\/li>\n<li>impresi\u00f3n de goma en relieve,<\/li>\n<li>parche tejido Hammer 2.0.<\/li>\n<\/ul>\n<p><strong>Material:<\/strong> 65% algod\u00f3n, 35% poli\u00e9ster<br \/>\n<strong>Color:<\/strong> como se muestra<br \/>\n<strong>Estilo:<\/strong> de gran tama\u00f1o<br \/>\n<strong>Tallas:<\/strong>\u00a0S, M, L, XL, 2XL, 3XL<\/p>\n","protected":false},"excerpt":{"rendered":"<p>Todo el mundo necesita un gran par de pantalones de entrenamiento para el deporte o el tiempo libre. Estos pantalones Hammer est\u00e1n confeccionados en suave tejido acanalado para los d\u00edas m\u00e1s fr\u00edos. Con <strong>bolsillos laterales con cremallera<\/strong>, <strong>cintura el\u00e1stica<\/strong> con <strong>cord\u00f3n interior ajustable<\/strong> y <strong>logos especiales<\/strong> MNX. Disponible en varios colores. Combina estos pantalones con las camisetas de entrenamiento Hammer y crea un conjunto perfecto.<\/p>\n","protected":false},"featured_media":335024,"comment_status":"open","ping_status":"closed","template":"","meta":[],"product_brand":[],"product_cat":[3080,3162,2494,2513,3588],"product_tag":[],"class_list":{"0":"post-317230","1":"product","2":"type-product","3":"status-publish","4":"has-post-thumbnail","6":"product_cat-corte-holgado","7":"product_cat-hammer-es","8":"product_cat-hombres","9":"product_cat-pantalones-largos","10":"product_cat-repoblar","11":"yith_product_brand-hammer-es","12":"yith_product_brand-mnx-es","14":"first","15":"instock","16":"featured","17":"taxable","18":"shipping-taxable","19":"purchasable","20":"product-type-variable"},"exclude_global_add_ons":[],"addons":[],"_links":{"self":[{"href":"https:\/\/mnxsportswear.com\/es\/wp-json\/wp\/v2\/product\/317230","targetHints":{"allow":["GET"]}}],"collection":[{"href":"https:\/\/mnxsportswear.com\/es\/wp-json\/wp\/v2\/product"}],"about":[{"href":"https:\/\/mnxsportswear.com\/es\/wp-json\/wp\/v2\/types\/product"}],"replies":[{"embeddable":true,"href":"https:\/\/mnxsportswear.com\/es\/wp-json\/wp\/v2\/comments?post=317230"}],"version-history":[{"count":1,"href":"https:\/\/mnxsportswear.com\/es\/wp-json\/wp\/v2\/product\/317230\/revisions"}],"predecessor-version":[{"id":406958,"href":"https:\/\/mnxsportswear.com\/es\/wp-json\/wp\/v2\/product\/317230\/revisions\/406958"}],"wp:featuredmedia":[{"embeddable":true,"href":"https:\/\/mnxsportswear.com\/es\/wp-json\/wp\/v2\/media\/335024"}],"wp:attachment":[{"href":"https:\/\/mnxsportswear.com\/es\/wp-json\/wp\/v2\/media?parent=317230"}],"wp:term":[{"taxonomy":"product_brand","embeddable":true,"href":"https:\/\/mnxsportswear.com\/es\/wp-json\/wp\/v2\/product_brand?post=317230"},{"taxonomy":"product_cat","embeddable":true,"href":"https:\/\/mnxsportswear.com\/es\/wp-json\/wp\/v2\/product_cat?post=317230"},{"taxonomy":"product_tag","embeddable":true,"href":"https:\/\/mnxsportswear.com\/es\/wp-json\/wp\/v2\/product_tag?post=317230"}],"curies":[{"name":"wp","href":"https:\/\/api.w.org\/{rel}","templated":true}]}}