{"id":318687,"date":"2023-01-19T14:25:16","date_gmt":"2023-01-19T13:25:16","guid":{"rendered":"https:\/\/mnxsportswear.com\/?post_type=product&#038;p=318687"},"modified":"2026-03-01T18:00:48","modified_gmt":"2026-03-01T17:00:48","slug":"mnx-classic-stringer-tank-top-02-black-copy","status":"publish","type":"product","link":"https:\/\/mnxsportswear.com\/es\/product\/mnx-classic-stringer-tank-top-02-black-copy\/","title":{"rendered":"MNX camiseta sin mangas ManiaX *LIMITED*"},"content":{"rendered":"<p>Camiseta de tirantes MNX Stringer ManiaX.<\/p>\n<ul>\n<li>hecho de mezcla de algod\u00f3n 100% para m\u00e1xima comodidad,<\/li>\n<li>MNX dise\u00f1o gr\u00e1fico original,<\/li>\n<li>corte regular y con dobladillo redondeado.<\/li>\n<\/ul>\n<p><strong>Material:<\/strong> 100% algod\u00f3n (5% encogimiento)<br \/>\n<strong>Color:<\/strong> como se muestra<br \/>\n<strong>Estilo: <\/strong>cl\u00e1sico<br \/>\n<strong>Peso<\/strong> aproximado. 150 gramos<br \/>\n<strong>Tallas:<\/strong> XS\/S, S\/M, L\/XL, 2XL\/3XL<\/p>\n","protected":false},"excerpt":{"rendered":"<div class=\"lRu31\"><span class=\"HwtZe\" lang=\"es\"><span class=\"jCAhz ChMk0b\"><span class=\"ryNqvb\">La ic\u00f3nica colecci\u00f3n ManiaX est\u00e1 de regreso.<\/span><\/span> <span class=\"jCAhz ChMk0b\"><span class=\"ryNqvb\">Esta camiseta sin mangas combina los mundos de la ropa deportiva y la moda, brindando un estilo que no se parece a nada en la l\u00ednea de culturismo.<\/span><\/span> <span class=\"jCAhz ChMk0b\"><span class=\"ryNqvb\"><strong>Totalmente estampado<\/strong> con gr\u00e1ficos MNX originales y confeccionado con <strong>una c\u00f3moda mezcla de algod\u00f3n<\/strong>.<\/span><\/span> <span class=\"jCAhz ChMk0b\"><span class=\"ryNqvb\">Con pu\u00f1os rotos y bajo redondeado.<\/span><\/span> <span class=\"jCAhz ChMk0b\"><span class=\"ryNqvb\">Edici\u00f3n limitada: consigue el tuyo mientras puedas.<\/span><\/span><\/span><\/div>\n<div class=\"UdTY9 WdefRb\" aria-hidden=\"true\" data-location=\"2\">\n<div class=\"kO6q6e\"><\/div>\n<\/div>\n","protected":false},"featured_media":328748,"comment_status":"open","ping_status":"closed","template":"","meta":[],"product_brand":[],"product_cat":[2511,2494,3168,3098],"product_tag":[],"class_list":{"0":"post-318687","1":"product","2":"type-product","3":"status-publish","4":"has-post-thumbnail","6":"product_cat-camisetas-sin-mangas","7":"product_cat-hombres","8":"product_cat-maniax-es","9":"product_cat-stringer-es","10":"yith_product_brand-mnx-es","12":"first","13":"instock","14":"sale","15":"taxable","16":"shipping-taxable","17":"purchasable","18":"product-type-variable"},"exclude_global_add_ons":[],"addons":[],"_links":{"self":[{"href":"https:\/\/mnxsportswear.com\/es\/wp-json\/wp\/v2\/product\/318687","targetHints":{"allow":["GET"]}}],"collection":[{"href":"https:\/\/mnxsportswear.com\/es\/wp-json\/wp\/v2\/product"}],"about":[{"href":"https:\/\/mnxsportswear.com\/es\/wp-json\/wp\/v2\/types\/product"}],"replies":[{"embeddable":true,"href":"https:\/\/mnxsportswear.com\/es\/wp-json\/wp\/v2\/comments?post=318687"}],"version-history":[{"count":0,"href":"https:\/\/mnxsportswear.com\/es\/wp-json\/wp\/v2\/product\/318687\/revisions"}],"wp:featuredmedia":[{"embeddable":true,"href":"https:\/\/mnxsportswear.com\/es\/wp-json\/wp\/v2\/media\/328748"}],"wp:attachment":[{"href":"https:\/\/mnxsportswear.com\/es\/wp-json\/wp\/v2\/media?parent=318687"}],"wp:term":[{"taxonomy":"product_brand","embeddable":true,"href":"https:\/\/mnxsportswear.com\/es\/wp-json\/wp\/v2\/product_brand?post=318687"},{"taxonomy":"product_cat","embeddable":true,"href":"https:\/\/mnxsportswear.com\/es\/wp-json\/wp\/v2\/product_cat?post=318687"},{"taxonomy":"product_tag","embeddable":true,"href":"https:\/\/mnxsportswear.com\/es\/wp-json\/wp\/v2\/product_tag?post=318687"}],"curies":[{"name":"wp","href":"https:\/\/api.w.org\/{rel}","templated":true}]}}