{"id":319258,"date":"2022-11-23T14:57:09","date_gmt":"2022-11-23T13:57:09","guid":{"rendered":"https:\/\/mnxsportswear.com\/?post_type=product&#038;p=319258"},"modified":"2026-03-01T18:22:02","modified_gmt":"2026-03-01T17:22:02","slug":"mnx-womens-hoodie-oxygen-beige","status":"publish","type":"product","link":"https:\/\/mnxsportswear.com\/es\/product\/mnx-womens-hoodie-oxygen-beige\/","title":{"rendered":"MNX Sudadera con capucha de mujer Oxygen, beige"},"content":{"rendered":"<p>Sudadera de algod\u00f3n MNX OXYGEN con dise\u00f1o \u00fanico.<\/p>\n<ul>\n<li>hecho de mezcla de algod\u00f3n suave y c\u00e1lido para una m\u00e1xima comodidad,<\/li>\n<li>con bolsillos,<\/li>\n<li>capucha con cord\u00f3n para un ajuste regulable,<\/li>\n<li>dise\u00f1o y detalles \u00fanicos.<\/li>\n<\/ul>\n<p><strong>Material:<\/strong> 80% algod\u00f3n, 20% poli\u00e9ster (5% encogimiento);<br \/>\n<strong>Color:<\/strong> como se muestra<br \/>\n<strong>Peso<\/strong> aproximado. 550 gramos<br \/>\n<strong>Tallas:<\/strong> XS\/S, M\/L<\/p>\n<p><em>El modelo de la foto (160 cm\/ 50 kg) usa talla XS\/S.<\/em><\/p>\n<p>&nbsp;<\/p>\n<p>&nbsp;<\/p>\n","protected":false},"excerpt":{"rendered":"<p>Completa tu guardarropa con esta elegante sudadera con capucha de estilo urbano <em>Oxygen<\/em>. Confeccionado en <strong>c\u00e1lido algod\u00f3n s\u00faper suave<\/strong> con <strong>bolsillos laterales<\/strong>, capucha con cord\u00f3n para un ajuste personalizado y pu\u00f1os y dobladillo acanalados. Con un calce c\u00f3modo para todos los d\u00edas, se convertir\u00e1 r\u00e1pidamente en tu prenda casual para todo uso. Combina esta sudadera con capucha con los pantalones Oxygen y crea un conjunto perfecto.<\/p>\n","protected":false},"featured_media":319389,"comment_status":"open","ping_status":"closed","template":"","meta":[],"product_brand":[],"product_cat":[2516,2754],"product_tag":[],"class_list":{"0":"post-319258","1":"product","2":"type-product","3":"status-publish","4":"has-post-thumbnail","6":"product_cat-mujer","7":"product_cat-sudaderas-es","8":"yith_product_brand-mnx-es","9":"yith_product_brand-oxygen-es","11":"first","12":"outofstock","13":"sale","14":"featured","15":"taxable","16":"shipping-taxable","17":"purchasable","18":"product-type-variable"},"exclude_global_add_ons":[],"addons":[],"_links":{"self":[{"href":"https:\/\/mnxsportswear.com\/es\/wp-json\/wp\/v2\/product\/319258","targetHints":{"allow":["GET"]}}],"collection":[{"href":"https:\/\/mnxsportswear.com\/es\/wp-json\/wp\/v2\/product"}],"about":[{"href":"https:\/\/mnxsportswear.com\/es\/wp-json\/wp\/v2\/types\/product"}],"replies":[{"embeddable":true,"href":"https:\/\/mnxsportswear.com\/es\/wp-json\/wp\/v2\/comments?post=319258"}],"version-history":[{"count":1,"href":"https:\/\/mnxsportswear.com\/es\/wp-json\/wp\/v2\/product\/319258\/revisions"}],"predecessor-version":[{"id":407070,"href":"https:\/\/mnxsportswear.com\/es\/wp-json\/wp\/v2\/product\/319258\/revisions\/407070"}],"wp:featuredmedia":[{"embeddable":true,"href":"https:\/\/mnxsportswear.com\/es\/wp-json\/wp\/v2\/media\/319389"}],"wp:attachment":[{"href":"https:\/\/mnxsportswear.com\/es\/wp-json\/wp\/v2\/media?parent=319258"}],"wp:term":[{"taxonomy":"product_brand","embeddable":true,"href":"https:\/\/mnxsportswear.com\/es\/wp-json\/wp\/v2\/product_brand?post=319258"},{"taxonomy":"product_cat","embeddable":true,"href":"https:\/\/mnxsportswear.com\/es\/wp-json\/wp\/v2\/product_cat?post=319258"},{"taxonomy":"product_tag","embeddable":true,"href":"https:\/\/mnxsportswear.com\/es\/wp-json\/wp\/v2\/product_tag?post=319258"}],"curies":[{"name":"wp","href":"https:\/\/api.w.org\/{rel}","templated":true}]}}