{"id":323799,"date":"2023-05-04T11:04:09","date_gmt":"2023-05-04T09:04:09","guid":{"rendered":"https:\/\/mnxsportswear.com\/?post_type=product&#038;p=323799"},"modified":"2026-03-01T18:07:11","modified_gmt":"2026-03-01T17:07:11","slug":"mnx-sudadera-ligera-aesthetic-negra","status":"publish","type":"product","link":"https:\/\/mnxsportswear.com\/es\/product\/mnx-sudadera-ligera-aesthetic-negra\/","title":{"rendered":"MNX Sudadera ligera Aesthetic, negra"},"content":{"rendered":"<p><strong>Sudadera algod\u00f3n MNX Aesthetic.<br \/>\n<\/strong><\/p>\n<ul>\n<li>tejido ligeramente el\u00e1stico,<\/li>\n<li>algod\u00f3n ligero,<\/li>\n<li>ajuste regular acogedor y tejido de algod\u00f3n transpirable,<\/li>\n<li>dise\u00f1o minimalista con peque\u00f1os logos de goma en 3D.<\/li>\n<\/ul>\n<p><strong>Material:<\/strong> 100% algod\u00f3n (5% encogimiento)<br \/>\n<strong>Color:<\/strong> como se muestra<br \/>\n<strong>Peso aproximado.<\/strong> 340 gramos<br \/>\n<strong>Estilo\/modelo:<\/strong> de gran tama\u00f1o<br \/>\n<strong>Tallas:<\/strong> S\/M, L\/XL, XXL\/3XL<\/p>\n","protected":false},"excerpt":{"rendered":"<p>Esta sudadera oversize es la compa\u00f1era perfecta en los d\u00edas m\u00e1s c\u00e1lidos. Con cuello m\u00e1s ancho, tejido de algod\u00f3n ligero, ajuste extragrande y marca minimalista. Comb\u00ednalo con jeans para un look casual o con ropa deportiva. Disponible en varios colores.<\/p>\n","protected":false},"featured_media":329076,"comment_status":"open","ping_status":"closed","template":"","meta":[],"product_brand":[],"product_cat":[3153,2494,2512,3074],"product_tag":[],"class_list":{"0":"post-323799","1":"product","2":"type-product","3":"status-publish","4":"has-post-thumbnail","6":"product_cat-aesthetic-es","7":"product_cat-hombres","8":"product_cat-sudaderas","9":"product_cat-sudaderas-es-2","10":"yith_product_brand-aesthetic-es","12":"first","13":"outofstock","14":"featured","15":"taxable","16":"shipping-taxable","17":"purchasable","18":"product-type-variable"},"exclude_global_add_ons":[],"addons":[],"_links":{"self":[{"href":"https:\/\/mnxsportswear.com\/es\/wp-json\/wp\/v2\/product\/323799","targetHints":{"allow":["GET"]}}],"collection":[{"href":"https:\/\/mnxsportswear.com\/es\/wp-json\/wp\/v2\/product"}],"about":[{"href":"https:\/\/mnxsportswear.com\/es\/wp-json\/wp\/v2\/types\/product"}],"replies":[{"embeddable":true,"href":"https:\/\/mnxsportswear.com\/es\/wp-json\/wp\/v2\/comments?post=323799"}],"version-history":[{"count":1,"href":"https:\/\/mnxsportswear.com\/es\/wp-json\/wp\/v2\/product\/323799\/revisions"}],"predecessor-version":[{"id":407061,"href":"https:\/\/mnxsportswear.com\/es\/wp-json\/wp\/v2\/product\/323799\/revisions\/407061"}],"wp:featuredmedia":[{"embeddable":true,"href":"https:\/\/mnxsportswear.com\/es\/wp-json\/wp\/v2\/media\/329076"}],"wp:attachment":[{"href":"https:\/\/mnxsportswear.com\/es\/wp-json\/wp\/v2\/media?parent=323799"}],"wp:term":[{"taxonomy":"product_brand","embeddable":true,"href":"https:\/\/mnxsportswear.com\/es\/wp-json\/wp\/v2\/product_brand?post=323799"},{"taxonomy":"product_cat","embeddable":true,"href":"https:\/\/mnxsportswear.com\/es\/wp-json\/wp\/v2\/product_cat?post=323799"},{"taxonomy":"product_tag","embeddable":true,"href":"https:\/\/mnxsportswear.com\/es\/wp-json\/wp\/v2\/product_tag?post=323799"}],"curies":[{"name":"wp","href":"https:\/\/api.w.org\/{rel}","templated":true}]}}