{"id":324090,"date":"2023-05-05T10:52:15","date_gmt":"2023-05-05T08:52:15","guid":{"rendered":"https:\/\/mnxsportswear.com\/?post_type=product&#038;p=324090"},"modified":"2026-03-01T18:07:11","modified_gmt":"2026-03-01T17:07:11","slug":"mnx-sudadera-con-capucha-ligera-aesthetic-dove","status":"publish","type":"product","link":"https:\/\/mnxsportswear.com\/es\/product\/mnx-sudadera-con-capucha-ligera-aesthetic-dove\/","title":{"rendered":"MNX Sudadera con capucha ligera Aesthetic, dove"},"content":{"rendered":"<p><strong>Sudadera algod\u00f3n MNX Est\u00e9tica.<\/strong><\/p>\n<ul>\n<li>Hecho de mezcla de algod\u00f3n suave y ligero para una m\u00e1xima comodidad,<\/li>\n<li>con bolsillos,<\/li>\n<li>capucha con cord\u00f3n para un ajuste regulable,<\/li>\n<li>remaches metalicos,<\/li>\n<li>dise\u00f1o y detalles \u00fanicos.<\/li>\n<\/ul>\n<p><strong>Material:<\/strong> 100% algod\u00f3n (5% encogimiento);<br \/>\n<strong>Color:<\/strong> como se muestra<br \/>\n<strong>Peso aproximado.<\/strong> 450 gramos<br \/>\n<strong>Tallas:<\/strong> S\/M, L\/XL, XXL\/3XL<\/p>\n","protected":false},"excerpt":{"rendered":"<p>Equ\u00edpate con esta ligera sudadera con capucha Aesthetic, confeccionada en 100% algod\u00f3n. Con un corte cl\u00e1sico, remaches met\u00e1licos estilo MNX, marca minimalista y tejido ligero. Disponible en varios colores.<\/p>\n","protected":false},"featured_media":329128,"comment_status":"open","ping_status":"closed","template":"","meta":[],"product_brand":[],"product_cat":[3153,2494,2512,3071],"product_tag":[],"class_list":{"0":"post-324090","1":"product","2":"type-product","3":"status-publish","4":"has-post-thumbnail","6":"product_cat-aesthetic-es","7":"product_cat-hombres","8":"product_cat-sudaderas","9":"product_cat-sudaderas-con-capucha","10":"yith_product_brand-aesthetic-es","11":"yith_product_brand-mnx-es","13":"first","14":"instock","15":"featured","16":"taxable","17":"shipping-taxable","18":"purchasable","19":"product-type-variable"},"exclude_global_add_ons":[],"addons":[],"_links":{"self":[{"href":"https:\/\/mnxsportswear.com\/es\/wp-json\/wp\/v2\/product\/324090","targetHints":{"allow":["GET"]}}],"collection":[{"href":"https:\/\/mnxsportswear.com\/es\/wp-json\/wp\/v2\/product"}],"about":[{"href":"https:\/\/mnxsportswear.com\/es\/wp-json\/wp\/v2\/types\/product"}],"replies":[{"embeddable":true,"href":"https:\/\/mnxsportswear.com\/es\/wp-json\/wp\/v2\/comments?post=324090"}],"version-history":[{"count":1,"href":"https:\/\/mnxsportswear.com\/es\/wp-json\/wp\/v2\/product\/324090\/revisions"}],"predecessor-version":[{"id":407058,"href":"https:\/\/mnxsportswear.com\/es\/wp-json\/wp\/v2\/product\/324090\/revisions\/407058"}],"wp:featuredmedia":[{"embeddable":true,"href":"https:\/\/mnxsportswear.com\/es\/wp-json\/wp\/v2\/media\/329128"}],"wp:attachment":[{"href":"https:\/\/mnxsportswear.com\/es\/wp-json\/wp\/v2\/media?parent=324090"}],"wp:term":[{"taxonomy":"product_brand","embeddable":true,"href":"https:\/\/mnxsportswear.com\/es\/wp-json\/wp\/v2\/product_brand?post=324090"},{"taxonomy":"product_cat","embeddable":true,"href":"https:\/\/mnxsportswear.com\/es\/wp-json\/wp\/v2\/product_cat?post=324090"},{"taxonomy":"product_tag","embeddable":true,"href":"https:\/\/mnxsportswear.com\/es\/wp-json\/wp\/v2\/product_tag?post=324090"}],"curies":[{"name":"wp","href":"https:\/\/api.w.org\/{rel}","templated":true}]}}