{"id":324722,"date":"2020-05-05T12:07:13","date_gmt":"2020-05-05T10:07:13","guid":{"rendered":"https:\/\/mnxsportswear.com\/?post_type=product&#038;p=324722"},"modified":"2026-03-02T04:39:10","modified_gmt":"2026-03-02T03:39:10","slug":"mnx-camisa-de-franela-golden-era-azul","status":"publish","type":"product","link":"https:\/\/mnxsportswear.com\/es\/product\/mnx-camisa-de-franela-golden-era-azul\/","title":{"rendered":"MNX Camisa de franela Golden Era, azul"},"content":{"rendered":"<p><strong>Elegante camisa de franela MNX Golden Era.<\/strong><\/p>\n<ul>\n<li>Hecho de algod\u00f3n suave y ligero,<\/li>\n<li>patr\u00f3n cl\u00e1sico cuadrado,<\/li>\n<li>ajuste regular acogedor,<\/li>\n<li>dise\u00f1o y detalles \u00fanicos.<\/li>\n<\/ul>\n<p><strong>Material:<\/strong> 100% algod\u00f3n (5% encogimiento)<br \/>\n<strong>Color:<\/strong> como se muestra<br \/>\n<strong>Peso aproximado.<\/strong> 340 gramos<br \/>\n<strong>Estilo\/modelo:<\/strong> de gran tama\u00f1o<br \/>\n<strong>Tallas:<\/strong> S\/M, L\/XL, XXL\/3XL<\/p>\n","protected":false},"excerpt":{"rendered":"<p>Mejora tu guardarropa con esta camiseta Golden Era Venice Beach, que rinde homenaje a la era dorada del culturismo. Abot\u00f3nalo hacia arriba o hacia abajo y p\u00e9inalo como quieras. Con original estampado de cuadros, corte holgado, manga corta y tejido ligero de algod\u00f3n. Disponible en varios colores.<\/p>\n","protected":false},"featured_media":337841,"comment_status":"open","ping_status":"closed","template":"","meta":[],"product_brand":[],"product_cat":[2507,3059,3196,2494],"product_tag":[],"class_list":{"0":"post-324722","1":"product","2":"type-product","3":"status-publish","4":"has-post-thumbnail","6":"product_cat-camisetas","7":"product_cat-de-gran-tamano","8":"product_cat-golden-era-es-2","9":"product_cat-hombres","10":"yith_product_brand-golden-era-es","12":"first","13":"outofstock","14":"featured","15":"taxable","16":"shipping-taxable","17":"purchasable","18":"product-type-variable"},"exclude_global_add_ons":[],"addons":[],"_links":{"self":[{"href":"https:\/\/mnxsportswear.com\/es\/wp-json\/wp\/v2\/product\/324722","targetHints":{"allow":["GET"]}}],"collection":[{"href":"https:\/\/mnxsportswear.com\/es\/wp-json\/wp\/v2\/product"}],"about":[{"href":"https:\/\/mnxsportswear.com\/es\/wp-json\/wp\/v2\/types\/product"}],"replies":[{"embeddable":true,"href":"https:\/\/mnxsportswear.com\/es\/wp-json\/wp\/v2\/comments?post=324722"}],"version-history":[{"count":1,"href":"https:\/\/mnxsportswear.com\/es\/wp-json\/wp\/v2\/product\/324722\/revisions"}],"predecessor-version":[{"id":407014,"href":"https:\/\/mnxsportswear.com\/es\/wp-json\/wp\/v2\/product\/324722\/revisions\/407014"}],"wp:featuredmedia":[{"embeddable":true,"href":"https:\/\/mnxsportswear.com\/es\/wp-json\/wp\/v2\/media\/337841"}],"wp:attachment":[{"href":"https:\/\/mnxsportswear.com\/es\/wp-json\/wp\/v2\/media?parent=324722"}],"wp:term":[{"taxonomy":"product_brand","embeddable":true,"href":"https:\/\/mnxsportswear.com\/es\/wp-json\/wp\/v2\/product_brand?post=324722"},{"taxonomy":"product_cat","embeddable":true,"href":"https:\/\/mnxsportswear.com\/es\/wp-json\/wp\/v2\/product_cat?post=324722"},{"taxonomy":"product_tag","embeddable":true,"href":"https:\/\/mnxsportswear.com\/es\/wp-json\/wp\/v2\/product_tag?post=324722"}],"curies":[{"name":"wp","href":"https:\/\/api.w.org\/{rel}","templated":true}]}}