{"id":332814,"date":"2023-06-29T13:23:58","date_gmt":"2023-06-29T11:23:58","guid":{"rendered":"https:\/\/beta.mnxsportswear.com\/?post_type=product&#038;p=332814"},"modified":"2026-03-01T18:00:48","modified_gmt":"2026-03-01T17:00:48","slug":"mnx-camiseta-sin-mangas-miami","status":"publish","type":"product","link":"https:\/\/mnxsportswear.com\/es\/product\/mnx-camiseta-sin-mangas-miami\/","title":{"rendered":"MNX camiseta sin mangas Miami"},"content":{"rendered":"<p>Camiseta de tirantes MNX Stringer Miami<\/p>\n<ul>\n<li>hecho de tela de malla en la parte posterior,<\/li>\n<li>con estampado gr\u00e1fico original MNX,<\/li>\n<li>corte regular y con dobladillo redondeado.<\/li>\n<\/ul>\n<p><strong>Material:<\/strong> 100% poli\u00e9ster<br \/>\n<strong>Color:<\/strong> como se muestra<br \/>\n<strong>Estilo:<\/strong> cl\u00e1sico<br \/>\n<strong>Peso<\/strong> aproximado. 160 gramos<br \/>\n<strong>Tallas:<\/strong> S\/M, L\/XL, XXL\/3XL, 4XL\/5XL<\/p>\n","protected":false},"excerpt":{"rendered":"<p><span class=\"HwtZe\" lang=\"es\">Llega el verano a toda velocidad con esta fant\u00e1stica camiseta sin mangas Stringer que presenta un estampado gr\u00e1fico inspirado en Miami por toda la prenda. La parte trasera de la camiseta sin mangas est\u00e1 hecha de tela de malla transpirable. Con dobladillo redondeado y sisas profundas.<br \/>\n<\/span><\/p>\n","protected":false},"featured_media":337435,"comment_status":"open","ping_status":"closed","template":"","meta":[],"product_brand":[],"product_cat":[2511,2494,3098],"product_tag":[],"class_list":{"0":"post-332814","1":"product","2":"type-product","3":"status-publish","4":"has-post-thumbnail","6":"product_cat-camisetas-sin-mangas","7":"product_cat-hombres","8":"product_cat-stringer-es","10":"first","11":"instock","12":"sale","13":"taxable","14":"shipping-taxable","15":"purchasable","16":"product-type-variable"},"exclude_global_add_ons":[],"addons":[],"_links":{"self":[{"href":"https:\/\/mnxsportswear.com\/es\/wp-json\/wp\/v2\/product\/332814","targetHints":{"allow":["GET"]}}],"collection":[{"href":"https:\/\/mnxsportswear.com\/es\/wp-json\/wp\/v2\/product"}],"about":[{"href":"https:\/\/mnxsportswear.com\/es\/wp-json\/wp\/v2\/types\/product"}],"replies":[{"embeddable":true,"href":"https:\/\/mnxsportswear.com\/es\/wp-json\/wp\/v2\/comments?post=332814"}],"version-history":[{"count":0,"href":"https:\/\/mnxsportswear.com\/es\/wp-json\/wp\/v2\/product\/332814\/revisions"}],"wp:featuredmedia":[{"embeddable":true,"href":"https:\/\/mnxsportswear.com\/es\/wp-json\/wp\/v2\/media\/337435"}],"wp:attachment":[{"href":"https:\/\/mnxsportswear.com\/es\/wp-json\/wp\/v2\/media?parent=332814"}],"wp:term":[{"taxonomy":"product_brand","embeddable":true,"href":"https:\/\/mnxsportswear.com\/es\/wp-json\/wp\/v2\/product_brand?post=332814"},{"taxonomy":"product_cat","embeddable":true,"href":"https:\/\/mnxsportswear.com\/es\/wp-json\/wp\/v2\/product_cat?post=332814"},{"taxonomy":"product_tag","embeddable":true,"href":"https:\/\/mnxsportswear.com\/es\/wp-json\/wp\/v2\/product_tag?post=332814"}],"curies":[{"name":"wp","href":"https:\/\/api.w.org\/{rel}","templated":true}]}}