{"id":333714,"date":"2023-06-30T09:38:48","date_gmt":"2023-06-30T07:38:48","guid":{"rendered":"https:\/\/beta.mnxsportswear.com\/?post_type=product&#038;p=333714"},"modified":"2026-03-01T23:41:06","modified_gmt":"2026-03-01T22:41:06","slug":"mnx-workout-top-golden-era-grey","status":"publish","type":"product","link":"https:\/\/mnxsportswear.com\/es\/product\/mnx-workout-top-golden-era-grey\/","title":{"rendered":"MNX Workout Top Golden Era, gris"},"content":{"rendered":"<p>Top de entrenamiento MNX Era Dorada<\/p>\n<ul>\n<li>hecho de una mezcla de algod\u00f3n suave y c\u00e1lida para una m\u00e1xima comodidad,<\/li>\n<li>Impresi\u00f3n y parche originales de MNX,<\/li>\n<li>ajuste de gran tama\u00f1o.<\/li>\n<\/ul>\n<p><strong>Material:<\/strong> 100% algod\u00f3n (5% encogimiento)<br \/>\n<strong>Color:<\/strong> como se muestra<br \/>\n<strong>Estilo:<\/strong> de gran tama\u00f1o<br \/>\n<strong>Peso<\/strong> aproximado. 450 gramos<br \/>\n<strong>Tallas:<\/strong> S\/M, L\/XL, XXL\/3XL, 4XL\/5XL<\/p>\n","protected":false},"excerpt":{"rendered":"<p>Prep\u00e1rate para ir al gimnasio con esta llamativa camiseta de entrenamiento Golden Era, hecha de algod\u00f3n suave y c\u00e1lido. Con estampado original MNX, parche bordado y pu\u00f1os rotos. Disponible en varios colores.<\/p>\n","protected":false},"featured_media":336755,"comment_status":"open","ping_status":"closed","template":"","meta":[],"product_brand":[],"product_cat":[2507,3059,3196,2494],"product_tag":[],"class_list":{"0":"post-333714","1":"product","2":"type-product","3":"status-publish","4":"has-post-thumbnail","6":"product_cat-camisetas","7":"product_cat-de-gran-tamano","8":"product_cat-golden-era-es-2","9":"product_cat-hombres","10":"yith_product_brand-golden-era-es","12":"first","13":"onbackorder","14":"taxable","15":"shipping-taxable","16":"purchasable","17":"product-type-variable"},"exclude_global_add_ons":[],"addons":[],"_links":{"self":[{"href":"https:\/\/mnxsportswear.com\/es\/wp-json\/wp\/v2\/product\/333714","targetHints":{"allow":["GET"]}}],"collection":[{"href":"https:\/\/mnxsportswear.com\/es\/wp-json\/wp\/v2\/product"}],"about":[{"href":"https:\/\/mnxsportswear.com\/es\/wp-json\/wp\/v2\/types\/product"}],"replies":[{"embeddable":true,"href":"https:\/\/mnxsportswear.com\/es\/wp-json\/wp\/v2\/comments?post=333714"}],"version-history":[{"count":1,"href":"https:\/\/mnxsportswear.com\/es\/wp-json\/wp\/v2\/product\/333714\/revisions"}],"predecessor-version":[{"id":406995,"href":"https:\/\/mnxsportswear.com\/es\/wp-json\/wp\/v2\/product\/333714\/revisions\/406995"}],"wp:featuredmedia":[{"embeddable":true,"href":"https:\/\/mnxsportswear.com\/es\/wp-json\/wp\/v2\/media\/336755"}],"wp:attachment":[{"href":"https:\/\/mnxsportswear.com\/es\/wp-json\/wp\/v2\/media?parent=333714"}],"wp:term":[{"taxonomy":"product_brand","embeddable":true,"href":"https:\/\/mnxsportswear.com\/es\/wp-json\/wp\/v2\/product_brand?post=333714"},{"taxonomy":"product_cat","embeddable":true,"href":"https:\/\/mnxsportswear.com\/es\/wp-json\/wp\/v2\/product_cat?post=333714"},{"taxonomy":"product_tag","embeddable":true,"href":"https:\/\/mnxsportswear.com\/es\/wp-json\/wp\/v2\/product_tag?post=333714"}],"curies":[{"name":"wp","href":"https:\/\/api.w.org\/{rel}","templated":true}]}}