{"id":333851,"date":"2023-06-30T09:47:17","date_gmt":"2023-06-30T07:47:17","guid":{"rendered":"https:\/\/beta.mnxsportswear.com\/?post_type=product&#038;p=333851"},"modified":"2026-03-01T19:52:35","modified_gmt":"2026-03-01T18:52:35","slug":"mnx-raglan-camiseta-golden-era-white","status":"publish","type":"product","link":"https:\/\/mnxsportswear.com\/es\/product\/mnx-raglan-camiseta-golden-era-white\/","title":{"rendered":"MNX raglan camiseta Golden Era, blanco"},"content":{"rendered":"<p>Camiseta ragl\u00e1n MNX Era Dorada<\/p>\n<ul>\n<li>hecho de mezcla de algod\u00f3n suave para m\u00e1xima comodidad,<\/li>\n<li>Impresi\u00f3n y parche originales de MNX,<\/li>\n<li>ajuste normal.<\/li>\n<\/ul>\n<p><strong>Material:<\/strong> 100% algod\u00f3n (5% encogimiento)<br \/>\n<strong>Color:<\/strong> como se muestra<br \/>\n<strong>Estilo:<\/strong> cl\u00e1sico<br \/>\n<strong>Peso<\/strong> aproximado. 220 gramos<br \/>\n<strong>Tallas:<\/strong> S\/M, L\/XL, XXL\/3XL, 4XL\/5XL<\/p>\n","protected":false},"excerpt":{"rendered":"<p>Echa un vistazo a esta camiseta ragl\u00e1n perfecta para todos los d\u00edas de la colecci\u00f3n Golden Era. Confeccionado en suave mezcla de algod\u00f3n, con estampado original de MNX y parche bordado. Disponible en varios colores.<\/p>\n","protected":false},"featured_media":336601,"comment_status":"open","ping_status":"closed","template":"","meta":[],"product_brand":[],"product_cat":[2507,3083,3196,2494],"product_tag":[],"class_list":{"0":"post-333851","1":"product","2":"type-product","3":"status-publish","4":"has-post-thumbnail","6":"product_cat-camisetas","7":"product_cat-classic-es","8":"product_cat-golden-era-es-2","9":"product_cat-hombres","10":"yith_product_brand-golden-era-es","12":"first","13":"instock","14":"taxable","15":"shipping-taxable","16":"purchasable","17":"product-type-variable"},"exclude_global_add_ons":[],"addons":[],"_links":{"self":[{"href":"https:\/\/mnxsportswear.com\/es\/wp-json\/wp\/v2\/product\/333851","targetHints":{"allow":["GET"]}}],"collection":[{"href":"https:\/\/mnxsportswear.com\/es\/wp-json\/wp\/v2\/product"}],"about":[{"href":"https:\/\/mnxsportswear.com\/es\/wp-json\/wp\/v2\/types\/product"}],"replies":[{"embeddable":true,"href":"https:\/\/mnxsportswear.com\/es\/wp-json\/wp\/v2\/comments?post=333851"}],"version-history":[{"count":1,"href":"https:\/\/mnxsportswear.com\/es\/wp-json\/wp\/v2\/product\/333851\/revisions"}],"predecessor-version":[{"id":406991,"href":"https:\/\/mnxsportswear.com\/es\/wp-json\/wp\/v2\/product\/333851\/revisions\/406991"}],"wp:featuredmedia":[{"embeddable":true,"href":"https:\/\/mnxsportswear.com\/es\/wp-json\/wp\/v2\/media\/336601"}],"wp:attachment":[{"href":"https:\/\/mnxsportswear.com\/es\/wp-json\/wp\/v2\/media?parent=333851"}],"wp:term":[{"taxonomy":"product_brand","embeddable":true,"href":"https:\/\/mnxsportswear.com\/es\/wp-json\/wp\/v2\/product_brand?post=333851"},{"taxonomy":"product_cat","embeddable":true,"href":"https:\/\/mnxsportswear.com\/es\/wp-json\/wp\/v2\/product_cat?post=333851"},{"taxonomy":"product_tag","embeddable":true,"href":"https:\/\/mnxsportswear.com\/es\/wp-json\/wp\/v2\/product_tag?post=333851"}],"curies":[{"name":"wp","href":"https:\/\/api.w.org\/{rel}","templated":true}]}}