{"id":333958,"date":"2023-06-30T09:51:42","date_gmt":"2023-06-30T07:51:42","guid":{"rendered":"https:\/\/beta.mnxsportswear.com\/?post_type=product&#038;p=333958"},"modified":"2026-03-01T18:07:38","modified_gmt":"2026-03-01T17:07:38","slug":"mnx-basketball-shorts-2-0-black","status":"publish","type":"product","link":"https:\/\/mnxsportswear.com\/es\/product\/mnx-basketball-shorts-2-0-black\/","title":{"rendered":"MNX Pantalones cortos de baloncesto 2.0, negro"},"content":{"rendered":"<p><span data-sheets-root=\"1\" data-sheets-value=\"{&quot;1&quot;:2,&quot;2&quot;:&quot;Pantalones cortos MNX en estilo de baloncesto.&quot;}\" data-sheets-userformat=\"{&quot;2&quot;:30722,&quot;4&quot;:{&quot;1&quot;:2,&quot;2&quot;:16777215},&quot;14&quot;:{&quot;1&quot;:2,&quot;2&quot;:2236962},&quot;15&quot;:&quot;-apple-system, system-ui, BlinkMacSystemFont, \\&quot;Segoe UI\\&quot;, Helvetica, Arial, sans-serif, \\&quot;Apple Color Emoji\\&quot;, \\&quot;Segoe UI Emoji\\&quot;, \\&quot;Segoe UI Symbol\\&quot;&quot;,&quot;16&quot;:13,&quot;17&quot;:1}\" data-sheets-formula=\"= GoogleTranslate (R[-3]C[-1]; R[0]C[2];R[0]C[1])\">Pantalones cortos MNX en estilo de baloncesto.<\/span><\/p>\n<ul>\n<li><span data-sheets-root=\"1\" data-sheets-value=\"{&quot;1&quot;:2,&quot;2&quot;:&quot;tela liviana y c\u00f3moda,&quot;}\" data-sheets-userformat=\"{&quot;2&quot;:30722,&quot;4&quot;:{&quot;1&quot;:2,&quot;2&quot;:16777215},&quot;14&quot;:{&quot;1&quot;:2,&quot;2&quot;:2236962},&quot;15&quot;:&quot;-apple-system, system-ui, BlinkMacSystemFont, \\&quot;Segoe UI\\&quot;, Helvetica, Arial, sans-serif, \\&quot;Apple Color Emoji\\&quot;, \\&quot;Segoe UI Emoji\\&quot;, \\&quot;Segoe UI Symbol\\&quot;&quot;,&quot;16&quot;:13,&quot;17&quot;:1}\" data-sheets-formula=\"= GoogleTranslate (R[-3]C[-1]; R[0]C[2];R[0]C[1])\">tela liviana y c\u00f3moda,<\/span><\/li>\n<li><span data-sheets-root=\"1\" data-sheets-value=\"{&quot;1&quot;:2,&quot;2&quot;:&quot;ajuste regular,&quot;}\" data-sheets-userformat=\"{&quot;2&quot;:30722,&quot;4&quot;:{&quot;1&quot;:2,&quot;2&quot;:16777215},&quot;14&quot;:{&quot;1&quot;:2,&quot;2&quot;:2236962},&quot;15&quot;:&quot;-apple-system, system-ui, BlinkMacSystemFont, \\&quot;Segoe UI\\&quot;, Helvetica, Arial, sans-serif, \\&quot;Apple Color Emoji\\&quot;, \\&quot;Segoe UI Emoji\\&quot;, \\&quot;Segoe UI Symbol\\&quot;&quot;,&quot;16&quot;:13,&quot;17&quot;:1}\" data-sheets-formula=\"= GoogleTranslate (R[-3]C[-1]; R[0]C[2];R[0]C[1])\">ajuste regular,<\/span><\/li>\n<li><span data-sheets-root=\"1\" data-sheets-value=\"{&quot;1&quot;:2,&quot;2&quot;:&quot;Perfecto para el entrenamiento o el tiempo de ocio,&quot;}\" data-sheets-userformat=\"{&quot;2&quot;:30722,&quot;4&quot;:{&quot;1&quot;:2,&quot;2&quot;:16777215},&quot;14&quot;:{&quot;1&quot;:2,&quot;2&quot;:2236962},&quot;15&quot;:&quot;-apple-system, system-ui, BlinkMacSystemFont, \\&quot;Segoe UI\\&quot;, Helvetica, Arial, sans-serif, \\&quot;Apple Color Emoji\\&quot;, \\&quot;Segoe UI Emoji\\&quot;, \\&quot;Segoe UI Symbol\\&quot;&quot;,&quot;16&quot;:13,&quot;17&quot;:1}\" data-sheets-formula=\"= GoogleTranslate (R[-3]C[-1]; R[0]C[2];R[0]C[1])\">Perfecto para el entrenamiento o el tiempo de ocio,<\/span><\/li>\n<li><span data-sheets-root=\"1\" data-sheets-value=\"{&quot;1&quot;:2,&quot;2&quot;:&quot;Branding original de MNX,&quot;}\" data-sheets-userformat=\"{&quot;2&quot;:30722,&quot;4&quot;:{&quot;1&quot;:2,&quot;2&quot;:16777215},&quot;14&quot;:{&quot;1&quot;:2,&quot;2&quot;:2236962},&quot;15&quot;:&quot;-apple-system, system-ui, BlinkMacSystemFont, \\&quot;Segoe UI\\&quot;, Helvetica, Arial, sans-serif, \\&quot;Apple Color Emoji\\&quot;, \\&quot;Segoe UI Emoji\\&quot;, \\&quot;Segoe UI Symbol\\&quot;&quot;,&quot;16&quot;:13,&quot;17&quot;:1}\" data-sheets-formula=\"= GoogleTranslate (R[-3]C[-1]; R[0]C[2];R[0]C[1])\">Branding original de MNX,<\/span><\/li>\n<li><span data-sheets-root=\"1\" data-sheets-value=\"{&quot;1&quot;:2,&quot;2&quot;:&quot;Bolsillos con cremallera y cintura el\u00e1stica con Drawcord interno.&quot;}\" data-sheets-userformat=\"{&quot;2&quot;:30722,&quot;4&quot;:{&quot;1&quot;:2,&quot;2&quot;:16777215},&quot;14&quot;:{&quot;1&quot;:2,&quot;2&quot;:2236962},&quot;15&quot;:&quot;-apple-system, system-ui, BlinkMacSystemFont, \\&quot;Segoe UI\\&quot;, Helvetica, Arial, sans-serif, \\&quot;Apple Color Emoji\\&quot;, \\&quot;Segoe UI Emoji\\&quot;, \\&quot;Segoe UI Symbol\\&quot;&quot;,&quot;16&quot;:13,&quot;17&quot;:1}\" data-sheets-formula=\"= GoogleTranslate (R[-3]C[-1]; R[0]C[2];R[0]C[1])\">Bolsillos con cremallera y cintura el\u00e1stica con Drawcord interno.<\/span><\/li>\n<\/ul>\n<p><span data-sheets-root=\"1\" data-sheets-value=\"{&quot;1&quot;:2,&quot;2&quot;:&quot;Material: 100% poli\u00e9ster (5% de contracci\u00f3n)&quot;}\" data-sheets-userformat=\"{&quot;2&quot;:30722,&quot;4&quot;:{&quot;1&quot;:2,&quot;2&quot;:16777215},&quot;14&quot;:{&quot;1&quot;:2,&quot;2&quot;:2236962},&quot;15&quot;:&quot;-apple-system, system-ui, BlinkMacSystemFont, \\&quot;Segoe UI\\&quot;, Helvetica, Arial, sans-serif, \\&quot;Apple Color Emoji\\&quot;, \\&quot;Segoe UI Emoji\\&quot;, \\&quot;Segoe UI Symbol\\&quot;&quot;,&quot;16&quot;:13,&quot;17&quot;:1}\" data-sheets-formula=\"= GoogleTranslate (R[-3]C[-1]; R[0]C[2];R[0]C[1])\"><strong>Material:<\/strong> 100% poli\u00e9ster (5% de contracci\u00f3n)<\/span><br \/>\n<span data-sheets-root=\"1\" data-sheets-value=\"{&quot;1&quot;:2,&quot;2&quot;:&quot;Color: como se muestra&quot;}\" data-sheets-userformat=\"{&quot;2&quot;:30722,&quot;4&quot;:{&quot;1&quot;:2,&quot;2&quot;:16777215},&quot;14&quot;:{&quot;1&quot;:2,&quot;2&quot;:2236962},&quot;15&quot;:&quot;-apple-system, system-ui, BlinkMacSystemFont, \\&quot;Segoe UI\\&quot;, Helvetica, Arial, sans-serif, \\&quot;Apple Color Emoji\\&quot;, \\&quot;Segoe UI Emoji\\&quot;, \\&quot;Segoe UI Symbol\\&quot;&quot;,&quot;16&quot;:13,&quot;17&quot;:1}\" data-sheets-formula=\"= GoogleTranslate (R[-3]C[-1]; R[0]C[2];R[0]C[1])\"><strong>Color:<\/strong> como se muestra<\/span><br \/>\n<span data-sheets-root=\"1\" data-sheets-value=\"{&quot;1&quot;:2,&quot;2&quot;:&quot;Peso aproximado. 240 gramos&quot;}\" data-sheets-userformat=\"{&quot;2&quot;:30722,&quot;4&quot;:{&quot;1&quot;:2,&quot;2&quot;:16777215},&quot;14&quot;:{&quot;1&quot;:2,&quot;2&quot;:2236962},&quot;15&quot;:&quot;-apple-system, system-ui, BlinkMacSystemFont, \\&quot;Segoe UI\\&quot;, Helvetica, Arial, sans-serif, \\&quot;Apple Color Emoji\\&quot;, \\&quot;Segoe UI Emoji\\&quot;, \\&quot;Segoe UI Symbol\\&quot;&quot;,&quot;16&quot;:13,&quot;17&quot;:1}\" data-sheets-formula=\"= GoogleTranslate (R[-3]C[-1]; R[0]C[2];R[0]C[1])\">Peso aproximado. 240 gramos<\/span><br \/>\n<strong>Tama\u00f1os: <\/strong>S\/M, L\/XL, XXL\/3XL, 4XL\/5XL<br \/>\n<span data-sheets-root=\"1\" data-sheets-value=\"{&quot;1&quot;:2,&quot;2&quot;:&quot;Estilo: ajuste regular&quot;}\" data-sheets-userformat=\"{&quot;2&quot;:30722,&quot;4&quot;:{&quot;1&quot;:2,&quot;2&quot;:16777215},&quot;14&quot;:{&quot;1&quot;:2,&quot;2&quot;:2236962},&quot;15&quot;:&quot;-apple-system, system-ui, BlinkMacSystemFont, \\&quot;Segoe UI\\&quot;, Helvetica, Arial, sans-serif, \\&quot;Apple Color Emoji\\&quot;, \\&quot;Segoe UI Emoji\\&quot;, \\&quot;Segoe UI Symbol\\&quot;&quot;,&quot;16&quot;:13,&quot;17&quot;:1}\" data-sheets-formula=\"= GoogleTranslate (R[-3]C[-1]; R[0]C[2];R[0]C[1])\"><strong>Estilo:<\/strong> ajuste regular<\/span><\/p>\n","protected":false},"excerpt":{"rendered":"<p><span data-sheets-root=\"1\" data-sheets-value=\"{&quot;1&quot;:2,&quot;2&quot;:&quot;Dise\u00f1ados para maximizar su rendimiento, estos pantalones cortos de baloncesto est\u00e1n hechos de tela de malla c\u00f3moda y transpirable. Con marca MNX minimalista y una combinaci\u00f3n de color perfecta. Con las hendiduras laterales, los bolsillos con cremallera, la cintura el\u00e1stica con corcho interno para un ajuste ajustable. Este modelo est\u00e1 disponible en varios colores y se puede combinar con la camiseta de baloncesto.&quot;}\" data-sheets-userformat=\"{&quot;2&quot;:30722,&quot;4&quot;:{&quot;1&quot;:2,&quot;2&quot;:16777215},&quot;14&quot;:{&quot;1&quot;:2,&quot;2&quot;:2236962},&quot;15&quot;:&quot;-apple-system, system-ui, BlinkMacSystemFont, \\&quot;Segoe UI\\&quot;, Helvetica, Arial, sans-serif, \\&quot;Apple Color Emoji\\&quot;, \\&quot;Segoe UI Emoji\\&quot;, \\&quot;Segoe UI Symbol\\&quot;&quot;,&quot;16&quot;:13,&quot;17&quot;:1}\" data-sheets-formula=\"= GoogleTranslate (R[-3]C[-1]; R[0]C[2];R[0]C[1])\">Dise\u00f1ados para maximizar su rendimiento, estos pantalones cortos de baloncesto est\u00e1n hechos de tela de malla c\u00f3moda y transpirable. Con marca MNX minimalista y una combinaci\u00f3n de color perfecta. Con las hendiduras laterales, los bolsillos con cremallera, la cintura el\u00e1stica con corcho interno para un ajuste ajustable. Este modelo est\u00e1 disponible en varios colores y se puede combinar con la camiseta de baloncesto.<\/span><\/p>\n","protected":false},"featured_media":337696,"comment_status":"open","ping_status":"closed","template":"","meta":[],"product_brand":[],"product_cat":[2494,2505],"product_tag":[],"class_list":{"0":"post-333958","1":"product","2":"type-product","3":"status-publish","4":"has-post-thumbnail","6":"product_cat-hombres","7":"product_cat-pantalones-cortos","9":"first","10":"instock","11":"taxable","12":"shipping-taxable","13":"purchasable","14":"product-type-variable"},"exclude_global_add_ons":[],"addons":[],"_links":{"self":[{"href":"https:\/\/mnxsportswear.com\/es\/wp-json\/wp\/v2\/product\/333958","targetHints":{"allow":["GET"]}}],"collection":[{"href":"https:\/\/mnxsportswear.com\/es\/wp-json\/wp\/v2\/product"}],"about":[{"href":"https:\/\/mnxsportswear.com\/es\/wp-json\/wp\/v2\/types\/product"}],"replies":[{"embeddable":true,"href":"https:\/\/mnxsportswear.com\/es\/wp-json\/wp\/v2\/comments?post=333958"}],"version-history":[{"count":0,"href":"https:\/\/mnxsportswear.com\/es\/wp-json\/wp\/v2\/product\/333958\/revisions"}],"wp:featuredmedia":[{"embeddable":true,"href":"https:\/\/mnxsportswear.com\/es\/wp-json\/wp\/v2\/media\/337696"}],"wp:attachment":[{"href":"https:\/\/mnxsportswear.com\/es\/wp-json\/wp\/v2\/media?parent=333958"}],"wp:term":[{"taxonomy":"product_brand","embeddable":true,"href":"https:\/\/mnxsportswear.com\/es\/wp-json\/wp\/v2\/product_brand?post=333958"},{"taxonomy":"product_cat","embeddable":true,"href":"https:\/\/mnxsportswear.com\/es\/wp-json\/wp\/v2\/product_cat?post=333958"},{"taxonomy":"product_tag","embeddable":true,"href":"https:\/\/mnxsportswear.com\/es\/wp-json\/wp\/v2\/product_tag?post=333958"}],"curies":[{"name":"wp","href":"https:\/\/api.w.org\/{rel}","templated":true}]}}