{"id":333994,"date":"2023-06-30T09:52:51","date_gmt":"2023-06-30T07:52:51","guid":{"rendered":"https:\/\/beta.mnxsportswear.com\/?post_type=product&#038;p=333994"},"modified":"2026-03-01T18:07:38","modified_gmt":"2026-03-01T17:07:38","slug":"mnx-sin-mangas-basketball-jersey-light-giallo","status":"publish","type":"product","link":"https:\/\/mnxsportswear.com\/es\/product\/mnx-sin-mangas-basketball-jersey-light-giallo\/","title":{"rendered":"MNX Jersey de baloncesto sin mangas, amarillo claro"},"content":{"rendered":"<p>Camiseta de baloncesto sin mangas MNX<\/p>\n<ul>\n<li>hecho de tejido de malla transpirable para la m\u00e1xima comodidad,<\/li>\n<li>marca original MNX,<\/li>\n<li>ajuste normal.<\/li>\n<\/ul>\n<p><strong>Material:<\/strong> 100% poli\u00e9ster (5% encogimiento)<br \/>\n<strong>Color:<\/strong> como se muestra<br \/>\n<strong>Estilo:<\/strong> cl\u00e1sico<br \/>\n<strong>Peso<\/strong> aproximado. 230 gramos<br \/>\n<strong>Tallas:<\/strong> S\/M, L\/XL, XXL\/3XL, 4XL\/5XL<\/p>\n","protected":false},"excerpt":{"rendered":"<p>Dise\u00f1ada para maximizar tu rendimiento, esta camiseta de baloncesto est\u00e1 confeccionada con un tejido de malla c\u00f3modo y transpirable. Con la marca MNX minimalista y una combinaci\u00f3n de colores perfecta. Este modelo est\u00e1 disponible en varios colores y se puede combinar con los pantalones cortos de baloncesto.<\/p>\n","protected":false},"featured_media":337801,"comment_status":"open","ping_status":"closed","template":"","meta":[],"product_brand":[],"product_cat":[2493,2494],"product_tag":[],"class_list":{"0":"post-333994","1":"product","2":"type-product","3":"status-publish","4":"has-post-thumbnail","6":"product_cat-camiseta-de-futbol","7":"product_cat-hombres","9":"first","10":"instock","11":"taxable","12":"shipping-taxable","13":"purchasable","14":"product-type-variable"},"exclude_global_add_ons":[],"addons":[],"_links":{"self":[{"href":"https:\/\/mnxsportswear.com\/es\/wp-json\/wp\/v2\/product\/333994","targetHints":{"allow":["GET"]}}],"collection":[{"href":"https:\/\/mnxsportswear.com\/es\/wp-json\/wp\/v2\/product"}],"about":[{"href":"https:\/\/mnxsportswear.com\/es\/wp-json\/wp\/v2\/types\/product"}],"replies":[{"embeddable":true,"href":"https:\/\/mnxsportswear.com\/es\/wp-json\/wp\/v2\/comments?post=333994"}],"version-history":[{"count":0,"href":"https:\/\/mnxsportswear.com\/es\/wp-json\/wp\/v2\/product\/333994\/revisions"}],"wp:featuredmedia":[{"embeddable":true,"href":"https:\/\/mnxsportswear.com\/es\/wp-json\/wp\/v2\/media\/337801"}],"wp:attachment":[{"href":"https:\/\/mnxsportswear.com\/es\/wp-json\/wp\/v2\/media?parent=333994"}],"wp:term":[{"taxonomy":"product_brand","embeddable":true,"href":"https:\/\/mnxsportswear.com\/es\/wp-json\/wp\/v2\/product_brand?post=333994"},{"taxonomy":"product_cat","embeddable":true,"href":"https:\/\/mnxsportswear.com\/es\/wp-json\/wp\/v2\/product_cat?post=333994"},{"taxonomy":"product_tag","embeddable":true,"href":"https:\/\/mnxsportswear.com\/es\/wp-json\/wp\/v2\/product_tag?post=333994"}],"curies":[{"name":"wp","href":"https:\/\/api.w.org\/{rel}","templated":true}]}}