{"id":334127,"date":"2023-06-30T09:57:16","date_gmt":"2023-06-30T07:57:16","guid":{"rendered":"https:\/\/beta.mnxsportswear.com\/?post_type=product&#038;p=334127"},"modified":"2026-03-01T18:07:38","modified_gmt":"2026-03-01T17:07:38","slug":"mnx-double-layer-shorts-sand","status":"publish","type":"product","link":"https:\/\/mnxsportswear.com\/es\/product\/mnx-double-layer-shorts-sand\/","title":{"rendered":"MNX Pantalones cortos de doble capa, arena"},"content":{"rendered":"<p>Pantal\u00f3n corto MNX de doble capa.<\/p>\n<ul>\n<li>tejido ligero y c\u00f3modo,<\/li>\n<li>ajuste regular,<\/li>\n<li>perfecto para entrenar,<\/li>\n<li>marca MNX original,<\/li>\n<li>Bolsillos con cremallera y cintura el\u00e1stica con cord\u00f3n interior.<\/li>\n<\/ul>\n<p><strong>Material:<\/strong> 100% poli\u00e9ster (5% encogimiento)<br \/>\n<strong>Color:<\/strong> como se muestra<br \/>\n<strong>Peso<\/strong> aproximado. 300 gramos<br \/>\n<strong>Tallas:<\/strong> S\/M, L\/XL, XXL\/3XL, 4XL\/5XL<br \/>\n<strong>Estilo:<\/strong> ajuste regular<\/p>\n","protected":false},"excerpt":{"rendered":"<p>Pantalones cortos de doble capa con cord\u00f3n en la cintura y tejido de malla para mayor transpirabilidad. Con bolsillos con cremallera y la marca MNX minimalista. La capa superior est\u00e1 hecha de tela de malla suave y liviana. Por debajo, los shorts de ciclismo est\u00e1n hechos de material el\u00e1stico para adaptarse perfectamente a tu cuerpo. Disponible en varios colores.<\/p>\n","protected":false},"featured_media":333363,"comment_status":"open","ping_status":"closed","template":"","meta":[],"product_brand":[],"product_cat":[2494,2505],"product_tag":[],"class_list":{"0":"post-334127","1":"product","2":"type-product","3":"status-publish","4":"has-post-thumbnail","6":"product_cat-hombres","7":"product_cat-pantalones-cortos","9":"first","10":"instock","11":"sale","12":"taxable","13":"shipping-taxable","14":"purchasable","15":"product-type-variable"},"exclude_global_add_ons":[],"addons":[],"_links":{"self":[{"href":"https:\/\/mnxsportswear.com\/es\/wp-json\/wp\/v2\/product\/334127","targetHints":{"allow":["GET"]}}],"collection":[{"href":"https:\/\/mnxsportswear.com\/es\/wp-json\/wp\/v2\/product"}],"about":[{"href":"https:\/\/mnxsportswear.com\/es\/wp-json\/wp\/v2\/types\/product"}],"replies":[{"embeddable":true,"href":"https:\/\/mnxsportswear.com\/es\/wp-json\/wp\/v2\/comments?post=334127"}],"version-history":[{"count":0,"href":"https:\/\/mnxsportswear.com\/es\/wp-json\/wp\/v2\/product\/334127\/revisions"}],"wp:featuredmedia":[{"embeddable":true,"href":"https:\/\/mnxsportswear.com\/es\/wp-json\/wp\/v2\/media\/333363"}],"wp:attachment":[{"href":"https:\/\/mnxsportswear.com\/es\/wp-json\/wp\/v2\/media?parent=334127"}],"wp:term":[{"taxonomy":"product_brand","embeddable":true,"href":"https:\/\/mnxsportswear.com\/es\/wp-json\/wp\/v2\/product_brand?post=334127"},{"taxonomy":"product_cat","embeddable":true,"href":"https:\/\/mnxsportswear.com\/es\/wp-json\/wp\/v2\/product_cat?post=334127"},{"taxonomy":"product_tag","embeddable":true,"href":"https:\/\/mnxsportswear.com\/es\/wp-json\/wp\/v2\/product_tag?post=334127"}],"curies":[{"name":"wp","href":"https:\/\/api.w.org\/{rel}","templated":true}]}}