{"id":334260,"date":"2023-06-30T10:02:53","date_gmt":"2023-06-30T08:02:53","guid":{"rendered":"https:\/\/beta.mnxsportswear.com\/?post_type=product&#038;p=334260"},"modified":"2026-03-01T18:00:47","modified_gmt":"2026-03-01T17:00:47","slug":"mnx-stringer-tank-top-3-0-cyan","status":"publish","type":"product","link":"https:\/\/mnxsportswear.com\/es\/product\/mnx-stringer-tank-top-3-0-cyan\/","title":{"rendered":"MNX Stringer tank top 3.0, cian"},"content":{"rendered":"<p>Camiseta de tirantes MNX Classic<\/p>\n<ul>\n<li>hecho de mezcla de tela suave para m\u00e1xima comodidad,<\/li>\n<li>con secciones laterales de malla transpirable,<\/li>\n<li>con una marca minimalista,<\/li>\n<li>corte regular y con dobladillo redondeado.<\/li>\n<\/ul>\n<p><strong>Material:<\/strong> 85 % poli\u00e9ster, 15 % elastano<br \/>\n<strong>Color:<\/strong> como se muestra<br \/>\n<strong>Estilo:<\/strong> cl\u00e1sico<br \/>\n<strong>Peso<\/strong> aproximado. 180 gramos<br \/>\n<strong>Tallas:<\/strong> S\/M, L\/XL, XXL\/3XL, 4XL\/5XL<\/p>\n","protected":false},"excerpt":{"rendered":"<p><span class=\"HwtZe\" lang=\"es\">Una camiseta sin mangas con tiras para usar todos los d\u00edas en colores frescos. Confeccionado en algod\u00f3n con secciones laterales de malla para una mejor ventilaci\u00f3n. Con la marca minimalista MNX, ajuste est\u00e1ndar y dobladillo redondeado. Disponible en varios colores.<br \/>\n<\/span><\/p>\n","protected":false},"featured_media":337509,"comment_status":"open","ping_status":"closed","template":"","meta":[],"product_brand":[],"product_cat":[2511,2494,3098],"product_tag":[],"class_list":{"0":"post-334260","1":"product","2":"type-product","3":"status-publish","4":"has-post-thumbnail","6":"product_cat-camisetas-sin-mangas","7":"product_cat-hombres","8":"product_cat-stringer-es","10":"first","11":"instock","12":"taxable","13":"shipping-taxable","14":"purchasable","15":"product-type-variable"},"exclude_global_add_ons":[],"addons":[],"_links":{"self":[{"href":"https:\/\/mnxsportswear.com\/es\/wp-json\/wp\/v2\/product\/334260","targetHints":{"allow":["GET"]}}],"collection":[{"href":"https:\/\/mnxsportswear.com\/es\/wp-json\/wp\/v2\/product"}],"about":[{"href":"https:\/\/mnxsportswear.com\/es\/wp-json\/wp\/v2\/types\/product"}],"replies":[{"embeddable":true,"href":"https:\/\/mnxsportswear.com\/es\/wp-json\/wp\/v2\/comments?post=334260"}],"version-history":[{"count":0,"href":"https:\/\/mnxsportswear.com\/es\/wp-json\/wp\/v2\/product\/334260\/revisions"}],"wp:featuredmedia":[{"embeddable":true,"href":"https:\/\/mnxsportswear.com\/es\/wp-json\/wp\/v2\/media\/337509"}],"wp:attachment":[{"href":"https:\/\/mnxsportswear.com\/es\/wp-json\/wp\/v2\/media?parent=334260"}],"wp:term":[{"taxonomy":"product_brand","embeddable":true,"href":"https:\/\/mnxsportswear.com\/es\/wp-json\/wp\/v2\/product_brand?post=334260"},{"taxonomy":"product_cat","embeddable":true,"href":"https:\/\/mnxsportswear.com\/es\/wp-json\/wp\/v2\/product_cat?post=334260"},{"taxonomy":"product_tag","embeddable":true,"href":"https:\/\/mnxsportswear.com\/es\/wp-json\/wp\/v2\/product_tag?post=334260"}],"curies":[{"name":"wp","href":"https:\/\/api.w.org\/{rel}","templated":true}]}}