{"id":334327,"date":"2023-06-30T10:07:01","date_gmt":"2023-06-30T08:07:01","guid":{"rendered":"https:\/\/beta.mnxsportswear.com\/?post_type=product&#038;p=334327"},"modified":"2026-03-01T18:07:38","modified_gmt":"2026-03-01T17:07:38","slug":"mnx-extra-camiseta-hc-3-0-light-green","status":"publish","type":"product","link":"https:\/\/mnxsportswear.com\/es\/product\/mnx-extra-camiseta-hc-3-0-light-green\/","title":{"rendered":"MNX Extra camiseta HC 3.0, verde claro"},"content":{"rendered":"<p>Camiseta extra grande de hombre MNX.<\/p>\n<ul>\n<li>de gran tama\u00f1o,<\/li>\n<li>edici\u00f3n limitada<\/li>\n<li>tela suave (algod\u00f3n),<\/li>\n<li><span class=\"HwtZe\" lang=\"es\"><span class=\"jCAhz ChMk0b\"><span class=\"ryNqvb\">grandes logotipos impresos en ambos lados,<\/span><\/span><\/span><\/li>\n<li>logotipo tejido en la parte inferior.<\/li>\n<\/ul>\n<p><strong>Material:<\/strong> 100% algod\u00f3n<br \/>\n<strong>Color:<\/strong> como se muestra<br \/>\n<strong>Estilo:<\/strong> camiseta de gran tama\u00f1o<br \/>\n<strong>Peso:<\/strong> aproximado. 250 gramos<br \/>\n<strong>Tallas:<\/strong> S\/M, L\/XL, 2XL\/3XL<\/p>\n","protected":false},"excerpt":{"rendered":"<p><span class=\"HwtZe\" lang=\"es\"><span class=\"jCAhz ChMk0b\"><span class=\"ryNqvb\">Ve al gimnasio con estilo con esta camiseta <strong>extragrande<\/strong>.<\/span><\/span> <span class=\"jCAhz ChMk0b\"><span class=\"ryNqvb\">Con un <strong>estilo rasgado<\/strong> y g<strong>randes logotipos MNX<\/strong> cl\u00e1sicos impresos en ambos lados.<\/span><\/span> <span class=\"jCAhz ChMk0b\"><span class=\"ryNqvb\">La tela suave, hecha de <strong>100% algod\u00f3n es s\u00faper c\u00f3moda<\/strong>.<\/span><\/span><\/span><\/p>\n","protected":false},"featured_media":337577,"comment_status":"open","ping_status":"closed","template":"","meta":[],"product_brand":[],"product_cat":[2507,3059,3156,2494],"product_tag":[],"class_list":{"0":"post-334327","1":"product","2":"type-product","3":"status-publish","4":"has-post-thumbnail","6":"product_cat-camisetas","7":"product_cat-de-gran-tamano","8":"product_cat-extra-es","9":"product_cat-hombres","10":"yith_product_brand-extra-es","12":"first","13":"instock","14":"taxable","15":"shipping-taxable","16":"purchasable","17":"product-type-variable"},"exclude_global_add_ons":[],"addons":[],"_links":{"self":[{"href":"https:\/\/mnxsportswear.com\/es\/wp-json\/wp\/v2\/product\/334327","targetHints":{"allow":["GET"]}}],"collection":[{"href":"https:\/\/mnxsportswear.com\/es\/wp-json\/wp\/v2\/product"}],"about":[{"href":"https:\/\/mnxsportswear.com\/es\/wp-json\/wp\/v2\/types\/product"}],"replies":[{"embeddable":true,"href":"https:\/\/mnxsportswear.com\/es\/wp-json\/wp\/v2\/comments?post=334327"}],"version-history":[{"count":0,"href":"https:\/\/mnxsportswear.com\/es\/wp-json\/wp\/v2\/product\/334327\/revisions"}],"wp:featuredmedia":[{"embeddable":true,"href":"https:\/\/mnxsportswear.com\/es\/wp-json\/wp\/v2\/media\/337577"}],"wp:attachment":[{"href":"https:\/\/mnxsportswear.com\/es\/wp-json\/wp\/v2\/media?parent=334327"}],"wp:term":[{"taxonomy":"product_brand","embeddable":true,"href":"https:\/\/mnxsportswear.com\/es\/wp-json\/wp\/v2\/product_brand?post=334327"},{"taxonomy":"product_cat","embeddable":true,"href":"https:\/\/mnxsportswear.com\/es\/wp-json\/wp\/v2\/product_cat?post=334327"},{"taxonomy":"product_tag","embeddable":true,"href":"https:\/\/mnxsportswear.com\/es\/wp-json\/wp\/v2\/product_tag?post=334327"}],"curies":[{"name":"wp","href":"https:\/\/api.w.org\/{rel}","templated":true}]}}