{"id":335828,"date":"2023-07-03T08:16:56","date_gmt":"2023-07-03T06:16:56","guid":{"rendered":"https:\/\/beta.mnxsportswear.com\/?post_type=product&#038;p=335828"},"modified":"2026-03-01T18:55:15","modified_gmt":"2026-03-01T17:55:15","slug":"mnx-pantalones-industrial-blue","status":"publish","type":"product","link":"https:\/\/mnxsportswear.com\/es\/product\/mnx-pantalones-industrial-blue\/","title":{"rendered":"MNX Pantalones Industrial, azul marino"},"content":{"rendered":"<p>Pantalones <em>Industrial<\/em> de bodybuilding.<\/p>\n<ul>\n<li>tela suave de algod\u00f3n,<\/li>\n<li>mirada lavada,<\/li>\n<li>perfecto para el entrenamiento o el tiempo libre,<\/li>\n<li>marca MNX original,<\/li>\n<li>cintura el\u00e1stica con cord\u00f3n interior.<\/li>\n<\/ul>\n<p><strong>Material:<\/strong> 100% algod\u00f3n (5% encogimiento)<br \/>\n<strong>Color:<\/strong> como se muestra<br \/>\n<strong>Peso<\/strong> aproximado. 450 gramos<br \/>\n<strong>Tallas:<\/strong> XXS\/XS, XS\/S, S\/M, L\/XL, XXL\/3XL<br \/>\n<strong>Estilo:<\/strong> ajuste holgado<\/p>\n","protected":false},"excerpt":{"rendered":"<p>El estilo deportivo se combina con lo casual con estos pantalones de entrenamiento de culturismo<em> Industrial<\/em> <strong>de aspecto lavado<\/strong>, hechos <strong>de algod\u00f3n liviano<\/strong>. Con <strong>exclusivo logotipo bordado MNX<\/strong>. Bolsillos cl\u00e1sicos en ambos lados y cintura el\u00e1stica con cord\u00f3n ajustable. Estos pantalones ofrecen la <strong>m\u00e1xima comodidad<\/strong> gracias al <strong>tejido suave<\/strong>.<\/p>\n","protected":false},"featured_media":335881,"comment_status":"open","ping_status":"closed","template":"","meta":[],"product_brand":[],"product_cat":[3080,2494,3165,2513,3588],"product_tag":[],"class_list":{"0":"post-335828","1":"product","2":"type-product","3":"status-publish","4":"has-post-thumbnail","6":"product_cat-corte-holgado","7":"product_cat-hombres","8":"product_cat-industrial-2-0-es","9":"product_cat-pantalones-largos","10":"product_cat-repoblar","11":"yith_product_brand-industrial-2-0-es","13":"first","14":"instock","15":"taxable","16":"shipping-taxable","17":"purchasable","18":"product-type-variable"},"exclude_global_add_ons":[],"addons":[],"_links":{"self":[{"href":"https:\/\/mnxsportswear.com\/es\/wp-json\/wp\/v2\/product\/335828","targetHints":{"allow":["GET"]}}],"collection":[{"href":"https:\/\/mnxsportswear.com\/es\/wp-json\/wp\/v2\/product"}],"about":[{"href":"https:\/\/mnxsportswear.com\/es\/wp-json\/wp\/v2\/types\/product"}],"replies":[{"embeddable":true,"href":"https:\/\/mnxsportswear.com\/es\/wp-json\/wp\/v2\/comments?post=335828"}],"version-history":[{"count":1,"href":"https:\/\/mnxsportswear.com\/es\/wp-json\/wp\/v2\/product\/335828\/revisions"}],"predecessor-version":[{"id":407030,"href":"https:\/\/mnxsportswear.com\/es\/wp-json\/wp\/v2\/product\/335828\/revisions\/407030"}],"wp:featuredmedia":[{"embeddable":true,"href":"https:\/\/mnxsportswear.com\/es\/wp-json\/wp\/v2\/media\/335881"}],"wp:attachment":[{"href":"https:\/\/mnxsportswear.com\/es\/wp-json\/wp\/v2\/media?parent=335828"}],"wp:term":[{"taxonomy":"product_brand","embeddable":true,"href":"https:\/\/mnxsportswear.com\/es\/wp-json\/wp\/v2\/product_brand?post=335828"},{"taxonomy":"product_cat","embeddable":true,"href":"https:\/\/mnxsportswear.com\/es\/wp-json\/wp\/v2\/product_cat?post=335828"},{"taxonomy":"product_tag","embeddable":true,"href":"https:\/\/mnxsportswear.com\/es\/wp-json\/wp\/v2\/product_tag?post=335828"}],"curies":[{"name":"wp","href":"https:\/\/api.w.org\/{rel}","templated":true}]}}