{"id":336140,"date":"2023-07-03T09:00:43","date_gmt":"2023-07-03T07:00:43","guid":{"rendered":"https:\/\/beta.mnxsportswear.com\/?post_type=product&#038;p=336140"},"modified":"2026-03-01T18:36:42","modified_gmt":"2026-03-01T17:36:42","slug":"mnx-sudadera-con-capucha-industrial-bronze","status":"publish","type":"product","link":"https:\/\/mnxsportswear.com\/es\/product\/mnx-sudadera-con-capucha-industrial-bronze\/","title":{"rendered":"MNX sudadera con capucha Industrial, bronce"},"content":{"rendered":"<p>Sudadera con capucha industrial MNX.<\/p>\n<ul>\n<li>tela suave de algod\u00f3n,<\/li>\n<li>mirada lavada,<\/li>\n<li>perfecto para el entrenamiento o el tiempo libre,<\/li>\n<li>marca MNX original,<\/li>\n<li>capucha con cord\u00f3n para un ajuste personalizado,<\/li>\n<li>pu\u00f1os y dobladillos acanalados<\/li>\n<\/ul>\n<p><strong>Material:<\/strong> 100% algod\u00f3n (5% encogimiento)<br \/>\n<strong>Color:<\/strong> como se muestra<br \/>\n<strong>Peso<\/strong> aproximado. 450 gramos<br \/>\n<strong>Tallas: <\/strong>XXS\/XS, XS\/S, S\/M, L\/XL, XXL\/3XL<br \/>\n<strong>Estilo:<\/strong> ajuste holgado<\/p>\n","protected":false},"excerpt":{"rendered":"<p>El estilo deportivo se combina con lo informal con estas sudaderas con capucha <strong>de aspecto lavado<\/strong>, confeccionadas con <strong>algod\u00f3n 100 % liviano<\/strong>. Con un <strong>calce c\u00f3modo para todos los d\u00edas<\/strong>, se convertir\u00e1 r\u00e1pidamente en tu prenda casual para todo uso. Confeccionado en mezcla de algod\u00f3n suave y c\u00e1lida con bolsillos laterales, capucha con cord\u00f3n para un ajuste personalizado y pu\u00f1os y dobladillo acanalados.<\/p>\n","protected":false},"featured_media":335949,"comment_status":"open","ping_status":"closed","template":"","meta":[],"product_brand":[],"product_cat":[2494,3165,2512,3071],"product_tag":[],"class_list":{"0":"post-336140","1":"product","2":"type-product","3":"status-publish","4":"has-post-thumbnail","6":"product_cat-hombres","7":"product_cat-industrial-2-0-es","8":"product_cat-sudaderas","9":"product_cat-sudaderas-con-capucha","10":"yith_product_brand-industrial-2-0-es","12":"first","13":"instock","14":"taxable","15":"shipping-taxable","16":"purchasable","17":"product-type-variable"},"exclude_global_add_ons":[],"addons":[],"_links":{"self":[{"href":"https:\/\/mnxsportswear.com\/es\/wp-json\/wp\/v2\/product\/336140","targetHints":{"allow":["GET"]}}],"collection":[{"href":"https:\/\/mnxsportswear.com\/es\/wp-json\/wp\/v2\/product"}],"about":[{"href":"https:\/\/mnxsportswear.com\/es\/wp-json\/wp\/v2\/types\/product"}],"replies":[{"embeddable":true,"href":"https:\/\/mnxsportswear.com\/es\/wp-json\/wp\/v2\/comments?post=336140"}],"version-history":[{"count":1,"href":"https:\/\/mnxsportswear.com\/es\/wp-json\/wp\/v2\/product\/336140\/revisions"}],"predecessor-version":[{"id":407034,"href":"https:\/\/mnxsportswear.com\/es\/wp-json\/wp\/v2\/product\/336140\/revisions\/407034"}],"wp:featuredmedia":[{"embeddable":true,"href":"https:\/\/mnxsportswear.com\/es\/wp-json\/wp\/v2\/media\/335949"}],"wp:attachment":[{"href":"https:\/\/mnxsportswear.com\/es\/wp-json\/wp\/v2\/media?parent=336140"}],"wp:term":[{"taxonomy":"product_brand","embeddable":true,"href":"https:\/\/mnxsportswear.com\/es\/wp-json\/wp\/v2\/product_brand?post=336140"},{"taxonomy":"product_cat","embeddable":true,"href":"https:\/\/mnxsportswear.com\/es\/wp-json\/wp\/v2\/product_cat?post=336140"},{"taxonomy":"product_tag","embeddable":true,"href":"https:\/\/mnxsportswear.com\/es\/wp-json\/wp\/v2\/product_tag?post=336140"}],"curies":[{"name":"wp","href":"https:\/\/api.w.org\/{rel}","templated":true}]}}