{"id":339042,"date":"2023-07-19T09:57:33","date_gmt":"2023-07-19T07:57:33","guid":{"rendered":"https:\/\/beta.mnxsportswear.com\/?post_type=product&#038;p=339042"},"modified":"2026-03-01T22:08:59","modified_gmt":"2026-03-01T21:08:59","slug":"mnx-womens-seamless-shorts-glam-beige","status":"publish","type":"product","link":"https:\/\/mnxsportswear.com\/es\/product\/mnx-womens-seamless-shorts-glam-beige\/","title":{"rendered":"MNX los pantalones cortos sin costuras de las mujeres, beige"},"content":{"rendered":"<p>Pantalones cortos elegantes y c\u00f3modos para tu wourkot.<\/p>\n<ul>\n<li>patr\u00f3n acanalado sin costuras,<\/li>\n<li>tela absorbente de sudor,<\/li>\n<li>ajuste de cintura alta,<\/li>\n<li>efecto push-up,<\/li>\n<li>100% a prueba de sentadillas.<\/li>\n<\/ul>\n<p><strong>Material:<\/strong> 69 % poliamida, 24 % poli\u00e9ster, 7 % elastano<br \/>\n<strong>Color:<\/strong> como se muestra<br \/>\n<strong>Tallas:<\/strong> S, M, L<\/p>\n","protected":false},"excerpt":{"rendered":"<p>Haz que tus entrenamientos sean un poco m\u00e1s c\u00f3modos y mucho m\u00e1s elegantes con estos pantalones cortos deportivos MNX sin costuras Glam. Con ajuste de talle alto, cinturilla acanalada de apoyo, tejido absorbente de sudor y contornos sin costuras para soportar una amplia gama de movimientos. Disponible en varios colores.<\/p>\n<p>&nbsp;<\/p>\n","protected":false},"featured_media":338844,"comment_status":"open","ping_status":"closed","template":"","meta":[],"product_brand":[],"product_cat":[2518,2516,3147],"product_tag":[],"class_list":{"0":"post-339042","1":"product","2":"type-product","3":"status-publish","4":"has-post-thumbnail","6":"product_cat-bermudas","7":"product_cat-mujer","8":"product_cat-seamless-es","10":"first","11":"instock","12":"sale","13":"taxable","14":"shipping-taxable","15":"purchasable","16":"product-type-variable"},"exclude_global_add_ons":[],"addons":[],"_links":{"self":[{"href":"https:\/\/mnxsportswear.com\/es\/wp-json\/wp\/v2\/product\/339042","targetHints":{"allow":["GET"]}}],"collection":[{"href":"https:\/\/mnxsportswear.com\/es\/wp-json\/wp\/v2\/product"}],"about":[{"href":"https:\/\/mnxsportswear.com\/es\/wp-json\/wp\/v2\/types\/product"}],"replies":[{"embeddable":true,"href":"https:\/\/mnxsportswear.com\/es\/wp-json\/wp\/v2\/comments?post=339042"}],"version-history":[{"count":0,"href":"https:\/\/mnxsportswear.com\/es\/wp-json\/wp\/v2\/product\/339042\/revisions"}],"wp:featuredmedia":[{"embeddable":true,"href":"https:\/\/mnxsportswear.com\/es\/wp-json\/wp\/v2\/media\/338844"}],"wp:attachment":[{"href":"https:\/\/mnxsportswear.com\/es\/wp-json\/wp\/v2\/media?parent=339042"}],"wp:term":[{"taxonomy":"product_brand","embeddable":true,"href":"https:\/\/mnxsportswear.com\/es\/wp-json\/wp\/v2\/product_brand?post=339042"},{"taxonomy":"product_cat","embeddable":true,"href":"https:\/\/mnxsportswear.com\/es\/wp-json\/wp\/v2\/product_cat?post=339042"},{"taxonomy":"product_tag","embeddable":true,"href":"https:\/\/mnxsportswear.com\/es\/wp-json\/wp\/v2\/product_tag?post=339042"}],"curies":[{"name":"wp","href":"https:\/\/api.w.org\/{rel}","templated":true}]}}