{"id":356492,"date":"2023-09-20T08:36:12","date_gmt":"2023-09-20T06:36:12","guid":{"rendered":"https:\/\/mnxsportswear.com\/?post_type=product&#038;p=356492"},"modified":"2026-03-01T18:55:15","modified_gmt":"2026-03-01T17:55:15","slug":"mnx-pantalon-deportivo-de-hombre-rojo-oscuro","status":"publish","type":"product","link":"https:\/\/mnxsportswear.com\/es\/product\/mnx-pantalon-deportivo-de-hombre-rojo-oscuro\/","title":{"rendered":"MNX Pantal\u00f3n deportivo de hombre, rojo oscuro"},"content":{"rendered":"<p>Pantal\u00f3n deportivo para hombre.<\/p>\n<ul>\n<li>material c\u00f3modo,<\/li>\n<li>ajuste normal,<\/li>\n<li>pu\u00f1os el\u00e1sticos en los tobillos,<\/li>\n<li>bolsillos con cremallera,<\/li>\n<li>rayas de costura lateral,<\/li>\n<li>cord\u00f3n ajustable en la cintura.<\/li>\n<\/ul>\n<p>Material: 85 % poli\u00e9ster, 15 % elast\u00e1n (5 % encogimiento)<br \/>\nColor: como se muestra<br \/>\nTallas: S, M, L, XL, XXL, 3XL<br \/>\nEstilo: cl\u00e1sico<br \/>\nPeso aproximado. 600 gramos<\/p>\n","protected":false},"excerpt":{"rendered":"<p>Estos pantalones deportivos ofrecen mucho estilo y comodidad. Con corte est\u00e1ndar, rayas en costuras laterales y pu\u00f1os el\u00e1sticos en los tobillos. Con cord\u00f3n ajustable en la cintura para un ajuste personalizado y bolsillos con cremallera para guardar tus elementos esenciales.<\/p>\n","protected":false},"featured_media":357980,"comment_status":"open","ping_status":"closed","template":"","meta":[],"product_brand":[],"product_cat":[3077,2494,2513,3588],"product_tag":[],"class_list":{"0":"post-356492","1":"product","2":"type-product","3":"status-publish","4":"has-post-thumbnail","6":"product_cat-corredoras","7":"product_cat-hombres","8":"product_cat-pantalones-largos","9":"product_cat-repoblar","11":"first","12":"instock","13":"taxable","14":"shipping-taxable","15":"purchasable","16":"product-type-variable"},"exclude_global_add_ons":[],"addons":[],"_links":{"self":[{"href":"https:\/\/mnxsportswear.com\/es\/wp-json\/wp\/v2\/product\/356492","targetHints":{"allow":["GET"]}}],"collection":[{"href":"https:\/\/mnxsportswear.com\/es\/wp-json\/wp\/v2\/product"}],"about":[{"href":"https:\/\/mnxsportswear.com\/es\/wp-json\/wp\/v2\/types\/product"}],"replies":[{"embeddable":true,"href":"https:\/\/mnxsportswear.com\/es\/wp-json\/wp\/v2\/comments?post=356492"}],"version-history":[{"count":1,"href":"https:\/\/mnxsportswear.com\/es\/wp-json\/wp\/v2\/product\/356492\/revisions"}],"predecessor-version":[{"id":407024,"href":"https:\/\/mnxsportswear.com\/es\/wp-json\/wp\/v2\/product\/356492\/revisions\/407024"}],"wp:featuredmedia":[{"embeddable":true,"href":"https:\/\/mnxsportswear.com\/es\/wp-json\/wp\/v2\/media\/357980"}],"wp:attachment":[{"href":"https:\/\/mnxsportswear.com\/es\/wp-json\/wp\/v2\/media?parent=356492"}],"wp:term":[{"taxonomy":"product_brand","embeddable":true,"href":"https:\/\/mnxsportswear.com\/es\/wp-json\/wp\/v2\/product_brand?post=356492"},{"taxonomy":"product_cat","embeddable":true,"href":"https:\/\/mnxsportswear.com\/es\/wp-json\/wp\/v2\/product_cat?post=356492"},{"taxonomy":"product_tag","embeddable":true,"href":"https:\/\/mnxsportswear.com\/es\/wp-json\/wp\/v2\/product_tag?post=356492"}],"curies":[{"name":"wp","href":"https:\/\/api.w.org\/{rel}","templated":true}]}}