{"id":359702,"date":"2000-11-10T23:35:32","date_gmt":"2000-11-10T22:35:32","guid":{"rendered":"https:\/\/mnxsportswear.com\/product\/mnx-camo-cotton-shorts\/"},"modified":"2026-03-01T18:24:45","modified_gmt":"2026-03-01T17:24:45","slug":"mnx-camo-cotton-shorts","status":"publish","type":"product","link":"https:\/\/mnxsportswear.com\/es\/product\/mnx-camo-cotton-shorts\/","title":{"rendered":"MNX Shorts de algod\u00f3n de camuflaje"},"content":{"rendered":"<p>Pantal\u00f3n corto MNX de estilo militar.<\/p>\n<p><strong>Material:<\/strong> 100% algod\u00f3n<br \/>\n<strong>Color:<\/strong> como se muestra<br \/>\n<strong>Tallas:<\/strong> S, M, L, XL, XXL, 3XL, 4XL<\/p>\n<ul>\n<li>pantalones cortos ligeros,<\/li>\n<li>Cintura el\u00e1stica con elegante cord\u00f3n.<\/li>\n<li>Bolsillos laterales, uno trasero y bolsillos cargo especiales tipo parche.<\/li>\n<\/ul>\n<p>&nbsp;<\/p>\n<p>El modelo en la foto (185cm \/ 110kg) lleva talla XXL.<\/p>\n<p>&nbsp;<\/p>\n","protected":false},"excerpt":{"rendered":"<p>Pantal\u00f3n corto ligero MNX Camo, confeccionado en 100% algod\u00f3n. Cintura el\u00e1stica con elegante cord\u00f3n. Bolsillos laterales, uno trasero y bolsillos cargo especiales tipo parche. Los pantalones cortos est\u00e1n estampados con un patr\u00f3n de camuflaje exclusivo inspirado en MNX.<\/p>\n","protected":false},"featured_media":358850,"comment_status":"open","ping_status":"closed","template":"","meta":[],"product_brand":[],"product_cat":[2494,2505],"product_tag":[],"class_list":{"0":"post-359702","1":"product","2":"type-product","3":"status-publish","4":"has-post-thumbnail","6":"product_cat-hombres","7":"product_cat-pantalones-cortos","9":"first","10":"instock","11":"sale","12":"taxable","13":"shipping-taxable","14":"purchasable","15":"product-type-variable"},"exclude_global_add_ons":[],"addons":[],"_links":{"self":[{"href":"https:\/\/mnxsportswear.com\/es\/wp-json\/wp\/v2\/product\/359702","targetHints":{"allow":["GET"]}}],"collection":[{"href":"https:\/\/mnxsportswear.com\/es\/wp-json\/wp\/v2\/product"}],"about":[{"href":"https:\/\/mnxsportswear.com\/es\/wp-json\/wp\/v2\/types\/product"}],"replies":[{"embeddable":true,"href":"https:\/\/mnxsportswear.com\/es\/wp-json\/wp\/v2\/comments?post=359702"}],"version-history":[{"count":0,"href":"https:\/\/mnxsportswear.com\/es\/wp-json\/wp\/v2\/product\/359702\/revisions"}],"wp:featuredmedia":[{"embeddable":true,"href":"https:\/\/mnxsportswear.com\/es\/wp-json\/wp\/v2\/media\/358850"}],"wp:attachment":[{"href":"https:\/\/mnxsportswear.com\/es\/wp-json\/wp\/v2\/media?parent=359702"}],"wp:term":[{"taxonomy":"product_brand","embeddable":true,"href":"https:\/\/mnxsportswear.com\/es\/wp-json\/wp\/v2\/product_brand?post=359702"},{"taxonomy":"product_cat","embeddable":true,"href":"https:\/\/mnxsportswear.com\/es\/wp-json\/wp\/v2\/product_cat?post=359702"},{"taxonomy":"product_tag","embeddable":true,"href":"https:\/\/mnxsportswear.com\/es\/wp-json\/wp\/v2\/product_tag?post=359702"}],"curies":[{"name":"wp","href":"https:\/\/api.w.org\/{rel}","templated":true}]}}