{"id":359973,"date":"1990-11-10T23:35:34","date_gmt":"1990-11-10T22:35:34","guid":{"rendered":"https:\/\/mnxsportswear.com\/product\/mnx-hooded-tank-top-double-black\/"},"modified":"2026-03-01T18:55:42","modified_gmt":"2026-03-01T17:55:42","slug":"mnx-hooded-tank-top-double-black","status":"publish","type":"product","link":"https:\/\/mnxsportswear.com\/es\/product\/mnx-hooded-tank-top-double-black\/","title":{"rendered":"MNX Camiseta sin mangas con capucha Classic"},"content":{"rendered":"<p>Camiseta sin mangas con capucha MNX.<\/p>\n<p><strong>Material:<\/strong> 50% algod\u00f3n, 50% poli\u00e9ster<br \/>\n<strong>Color:<\/strong> como se muestra<br \/>\n<strong>Estilo:<\/strong> de gran tama\u00f1o<br \/>\n<strong>Peso<\/strong> aproximado. 240 gramos<br \/>\n<strong>Tallas:<\/strong> S, M, L, XL, 2XL, 3XL<\/p>\n<p><em>La modelo de la foto (185 cm, 115 kg) lleva la talla XXL.<\/em><\/p>\n","protected":false},"excerpt":{"rendered":"<p>Libera tus brazos con esta c\u00f3moda y elegante camiseta sin mangas con capucha MNX en negro. Tejido de algod\u00f3n en la parte delantera y tejido de malla transpirable en la parte trasera. Impresi\u00f3n MNX detallada y original y logotipo de goma en el frente.<\/p>\n","protected":false},"featured_media":359261,"comment_status":"open","ping_status":"closed","template":"","meta":[],"product_brand":[],"product_cat":[2511,2494],"product_tag":[],"class_list":{"0":"post-359973","1":"product","2":"type-product","3":"status-publish","4":"has-post-thumbnail","6":"product_cat-camisetas-sin-mangas","7":"product_cat-hombres","9":"first","10":"outofstock","11":"sale","12":"taxable","13":"shipping-taxable","14":"purchasable","15":"product-type-variable"},"exclude_global_add_ons":[],"addons":[],"_links":{"self":[{"href":"https:\/\/mnxsportswear.com\/es\/wp-json\/wp\/v2\/product\/359973","targetHints":{"allow":["GET"]}}],"collection":[{"href":"https:\/\/mnxsportswear.com\/es\/wp-json\/wp\/v2\/product"}],"about":[{"href":"https:\/\/mnxsportswear.com\/es\/wp-json\/wp\/v2\/types\/product"}],"replies":[{"embeddable":true,"href":"https:\/\/mnxsportswear.com\/es\/wp-json\/wp\/v2\/comments?post=359973"}],"version-history":[{"count":0,"href":"https:\/\/mnxsportswear.com\/es\/wp-json\/wp\/v2\/product\/359973\/revisions"}],"wp:featuredmedia":[{"embeddable":true,"href":"https:\/\/mnxsportswear.com\/es\/wp-json\/wp\/v2\/media\/359261"}],"wp:attachment":[{"href":"https:\/\/mnxsportswear.com\/es\/wp-json\/wp\/v2\/media?parent=359973"}],"wp:term":[{"taxonomy":"product_brand","embeddable":true,"href":"https:\/\/mnxsportswear.com\/es\/wp-json\/wp\/v2\/product_brand?post=359973"},{"taxonomy":"product_cat","embeddable":true,"href":"https:\/\/mnxsportswear.com\/es\/wp-json\/wp\/v2\/product_cat?post=359973"},{"taxonomy":"product_tag","embeddable":true,"href":"https:\/\/mnxsportswear.com\/es\/wp-json\/wp\/v2\/product_tag?post=359973"}],"curies":[{"name":"wp","href":"https:\/\/api.w.org\/{rel}","templated":true}]}}