{"id":360047,"date":"2000-11-10T23:35:33","date_gmt":"2000-11-10T22:35:33","guid":{"rendered":"https:\/\/mnxsportswear.com\/product\/mnx-cotton-shorts-the-core-red\/"},"modified":"2026-03-01T18:55:42","modified_gmt":"2026-03-01T17:55:42","slug":"mnx-cotton-shorts-the-core-red","status":"publish","type":"product","link":"https:\/\/mnxsportswear.com\/es\/product\/mnx-cotton-shorts-the-core-red\/","title":{"rendered":"MNX Pantal\u00f3n corto de algod\u00f3n The Core rojo"},"content":{"rendered":"<p><strong>Material:<\/strong> 100% algod\u00f3n<br \/>\n<strong>Color:<\/strong> como se muestra<br \/>\n<strong>Tallas:<\/strong> S, M, L, XL, 2XL, 3XL<\/p>\n<p><strong>Detalles:<\/strong><br \/>\n&#8211; 2 bolsillos en la parte delantera,<br \/>\n&#8211; 1 bolsillo en la espalda,<br \/>\n&#8211; pantalones cortos de baloncesto,<br \/>\n&#8211; extremadamente c\u00f3modo.<\/p>\n<p>La modelo de la foto (185 cm, 115 kg) lleva la talla 3XL.<\/p>\n","protected":false},"excerpt":{"rendered":"<p>Pantal\u00f3n corto de algod\u00f3n MNX Los core en color rojo est\u00e1n confeccionados en 100% algod\u00f3n. Bolsillos grandes delante y uno detr\u00e1s. Cintura el\u00e1stica con cord\u00f3n interior para un ajuste regulable. Parche bordado &#8220;The Core&#8221; en la parte delantera y trasera. Cord\u00f3n negro y parte inferior de los pantalones cortos.<\/p>\n","protected":false},"featured_media":358932,"comment_status":"open","ping_status":"closed","template":"","meta":[],"product_brand":[],"product_cat":[2494,2505],"product_tag":[],"class_list":{"0":"post-360047","1":"product","2":"type-product","3":"status-publish","4":"has-post-thumbnail","6":"product_cat-hombres","7":"product_cat-pantalones-cortos","9":"first","10":"outofstock","11":"sale","12":"taxable","13":"shipping-taxable","14":"purchasable","15":"product-type-variable"},"exclude_global_add_ons":[],"addons":[],"_links":{"self":[{"href":"https:\/\/mnxsportswear.com\/es\/wp-json\/wp\/v2\/product\/360047","targetHints":{"allow":["GET"]}}],"collection":[{"href":"https:\/\/mnxsportswear.com\/es\/wp-json\/wp\/v2\/product"}],"about":[{"href":"https:\/\/mnxsportswear.com\/es\/wp-json\/wp\/v2\/types\/product"}],"replies":[{"embeddable":true,"href":"https:\/\/mnxsportswear.com\/es\/wp-json\/wp\/v2\/comments?post=360047"}],"version-history":[{"count":0,"href":"https:\/\/mnxsportswear.com\/es\/wp-json\/wp\/v2\/product\/360047\/revisions"}],"wp:featuredmedia":[{"embeddable":true,"href":"https:\/\/mnxsportswear.com\/es\/wp-json\/wp\/v2\/media\/358932"}],"wp:attachment":[{"href":"https:\/\/mnxsportswear.com\/es\/wp-json\/wp\/v2\/media?parent=360047"}],"wp:term":[{"taxonomy":"product_brand","embeddable":true,"href":"https:\/\/mnxsportswear.com\/es\/wp-json\/wp\/v2\/product_brand?post=360047"},{"taxonomy":"product_cat","embeddable":true,"href":"https:\/\/mnxsportswear.com\/es\/wp-json\/wp\/v2\/product_cat?post=360047"},{"taxonomy":"product_tag","embeddable":true,"href":"https:\/\/mnxsportswear.com\/es\/wp-json\/wp\/v2\/product_tag?post=360047"}],"curies":[{"name":"wp","href":"https:\/\/api.w.org\/{rel}","templated":true}]}}